{"id":491,"date":"2025-01-23T08:00:51","date_gmt":"2025-01-23T08:00:51","guid":{"rendered":"https:\/\/viajesymas.com.es\/index.php\/producto\/b0cyzhhqz5\/"},"modified":"2025-01-23T08:00:51","modified_gmt":"2025-01-23T08:00:51","slug":"b0cyzhhqz5","status":"publish","type":"product","link":"https:\/\/viajesymas.com.es\/index.php\/producto\/b0cyzhhqz5\/","title":{"rendered":"B0CYZHHQZ5"},"content":{"rendered":"<p>&#8211; \u301049 Piezas Llave Dinamom\u00e9trica Set\u3011la llave dinamom\u00e9trica con m\u00faltiples accesorios incluye: 1*1\/4\u00bb llave dinamom\u00e9trica, 1*1\/4\u00bb extensi\u00f3n 75mm, 1*1\/4\u00bb-3\/8\u00bb adaptador, 1*1\/4\u00bb adaptador puntas, 1*1\/4\u00bb adaptador puntas cambio r\u00e1pido, 14*1\/4\u00bb vasos: 4, 4.5, 5, 5.5, 6, 7, 8, 9, 10, 11, 12, 13, 14, 15mm, 10*1\/4\u00bb puntas largas: H2, H2.5, H3, H4, H5, H6, T10, T15, T25, PH2, 20*1\/4\u00bb puntas cortas: H1.5, H2, H2.5, H3, H4, H5, H6, H8, PH1, PH2, H10, T6, T7, T8, T9, T10, T15, T20, T25, T30.<br \/>\n&#8211; \u3010Seguro y Confiable\u3011Cuando la llave dinamom\u00e9trica bicicleta alcanza el valor de torsi\u00f3n preestablecido, emite un claro sonido de \u00abclic\u00bb, acompa\u00f1ado de una clara vibraci\u00f3n de la mano, que le recuerda que debe dejar de aplicar fuerza. Cuando ajuste un par bajo, util\u00edcelo en un lugar tranquilo para evitar que el sonido de clic sea demasiado bajo para escucharlo.<br \/>\n&#8211; \u3010Dos Direcciones Ajustables\u3011Cada llave dinamom\u00e9trica 1\/4 est\u00e1 calibrada profesionalmente con un rango de error de \u00b13%. Cabezal de trinquete conmutable de 72 dientes, utilizable tanto a la izquierda como a la derecha. El cabezal de la llave dinamom\u00e9trica est\u00e1 equipado con un bot\u00f3n de bloqueo r\u00e1pido, con el que se puede instalar y reemplazar r\u00e1pidamente el casquillo, lo cual es muy pr\u00e1ctico.<br \/>\n&#8211; \u3010Alta Calidad Material\u3011Esta peque\u00f1a llave dinamom\u00e9trica utiliza 40Cr alto con acero CR-MO resistente en el mango, as\u00ed como contenido de material de alta calidad y corrosi\u00f3n. El mango exquisito y hermoso puede prevenir eficazmente resbalones, ahorrar tiempo y esfuerzo y mejorar la eficiencia del trabajo. Cuando no est\u00e9 en uso, ajuste la llave al valor de torsi\u00f3n m\u00ednimo.<br \/>\n&#8211; \u3010Ampliamente Utilizado\u3011 La llave dinamom\u00e9trica moto se utiliza a menudo para el mantenimiento de bicicletas, bicicletas de monta\u00f1a y motores. Es adecuado para potencias, terminales de sill\u00edn, terminales de palanca, pedales y juegos de cadenas. Puede satisfacer sus necesidades en las \u00e1reas de tornillos de rueda, tuercas de rueda, instalaci\u00f3n de dispositivos, ingenier\u00eda el\u00e9ctrica, etc. Si tiene problemas de uso, cont\u00e1ctenos en cualquier momento.<\/p>\n","protected":false},"excerpt":{"rendered":"<p>VANPO Llave Dinamom\u00e9trica 1\/4&#8243;, 3-25Nm Llave de Torque, Precisi\u00f3n \u00b13%, 49 Piezas Juego Llaves Vaso con 75mm Barra de Extensi\u00f3n, Vasos, 1\/4&#8243;-3\/8&#8243; Adaptador, 1\/4&#8243; Bits Adapter para Bicicleta, Moto<br \/>\n<br \/>\n#Publicidad<\/p>\n","protected":false},"featured_media":490,"comment_status":"open","ping_status":"closed","template":"","meta":[],"product_cat":[15],"product_tag":[],"class_list":{"0":"post-491","1":"product","2":"type-product","3":"status-publish","4":"has-post-thumbnail","6":"product_cat-sin-categorizar","8":"first","9":"instock","10":"shipping-taxable","11":"product-type-external"},"_links":{"self":[{"href":"https:\/\/viajesymas.com.es\/index.php\/wp-json\/wp\/v2\/product\/491","targetHints":{"allow":["GET"]}}],"collection":[{"href":"https:\/\/viajesymas.com.es\/index.php\/wp-json\/wp\/v2\/product"}],"about":[{"href":"https:\/\/viajesymas.com.es\/index.php\/wp-json\/wp\/v2\/types\/product"}],"replies":[{"embeddable":true,"href":"https:\/\/viajesymas.com.es\/index.php\/wp-json\/wp\/v2\/comments?post=491"}],"wp:featuredmedia":[{"embeddable":true,"href":"https:\/\/viajesymas.com.es\/index.php\/wp-json\/wp\/v2\/media\/490"}],"wp:attachment":[{"href":"https:\/\/viajesymas.com.es\/index.php\/wp-json\/wp\/v2\/media?parent=491"}],"wp:term":[{"taxonomy":"product_cat","embeddable":true,"href":"https:\/\/viajesymas.com.es\/index.php\/wp-json\/wp\/v2\/product_cat?post=491"},{"taxonomy":"product_tag","embeddable":true,"href":"https:\/\/viajesymas.com.es\/index.php\/wp-json\/wp\/v2\/product_tag?post=491"}],"curies":[{"name":"wp","href":"https:\/\/api.w.org\/{rel}","templated":true}]}}