{"id":467,"date":"2025-01-20T16:12:53","date_gmt":"2025-01-20T16:12:53","guid":{"rendered":"https:\/\/viajesymas.com.es\/index.php\/producto\/b0d537ktkn\/"},"modified":"2025-01-20T16:12:53","modified_gmt":"2025-01-20T16:12:53","slug":"b0d537ktkn","status":"publish","type":"product","link":"https:\/\/viajesymas.com.es\/index.php\/producto\/b0d537ktkn\/","title":{"rendered":"B0D537KTKN"},"content":{"rendered":"<p>&#8211; Autopropulsada para una f\u00e1cil navegaci\u00f3n: La Eureka NEW430 aspiradora seco y humedo simplifica la limpieza con su funcionalidad autopropulsada y su dise\u00f1o ligero de 3,7 kg, garantizando una navegaci\u00f3n sin esfuerzo. Su cabezal flexible y direcci\u00f3n pivotante permiten llegar a lugares estrechos sin esfuerzo, mejorando la maniobrabilidad y la facilidad de uso.<br \/>\n&#8211; Autolimpieza y autosecado para un mantenimiento sin esfuerzo: Active el ciclo de autolimpieza sin complicaciones con s\u00f3lo pulsar un bot\u00f3n durante 3 segundos, garantizando que la mopa se mantenga impecable sin necesidad de manipular rodillos sucios. El proceso de limpieza incluye m\u00faltiples chorros de agua para limpiar y aclarar a fondo el cepillo del rodillo. Esta innovadora caracter\u00edstica concluye con un mecanismo de secado al aire para evitar olores y mantener el cepillo de rodillo fresco y listo para su pr\u00f3xima sesi\u00f3n de limpieza.<br \/>\n&#8211; Caracter\u00edsticas de dise\u00f1o inteligente: La NEW430 fregona electrica sin cable cuenta con una pantalla LED para ver en tiempo real los modos de limpieza y la informaci\u00f3n sobre la duraci\u00f3n de la bater\u00eda. Su mango ergon\u00f3mico y la navegaci\u00f3n por voz permiten un funcionamiento manos libres, reduciendo el esfuerzo. La tecnolog\u00eda inteligente avisa cuando el dep\u00f3sito de agua sucia est\u00e1 lleno y se apaga autom\u00e1ticamente para evitar el desbordamiento y la contaminaci\u00f3n. Tambi\u00e9n deja de funcionar cuando se deja en posici\u00f3n vertical para mejorar la seguridad y la eficacia.<br \/>\n&#8211; Funci\u00f3n de limpieza de alta eficiencia 3 en 1: Revolucione su limpieza con la NEW430, que ofrece aspiraci\u00f3n, fregado y limpieza con agua. Elija entre los modos Turbo, Eco y Seco para hacer frente a la suciedad de manera eficiente. El modo Seco recoge el agua sucia sin dispensar agua limpia, ideal para charcos. Gracias a las tecnolog\u00edas de pulverizaci\u00f3n, cepillado y raspado de agua, consigue una eficacia de recuperaci\u00f3n del agua sucia superior al 90%. Disfrute de un secado r\u00e1pido en todo tipo de suelos.<br \/>\n&#8211; Dise\u00f1o Zero-Edge con antienredos para una limpieza perfecta de los bordes: El cepillo de rodillo de la NEW430 fregona electrica cuenta con un dise\u00f1o de \u00abborde cero\u00bb, lo que permite un rendimiento de limpieza excepcional a lo largo de las paredes y cerca de los z\u00f3calos. El innovador dise\u00f1o antienredos evita que el pelo se enrolle alrededor del cepillo de rodillo, garantizando una limpieza ininterrumpida y una limpieza completa.<br \/>\n&#8211; Doble dep\u00f3sito de agua m\u00e1s grande para una limpieza prolongada: Este dise\u00f1o cuenta con un dep\u00f3sito de agua limpia de 800 ml emparejado con un dep\u00f3sito de agua sucia de 450 ml, lo que garantiza el uso de agua fresca y no contaminada en cada ciclo de limpieza. Este sistema ayuda a mantener los m\u00e1s altos est\u00e1ndares de higiene, evitando cualquier contaminaci\u00f3n cruzada. Mejorado con una potente f\u00f3rmula desinfectante, neutraliza eficazmente los olores, por lo que es excepcionalmente adecuado para los due\u00f1os de mascotas.<br \/>\n&#8211; Compra segura: Est\u00e9 tranquilo con la ingenier\u00eda de alta calidad de EUREKA. Cada compra incluye la mopa aspiradora sin cable, una rejilla para accesorios, un cepillo de rodillo, una soluci\u00f3n limpiadora, una base y un conjunto de filtro (con 2 esponjas): todo lo necesario para empezar de inmediato.<\/p>\n","protected":false},"excerpt":{"rendered":"<p>Eureka RapidWash NEW430 Aspirador en Seco y H\u00famedo,Fregona Electrica sin Cable, Aspiradora Fregadora Multisuperficie, Pelo de mascota Limpieza de Bordes,Doble Dep\u00f3sito Agua,Navegaci\u00f3n por voz<br \/>\n<br \/>\n#Publicidad<\/p>\n","protected":false},"featured_media":466,"comment_status":"open","ping_status":"closed","template":"","meta":[],"product_cat":[15],"product_tag":[],"class_list":{"0":"post-467","1":"product","2":"type-product","3":"status-publish","4":"has-post-thumbnail","6":"product_cat-sin-categorizar","8":"first","9":"instock","10":"shipping-taxable","11":"product-type-external"},"_links":{"self":[{"href":"https:\/\/viajesymas.com.es\/index.php\/wp-json\/wp\/v2\/product\/467","targetHints":{"allow":["GET"]}}],"collection":[{"href":"https:\/\/viajesymas.com.es\/index.php\/wp-json\/wp\/v2\/product"}],"about":[{"href":"https:\/\/viajesymas.com.es\/index.php\/wp-json\/wp\/v2\/types\/product"}],"replies":[{"embeddable":true,"href":"https:\/\/viajesymas.com.es\/index.php\/wp-json\/wp\/v2\/comments?post=467"}],"wp:featuredmedia":[{"embeddable":true,"href":"https:\/\/viajesymas.com.es\/index.php\/wp-json\/wp\/v2\/media\/466"}],"wp:attachment":[{"href":"https:\/\/viajesymas.com.es\/index.php\/wp-json\/wp\/v2\/media?parent=467"}],"wp:term":[{"taxonomy":"product_cat","embeddable":true,"href":"https:\/\/viajesymas.com.es\/index.php\/wp-json\/wp\/v2\/product_cat?post=467"},{"taxonomy":"product_tag","embeddable":true,"href":"https:\/\/viajesymas.com.es\/index.php\/wp-json\/wp\/v2\/product_tag?post=467"}],"curies":[{"name":"wp","href":"https:\/\/api.w.org\/{rel}","templated":true}]}}