{"id":447,"date":"2025-01-18T00:00:38","date_gmt":"2025-01-18T00:00:38","guid":{"rendered":"https:\/\/viajesymas.com.es\/index.php\/producto\/b07h81bdgx\/"},"modified":"2025-01-18T00:00:38","modified_gmt":"2025-01-18T00:00:38","slug":"b07h81bdgx","status":"publish","type":"product","link":"https:\/\/viajesymas.com.es\/index.php\/producto\/b07h81bdgx\/","title":{"rendered":"B07H81BDGX"},"content":{"rendered":"<p>&#8211; Radiador de aceite RF 2000 de Orbegozo en color blanco con un dise\u00f1o pr\u00e1ctico y compacto con 2000 W de potencia que proporciona un calor agradable y uniforme<br \/>\n&#8211; Sistema de protecci\u00f3n contra sobrecalentamiento que apaga el aparato si excede la temperatura adecuada garantizando la m\u00e1xima seguridad<br \/>\n&#8211; Termofusible de seguridad con limitador y piloto luminoso de encendido con el que estar al tanto del estado y funcionamiento del aparato<br \/>\n&#8211; Termostato regulable de alta precisi\u00f3n con el que podr\u00e1s seleccionar la temperatura que mejor se ajuste a tus necesidades en cada momento<br \/>\n&#8211; 4 ruedas pivotantes, asa para transporte y recoge cables que proporcionan un c\u00f3modo manejo y uso del aparato, as\u00ed como un guardado libre de complicaciones<\/p>\n","protected":false},"excerpt":{"rendered":"<p>Orbegozo RF 2000 Radiador de Aceite, 2000W de Potencia, construcci\u00f3n Modular de 9 Elementos y dise\u00f1o en Color Blanco, Pl\u00e1stico<br \/>\n<br \/>\n#Publicidad<\/p>\n","protected":false},"featured_media":446,"comment_status":"open","ping_status":"closed","template":"","meta":[],"product_cat":[15],"product_tag":[],"class_list":{"0":"post-447","1":"product","2":"type-product","3":"status-publish","4":"has-post-thumbnail","6":"product_cat-sin-categorizar","8":"first","9":"instock","10":"shipping-taxable","11":"product-type-external"},"_links":{"self":[{"href":"https:\/\/viajesymas.com.es\/index.php\/wp-json\/wp\/v2\/product\/447","targetHints":{"allow":["GET"]}}],"collection":[{"href":"https:\/\/viajesymas.com.es\/index.php\/wp-json\/wp\/v2\/product"}],"about":[{"href":"https:\/\/viajesymas.com.es\/index.php\/wp-json\/wp\/v2\/types\/product"}],"replies":[{"embeddable":true,"href":"https:\/\/viajesymas.com.es\/index.php\/wp-json\/wp\/v2\/comments?post=447"}],"wp:featuredmedia":[{"embeddable":true,"href":"https:\/\/viajesymas.com.es\/index.php\/wp-json\/wp\/v2\/media\/446"}],"wp:attachment":[{"href":"https:\/\/viajesymas.com.es\/index.php\/wp-json\/wp\/v2\/media?parent=447"}],"wp:term":[{"taxonomy":"product_cat","embeddable":true,"href":"https:\/\/viajesymas.com.es\/index.php\/wp-json\/wp\/v2\/product_cat?post=447"},{"taxonomy":"product_tag","embeddable":true,"href":"https:\/\/viajesymas.com.es\/index.php\/wp-json\/wp\/v2\/product_tag?post=447"}],"curies":[{"name":"wp","href":"https:\/\/api.w.org\/{rel}","templated":true}]}}