{"id":427,"date":"2025-01-13T16:00:52","date_gmt":"2025-01-13T16:00:52","guid":{"rendered":"https:\/\/viajesymas.com.es\/index.php\/producto\/b09883vgg9\/"},"modified":"2025-01-13T16:00:52","modified_gmt":"2025-01-13T16:00:52","slug":"b09883vgg9","status":"publish","type":"product","link":"https:\/\/viajesymas.com.es\/index.php\/producto\/b09883vgg9\/","title":{"rendered":"B09883VGG9"},"content":{"rendered":"<p>&#8211; Gran potencia de 60 W, con motor de cobre de alto rendimiento que aumenta el caudal de aire y la sensaci\u00f3n de frescor, con la m\u00e1xima fiabilidad y durabilidad.<br \/>\n&#8211; Ampl\u00edo di\u00e1metro de 52 pulgadas (132 cm) que aumentan la cobertura de aire fresco en la estancia. Sistema formado por 4 aspas totalmente innovadoras y aerodin\u00e1micas, dise\u00f1adas para maximizar el flujo de aire y garantizar un caudal constante de aire fresco.<br \/>\n&#8211; El ventilador integra una l\u00e1mpara LED que lo convierte en un pr\u00e1ctico equipo h\u00edbrido. Consigue luz y un ambiente perfecto en tu hogar de la forma m\u00e1s eficaz y asequible. Selecciona entre sus 3 colores disponibles.<br \/>\n&#8211; C\u00f3modo y sencillo control gracias a su mando a distancia, desde el cual seleccionar el funcionamiento del ventilador. Podr\u00e1s elegir entre 3 velocidades de funcionamiento (Low, Medium y High), adecuando la intensidad del caudal de aire a tus necesidades. Su temporizador permite seleccionar 1, 4 u 8 horas de funcionamiento, tras el cual el ventilador se apagar\u00e1.<br \/>\n&#8211; El ventilador dispone de un sistema de inversi\u00f3n de giro del motor para realizar la funci\u00f3n Verano\/Invierno. Mediante un conmutador se selecciona el sentido de rotaci\u00f3n de las aspas, en un sentido en Verano para generar una agradable brisa y en sentido contrario en Invierno para impulsar el aire caliente concentrado en el techo hacia el suelo, perfecto para complementar tu sistema de calefacci\u00f3n.<\/p>\n","protected":false},"excerpt":{"rendered":"<p>Cecotec Ventilador de Techo con Mando a Distancia, Temporizador y Luz LED EnergySilence Aero 5200 White Line. 60 W, Motor de Cobre, 52&#8243;, 4 Aspas, 3 Velocidades, Funci\u00f3n Invierno<br \/>\n<br \/>\n#Publicidad<\/p>\n","protected":false},"featured_media":426,"comment_status":"open","ping_status":"closed","template":"","meta":[],"product_cat":[15],"product_tag":[],"class_list":{"0":"post-427","1":"product","2":"type-product","3":"status-publish","4":"has-post-thumbnail","6":"product_cat-sin-categorizar","8":"first","9":"instock","10":"shipping-taxable","11":"product-type-external"},"_links":{"self":[{"href":"https:\/\/viajesymas.com.es\/index.php\/wp-json\/wp\/v2\/product\/427","targetHints":{"allow":["GET"]}}],"collection":[{"href":"https:\/\/viajesymas.com.es\/index.php\/wp-json\/wp\/v2\/product"}],"about":[{"href":"https:\/\/viajesymas.com.es\/index.php\/wp-json\/wp\/v2\/types\/product"}],"replies":[{"embeddable":true,"href":"https:\/\/viajesymas.com.es\/index.php\/wp-json\/wp\/v2\/comments?post=427"}],"wp:featuredmedia":[{"embeddable":true,"href":"https:\/\/viajesymas.com.es\/index.php\/wp-json\/wp\/v2\/media\/426"}],"wp:attachment":[{"href":"https:\/\/viajesymas.com.es\/index.php\/wp-json\/wp\/v2\/media?parent=427"}],"wp:term":[{"taxonomy":"product_cat","embeddable":true,"href":"https:\/\/viajesymas.com.es\/index.php\/wp-json\/wp\/v2\/product_cat?post=427"},{"taxonomy":"product_tag","embeddable":true,"href":"https:\/\/viajesymas.com.es\/index.php\/wp-json\/wp\/v2\/product_tag?post=427"}],"curies":[{"name":"wp","href":"https:\/\/api.w.org\/{rel}","templated":true}]}}