{"id":412,"date":"2025-01-11T08:00:41","date_gmt":"2025-01-11T08:00:41","guid":{"rendered":"https:\/\/viajesymas.com.es\/index.php\/producto\/b0cjygzygm\/"},"modified":"2025-01-11T08:00:41","modified_gmt":"2025-01-11T08:00:41","slug":"b0cjygzygm","status":"publish","type":"product","link":"https:\/\/viajesymas.com.es\/index.php\/producto\/b0cjygzygm\/","title":{"rendered":"B0CJYGZYGM"},"content":{"rendered":"<p>&#8211; \u3010Altura ajustable para mayor versatilidad\u3011Personalice sus posiciones de trabajo y sentado con 2 caracter\u00edsticas preestablecidas de altura ajustable, que van desde 72cm hasta 117cm (adecuado para la mayor\u00eda de las personas). Tanto si prefiere estar de pie o sentado, este escritorio de ordenador promueve la comodidad y la productividad.<br \/>\n&#8211; \u3010Estilo moderno cl\u00e1sico de mediados de siglo\u3011Con detalles atractivos,nuestro escritorio de pie aplica el concepto de dise\u00f1o industrial dedicado a crear una escena cl\u00e1sica en los hogares. Los tableros dobles quitan la frialdad tecnol\u00f3gica y a\u00f1aden belleza a este escritorio ajustable.<br \/>\n&#8211; \u3010Estantes multifuncionales para monitor\u3011Las pr\u00e1cticas varias superficies de trabajo en 120cm\/140cm\/160cm proporcionan amplios espacios y multiselecciones. Con el dise\u00f1o ergon\u00f3mico del soporte del monitor, que tambi\u00e9n se puede utilizar como un c\u00fabico de almacenamiento abierto, dar m\u00e1s espacio para el almacenamiento y la organizaci\u00f3n en las oficinas en casa. Puede elegir colocar o quitar el soporte del monitor, tambi\u00e9n se puede utilizar como un estante de almacenamiento.<br \/>\n&#8211; \u3010S\u00f3lido y Fiable\u3011S\u00f3lida construcci\u00f3n y patas especiales deisgned con marco de acero resistente de grado industrial, contribuye una capacidad de carga de 60KG (incluyendo el escritorio) en condiciones est\u00e1ticas. Puede soportar equipos y proporcionar un espacio de trabajo fiable.<br \/>\n&#8211; \u3010Simple Montaje\u3011Nuestro escritorio el\u00e9ctrico viene en un embalaje de una caja que es conveniente para usted, tambi\u00e9n reduce la carga ambiental. Contribuyendo a la protecci\u00f3n del planeta. Las piezas numeradas y las instrucciones f\u00e1ciles de seguir le ayudan a ensamblar la mesa de pie de manera eficiente.<\/p>\n","protected":false},"excerpt":{"rendered":"<p>TRIUMPHKEY Escritorio de pie Ajustable en Altura con estantes para Monitor 140x60cm Escritorio de pie el\u00e9ctrico Ajustable en Altura Estante de Almacenamiento Home Office Tablero de Empalme Marr\u00f3n<br \/>\n<br \/>\n#Publicidad<\/p>\n","protected":false},"featured_media":411,"comment_status":"open","ping_status":"closed","template":"","meta":[],"product_cat":[15],"product_tag":[],"class_list":{"0":"post-412","1":"product","2":"type-product","3":"status-publish","4":"has-post-thumbnail","6":"product_cat-sin-categorizar","8":"first","9":"instock","10":"shipping-taxable","11":"product-type-external"},"_links":{"self":[{"href":"https:\/\/viajesymas.com.es\/index.php\/wp-json\/wp\/v2\/product\/412","targetHints":{"allow":["GET"]}}],"collection":[{"href":"https:\/\/viajesymas.com.es\/index.php\/wp-json\/wp\/v2\/product"}],"about":[{"href":"https:\/\/viajesymas.com.es\/index.php\/wp-json\/wp\/v2\/types\/product"}],"replies":[{"embeddable":true,"href":"https:\/\/viajesymas.com.es\/index.php\/wp-json\/wp\/v2\/comments?post=412"}],"wp:featuredmedia":[{"embeddable":true,"href":"https:\/\/viajesymas.com.es\/index.php\/wp-json\/wp\/v2\/media\/411"}],"wp:attachment":[{"href":"https:\/\/viajesymas.com.es\/index.php\/wp-json\/wp\/v2\/media?parent=412"}],"wp:term":[{"taxonomy":"product_cat","embeddable":true,"href":"https:\/\/viajesymas.com.es\/index.php\/wp-json\/wp\/v2\/product_cat?post=412"},{"taxonomy":"product_tag","embeddable":true,"href":"https:\/\/viajesymas.com.es\/index.php\/wp-json\/wp\/v2\/product_tag?post=412"}],"curies":[{"name":"wp","href":"https:\/\/api.w.org\/{rel}","templated":true}]}}