{"id":402,"date":"2025-01-09T22:31:48","date_gmt":"2025-01-09T22:31:48","guid":{"rendered":"https:\/\/viajesymas.com.es\/index.php\/producto\/b0d78xgtqn\/"},"modified":"2025-01-09T22:31:48","modified_gmt":"2025-01-09T22:31:48","slug":"b0d78xgtqn","status":"publish","type":"product","link":"https:\/\/viajesymas.com.es\/index.php\/producto\/b0d78xgtqn\/","title":{"rendered":"B0D78XGTQN"},"content":{"rendered":"<p>&#8211; [Calentador multifunci\u00f3n 3 en 1] El calentador Pancellent puede producir calor r\u00e1pidamente en 2 segundos con tecnolog\u00eda de calentamiento cer\u00e1mico PTC, proporciona dos niveles de calor (1200 W o 950 W) y un ventilador de aire fr\u00edo, puede usarlo tanto para invierno como para verano. . Niveles de 1200 W con una sensaci\u00f3n de calentamiento de 5 \u2103 ~ 7 \u2103. Los niveles bajos son 3 \u2103 ~ 5 \u2103. Tambi\u00e9n viene con un control remoto.<br \/>\n&#8211; [Ahorro de energ\u00eda de calentamiento] Un toque en el bot\u00f3n oscilante para brindar calor en un \u00e1ngulo amplio de 70 \u00b0 con oscilaci\u00f3n autom\u00e1tica, el calentador peque\u00f1o puede brindarle una gama m\u00e1s amplia de calor, ideal para \u00e1reas peque\u00f1as en la oficina o el dormitorio. Y el consumo de energ\u00eda es de 1200 W\/h, lo que supone 0,3 EUR por hora en la factura de electricidad (promedio de la UE). \u00a1Qu\u00e9 ahorro de energ\u00eda para el c\u00e1lido invierno!<br \/>\n&#8211; [Sistema de seguridad de protecci\u00f3n m\u00faltiple] Este calentador el\u00e9ctrico est\u00e1 hecho de material ign\u00edfugo que evita cualquier riesgo de incendio. El sistema de protecci\u00f3n contra vuelcos apagar\u00e1 el calentador cuando se caiga por accidente, el sistema de apagado autom\u00e1tico de seguridad tambi\u00e9n apagar\u00e1 el calentador cuando se sobrecaliente. Se ha pasado la certificaci\u00f3n CE\/FCC\/UL\/ROHS.<br \/>\n&#8211; [Compacto y potente] Mini calentador port\u00e1til de 14x15x26 cm, 1230 g con asa de transporte incorporada que facilita su transporte a cualquier lugar. Cuenta con una cubierta trasera desmontable para limpiar el filtro y asegurarse de que siempre respirar\u00e1 aire limpio. La distancia efectiva de soplado es de 3 metros (puedes sentir el calentamiento o el enfriamiento en 3 metros).<br \/>\n&#8211; [Dise\u00f1o de bajo ruido] Olv\u00eddese de esos ruidosos calentadores que le impiden dormir bien por la noche. El ruido que hace este calentador cer\u00e1mico es inferior a 55 decibeles, lo suficientemente silencioso como para que la mayor\u00eda de las personas lo usen en un dormitorio mientras duermen. El tama\u00f1o ideal de la habitaci\u00f3n es de 10 \u33a1. El potente calor Pancellent te ofrece una experiencia c\u00e1lida en el fr\u00edo invierno.<\/p>\n","protected":false},"excerpt":{"rendered":"<p>Pancellent Calentador de Espacio, Calefactor El\u00e9ctrico Port\u00e1til Oscilante de 70\u00b0, Calentador de Espacio Peque\u00f1o de Cer\u00e1mica PTC de 1200 W con 3 Modos, Mini Calentador\/Enfriador Para Oficina<br \/>\n<br \/>\n#Publicidad<\/p>\n","protected":false},"featured_media":401,"comment_status":"open","ping_status":"closed","template":"","meta":[],"product_cat":[15],"product_tag":[],"class_list":{"0":"post-402","1":"product","2":"type-product","3":"status-publish","4":"has-post-thumbnail","6":"product_cat-sin-categorizar","8":"first","9":"instock","10":"shipping-taxable","11":"product-type-external"},"_links":{"self":[{"href":"https:\/\/viajesymas.com.es\/index.php\/wp-json\/wp\/v2\/product\/402","targetHints":{"allow":["GET"]}}],"collection":[{"href":"https:\/\/viajesymas.com.es\/index.php\/wp-json\/wp\/v2\/product"}],"about":[{"href":"https:\/\/viajesymas.com.es\/index.php\/wp-json\/wp\/v2\/types\/product"}],"replies":[{"embeddable":true,"href":"https:\/\/viajesymas.com.es\/index.php\/wp-json\/wp\/v2\/comments?post=402"}],"wp:featuredmedia":[{"embeddable":true,"href":"https:\/\/viajesymas.com.es\/index.php\/wp-json\/wp\/v2\/media\/401"}],"wp:attachment":[{"href":"https:\/\/viajesymas.com.es\/index.php\/wp-json\/wp\/v2\/media?parent=402"}],"wp:term":[{"taxonomy":"product_cat","embeddable":true,"href":"https:\/\/viajesymas.com.es\/index.php\/wp-json\/wp\/v2\/product_cat?post=402"},{"taxonomy":"product_tag","embeddable":true,"href":"https:\/\/viajesymas.com.es\/index.php\/wp-json\/wp\/v2\/product_tag?post=402"}],"curies":[{"name":"wp","href":"https:\/\/api.w.org\/{rel}","templated":true}]}}