{"id":388,"date":"2025-01-08T22:44:52","date_gmt":"2025-01-08T22:44:52","guid":{"rendered":"https:\/\/viajesymas.com.es\/index.php\/producto\/b0dp5476mz\/"},"modified":"2025-01-08T22:44:52","modified_gmt":"2025-01-08T22:44:52","slug":"b0dp5476mz","status":"publish","type":"product","link":"https:\/\/viajesymas.com.es\/index.php\/producto\/b0dp5476mz\/","title":{"rendered":"B0DP5476MZ"},"content":{"rendered":"<p>&#8211; \ud83d\udc9e\u301010 modos\u3011: Cuenta con 10 potentes funciones de succi\u00f3n, brindando una experiencia maravillosa y completamente relajante.<br \/>\n&#8211; \ud83d\udc9e[Dise\u00f1o personalizado]: Forma perfecta, apariencia, uso c\u00f3modo, control remoto + control de aplicaciones. Hazlo m\u00e1s c\u00f3modo de usar, m\u00e1s realista al tacto y te brinda una mejor experiencia.<br \/>\n&#8211; \ud83d\udc9e\u3010Carga USB\u3011: la carga es r\u00e1pida y c\u00f3moda. Es compacto, liviano y adecuado para viajes y actividades comerciales.<br \/>\n&#8211; \ud83d\udc9e\u3010100% resistente al agua\u3011: dise\u00f1o impermeable, se puede utilizar en el ba\u00f1o o en la ducha.<br \/>\n&#8211; \ud83d\udc9e\u3010Embalaje privado\u3011: Embalado y enviado en un embalaje exterior de color s\u00f3lido (Se-cre-t). Garant\u00eda de devoluci\u00f3n y cambio de un a\u00f1o. El servicio de atenci\u00f3n al cliente en l\u00ednea las 24 horas est\u00e1 disponible para responder a sus preguntas.<\/p>\n","protected":false},"excerpt":{"rendered":"<p>ARLOVESIN V\u00eebr\u00e2dor\u00e2dor M\u00f9j\u00ear J\u00f9g\u1e79et\u00ebs Er\u00f3t\u00eeco\u0161 para \u1e56ar\u00ebja S\u00ebxu\u00e1l\u00ebs s\u00f9cci\u00f8nad\u00f8r Cl\u00ee\u0165oris M\u00fcj\u00e8r original m\u00e1s v\u00e8ndid\u00f410 * 10 modos E\u0219t\u00eem\u00f9l\u00e2d\u0151r Cl\u00edt\u0151r\u00ees Fem\u00e8n\u1ecbn C\u00f4\u1e4bs\u00f4l\u00e2d\u0151res.. para(rosa-4)<br \/>\n<br \/>\n#Publicidad<\/p>\n","protected":false},"featured_media":387,"comment_status":"open","ping_status":"closed","template":"","meta":[],"product_cat":[15],"product_tag":[],"class_list":{"0":"post-388","1":"product","2":"type-product","3":"status-publish","4":"has-post-thumbnail","6":"product_cat-sin-categorizar","8":"first","9":"instock","10":"shipping-taxable","11":"product-type-external"},"_links":{"self":[{"href":"https:\/\/viajesymas.com.es\/index.php\/wp-json\/wp\/v2\/product\/388","targetHints":{"allow":["GET"]}}],"collection":[{"href":"https:\/\/viajesymas.com.es\/index.php\/wp-json\/wp\/v2\/product"}],"about":[{"href":"https:\/\/viajesymas.com.es\/index.php\/wp-json\/wp\/v2\/types\/product"}],"replies":[{"embeddable":true,"href":"https:\/\/viajesymas.com.es\/index.php\/wp-json\/wp\/v2\/comments?post=388"}],"wp:featuredmedia":[{"embeddable":true,"href":"https:\/\/viajesymas.com.es\/index.php\/wp-json\/wp\/v2\/media\/387"}],"wp:attachment":[{"href":"https:\/\/viajesymas.com.es\/index.php\/wp-json\/wp\/v2\/media?parent=388"}],"wp:term":[{"taxonomy":"product_cat","embeddable":true,"href":"https:\/\/viajesymas.com.es\/index.php\/wp-json\/wp\/v2\/product_cat?post=388"},{"taxonomy":"product_tag","embeddable":true,"href":"https:\/\/viajesymas.com.es\/index.php\/wp-json\/wp\/v2\/product_tag?post=388"}],"curies":[{"name":"wp","href":"https:\/\/api.w.org\/{rel}","templated":true}]}}