{"id":384,"date":"2025-01-08T20:30:53","date_gmt":"2025-01-08T20:30:53","guid":{"rendered":"https:\/\/viajesymas.com.es\/index.php\/producto\/b0dn5wyr59\/"},"modified":"2025-01-08T20:30:53","modified_gmt":"2025-01-08T20:30:53","slug":"b0dn5wyr59","status":"publish","type":"product","link":"https:\/\/viajesymas.com.es\/index.php\/producto\/b0dn5wyr59\/","title":{"rendered":"B0DN5WYR59"},"content":{"rendered":"<p>&#8211; con un dise\u00f1o de gotero para evitar el contacto directo con la piel, m\u00e1s conveniente e higi\u00e9nico.<br \/>\n&#8211; El producto utiliza ingredientes suaves para mejorar las u\u00f1as da\u00f1adas de ra\u00edz.<br \/>\n&#8211; el cuidado de las u\u00f1as est\u00e1 dise\u00f1ado para restaurar y mantener u\u00f1as saludables y claras de manera r\u00e1pida y efectiva.<\/p>\n","protected":false},"excerpt":{"rendered":"<p>8ml Reparadores de U\u00f1as Soluci\u00f3n,Soluci\u00f3n para hongos y micosis<br \/>\n<br \/>\n#Publicidad<\/p>\n","protected":false},"featured_media":383,"comment_status":"open","ping_status":"closed","template":"","meta":[],"product_cat":[15],"product_tag":[],"class_list":{"0":"post-384","1":"product","2":"type-product","3":"status-publish","4":"has-post-thumbnail","6":"product_cat-sin-categorizar","8":"first","9":"instock","10":"shipping-taxable","11":"product-type-external"},"_links":{"self":[{"href":"https:\/\/viajesymas.com.es\/index.php\/wp-json\/wp\/v2\/product\/384","targetHints":{"allow":["GET"]}}],"collection":[{"href":"https:\/\/viajesymas.com.es\/index.php\/wp-json\/wp\/v2\/product"}],"about":[{"href":"https:\/\/viajesymas.com.es\/index.php\/wp-json\/wp\/v2\/types\/product"}],"replies":[{"embeddable":true,"href":"https:\/\/viajesymas.com.es\/index.php\/wp-json\/wp\/v2\/comments?post=384"}],"wp:featuredmedia":[{"embeddable":true,"href":"https:\/\/viajesymas.com.es\/index.php\/wp-json\/wp\/v2\/media\/383"}],"wp:attachment":[{"href":"https:\/\/viajesymas.com.es\/index.php\/wp-json\/wp\/v2\/media?parent=384"}],"wp:term":[{"taxonomy":"product_cat","embeddable":true,"href":"https:\/\/viajesymas.com.es\/index.php\/wp-json\/wp\/v2\/product_cat?post=384"},{"taxonomy":"product_tag","embeddable":true,"href":"https:\/\/viajesymas.com.es\/index.php\/wp-json\/wp\/v2\/product_tag?post=384"}],"curies":[{"name":"wp","href":"https:\/\/api.w.org\/{rel}","templated":true}]}}