{"id":382,"date":"2025-01-08T20:30:52","date_gmt":"2025-01-08T20:30:52","guid":{"rendered":"https:\/\/viajesymas.com.es\/index.php\/producto\/b0dn5k7jnh\/"},"modified":"2025-01-08T20:30:52","modified_gmt":"2025-01-08T20:30:52","slug":"b0dn5k7jnh","status":"publish","type":"product","link":"https:\/\/viajesymas.com.es\/index.php\/producto\/b0dn5k7jnh\/","title":{"rendered":"B0DN5K7JNH"},"content":{"rendered":"<p>&#8211; Despu\u00e9s de limpiarte las manos y los pies, aplica el producto directamente sobre las u\u00f1as para recuperar su salud.<br \/>\n&#8211; Tenga en cuenta que el ciclo de recuperaci\u00f3n depende del crecimiento y el da\u00f1o de las u\u00f1as.<br \/>\n&#8211; Aplicar dos o tres veces al d\u00eda hasta que las u\u00f1as est\u00e9n sanas.<\/p>\n","protected":false},"excerpt":{"rendered":"<p>9ml Reparadores de U\u00f1as Soluci\u00f3n,Cuidado u\u00f1as da\u00f1adas<br \/>\n<br \/>\n#Publicidad<\/p>\n","protected":false},"featured_media":381,"comment_status":"open","ping_status":"closed","template":"","meta":[],"product_cat":[15],"product_tag":[],"class_list":{"0":"post-382","1":"product","2":"type-product","3":"status-publish","4":"has-post-thumbnail","6":"product_cat-sin-categorizar","8":"first","9":"instock","10":"shipping-taxable","11":"product-type-external"},"_links":{"self":[{"href":"https:\/\/viajesymas.com.es\/index.php\/wp-json\/wp\/v2\/product\/382","targetHints":{"allow":["GET"]}}],"collection":[{"href":"https:\/\/viajesymas.com.es\/index.php\/wp-json\/wp\/v2\/product"}],"about":[{"href":"https:\/\/viajesymas.com.es\/index.php\/wp-json\/wp\/v2\/types\/product"}],"replies":[{"embeddable":true,"href":"https:\/\/viajesymas.com.es\/index.php\/wp-json\/wp\/v2\/comments?post=382"}],"wp:featuredmedia":[{"embeddable":true,"href":"https:\/\/viajesymas.com.es\/index.php\/wp-json\/wp\/v2\/media\/381"}],"wp:attachment":[{"href":"https:\/\/viajesymas.com.es\/index.php\/wp-json\/wp\/v2\/media?parent=382"}],"wp:term":[{"taxonomy":"product_cat","embeddable":true,"href":"https:\/\/viajesymas.com.es\/index.php\/wp-json\/wp\/v2\/product_cat?post=382"},{"taxonomy":"product_tag","embeddable":true,"href":"https:\/\/viajesymas.com.es\/index.php\/wp-json\/wp\/v2\/product_tag?post=382"}],"curies":[{"name":"wp","href":"https:\/\/api.w.org\/{rel}","templated":true}]}}