{"id":380,"date":"2025-01-08T20:30:38","date_gmt":"2025-01-08T20:30:38","guid":{"rendered":"https:\/\/viajesymas.com.es\/index.php\/producto\/b0dn5rw69n\/"},"modified":"2025-01-08T20:30:38","modified_gmt":"2025-01-08T20:30:38","slug":"b0dn5rw69n","status":"publish","type":"product","link":"https:\/\/viajesymas.com.es\/index.php\/producto\/b0dn5rw69n\/","title":{"rendered":"B0DN5RW69N"},"content":{"rendered":"<p>&#8211; Contenido del producto: cuidado de u\u00f1as de 10 ml, con un dise\u00f1o de gotero para evitar el contacto directo con la piel, m\u00e1s conveniente e higi\u00e9nico.<br \/>\n&#8211; Suave y c\u00f3modo: el producto utiliza ingredientes suaves para mejorar las u\u00f1as da\u00f1adas en las ra\u00edces y restaurar la salud de las u\u00f1as.<br \/>\n&#8211; Uso: despu\u00e9s de limpiar las manos y los pies, aplicar el producto directamente sobre las u\u00f1as y aplicarlo dos o tres veces al d\u00eda hasta que las u\u00f1as est\u00e9n sanas.<br \/>\n&#8211; R\u00e1pido y eficaz: el cuidado de las u\u00f1as est\u00e1 dise\u00f1ado para restaurar y mantener u\u00f1as saludables y claras de manera r\u00e1pida y efectiva.<br \/>\n&#8211; Tenga en cuenta que el ciclo de recuperaci\u00f3n depende del crecimiento y el da\u00f1o de las u\u00f1as, por lo que el tiempo que cada persona necesita puede ser diferente.<\/p>\n","protected":false},"excerpt":{"rendered":"<p>10ml Reparadores de U\u00f1as Soluci\u00f3n,Cuidado u\u00f1as da\u00f1adas,Soluci\u00f3n para hongos y micosis,Reparadores de U\u00f1as Soluci\u00f3n para dedos y pedicura,estaura el Aspecto Natural de las U\u00f1as<br \/>\n<br \/>\n#Publicidad<\/p>\n","protected":false},"featured_media":379,"comment_status":"open","ping_status":"closed","template":"","meta":[],"product_cat":[15],"product_tag":[],"class_list":{"0":"post-380","1":"product","2":"type-product","3":"status-publish","4":"has-post-thumbnail","6":"product_cat-sin-categorizar","8":"first","9":"instock","10":"shipping-taxable","11":"product-type-external"},"_links":{"self":[{"href":"https:\/\/viajesymas.com.es\/index.php\/wp-json\/wp\/v2\/product\/380","targetHints":{"allow":["GET"]}}],"collection":[{"href":"https:\/\/viajesymas.com.es\/index.php\/wp-json\/wp\/v2\/product"}],"about":[{"href":"https:\/\/viajesymas.com.es\/index.php\/wp-json\/wp\/v2\/types\/product"}],"replies":[{"embeddable":true,"href":"https:\/\/viajesymas.com.es\/index.php\/wp-json\/wp\/v2\/comments?post=380"}],"wp:featuredmedia":[{"embeddable":true,"href":"https:\/\/viajesymas.com.es\/index.php\/wp-json\/wp\/v2\/media\/379"}],"wp:attachment":[{"href":"https:\/\/viajesymas.com.es\/index.php\/wp-json\/wp\/v2\/media?parent=380"}],"wp:term":[{"taxonomy":"product_cat","embeddable":true,"href":"https:\/\/viajesymas.com.es\/index.php\/wp-json\/wp\/v2\/product_cat?post=380"},{"taxonomy":"product_tag","embeddable":true,"href":"https:\/\/viajesymas.com.es\/index.php\/wp-json\/wp\/v2\/product_tag?post=380"}],"curies":[{"name":"wp","href":"https:\/\/api.w.org\/{rel}","templated":true}]}}