{"id":376,"date":"2025-01-08T15:04:04","date_gmt":"2025-01-08T15:04:04","guid":{"rendered":"https:\/\/viajesymas.com.es\/index.php\/producto\/b0dpsgk1rr\/"},"modified":"2025-01-08T15:04:04","modified_gmt":"2025-01-08T15:04:04","slug":"b0dpsgk1rr","status":"publish","type":"product","link":"https:\/\/viajesymas.com.es\/index.php\/producto\/b0dpsgk1rr\/","title":{"rendered":"B0DPSGK1RR"},"content":{"rendered":"<p>&#8211; \u3010Tecnolog\u00eda Avanzada\u3011Nuestro dispositivo de control de plagas utiliza una tecnolog\u00eda de inversor de triple frecuencia que combina ondas ultras\u00f3nicas, de presi\u00f3n y electromagn\u00e9ticas para repeler eficazmente todas las plagas y prevenir el desarrollo de inmunidad.<br \/>\n&#8211; \u3010Potente y eficaz\u3011Utilice los \u00faltimos chips de ultrasonido para interferir con el sistema auditivo y nervioso de ratones, murci\u00e9lagos, cucarachas, ara\u00f1as, pulgas, insectos y roedores. Les resultar\u00e1 dif\u00edcil resistir este ataque, por lo que dejar\u00e1n su casa r\u00e1pidamente.<br \/>\n&#8211; \u3010Ecol\u00f3gico y duradero\u3011 Nos preocupamos por su seguridad y el medio ambiente. Nuestro repelente ultras\u00f3nico para ratones no es t\u00f3xico, inodoro y no emite radiaci\u00f3n, lo que lo hace seguro para su familia. Equipado con sensores inteligentes, nuestro repelente de ratones detecta roedores y se activa autom\u00e1ticamente, as\u00ed que aseg\u00farese de mantener el repelente ultras\u00f3nico de ratones durante m\u00e1s de 4 semanas para garantizar que los ratones se mantengan alejados d\u00eda y noche.<br \/>\n&#8211; \u3010humanizaci\u00f3n\u3011Las trampas para ratones o los dispositivos de pegamento son demasiado crueles y peligrosos para nuestros ni\u00f1os y mascotas. Este repelente electr\u00f3nico de ratones es amigable para los humanos y nuestras adorables mascotas (como perros y gatos). Utilice ultrasonidos para repeler ratones, par\u00e1sitos y roedores en lugar de matarlos.<br \/>\n&#8211; \u3010Service excellent\u3011Nous travaillons sans rel\u00e2che pour am\u00e9liorer notre r\u00e9pulsif anti-insectes \u00e0 ultrasons pour nous assurer de vous offrir des produits de meilleure qualit\u00e9, durables et confortables. Nous offrons un service en ligne 24 heures sur 24 et une dur\u00e9e de vie de 12 mois. Si vous avez des questions, veuillez nous contacter. Venez l&#8217;essayer.<\/p>\n","protected":false},"excerpt":{"rendered":"<p>Ultras\u00f3nico para Ratas 360 \u00b0, Ahuyentador de Ratas, 2025 Repelente de murci\u00e9lagos, Ardilla y cucaracha ultras\u00f3nica, Repelente ultras\u00f3nico para Ratones Cucarachas antiplagas enchufables<br \/>\n<br \/>\n#Publicidad<\/p>\n","protected":false},"featured_media":375,"comment_status":"open","ping_status":"closed","template":"","meta":[],"product_cat":[15],"product_tag":[],"class_list":{"0":"post-376","1":"product","2":"type-product","3":"status-publish","4":"has-post-thumbnail","6":"product_cat-sin-categorizar","8":"first","9":"instock","10":"shipping-taxable","11":"product-type-external"},"_links":{"self":[{"href":"https:\/\/viajesymas.com.es\/index.php\/wp-json\/wp\/v2\/product\/376","targetHints":{"allow":["GET"]}}],"collection":[{"href":"https:\/\/viajesymas.com.es\/index.php\/wp-json\/wp\/v2\/product"}],"about":[{"href":"https:\/\/viajesymas.com.es\/index.php\/wp-json\/wp\/v2\/types\/product"}],"replies":[{"embeddable":true,"href":"https:\/\/viajesymas.com.es\/index.php\/wp-json\/wp\/v2\/comments?post=376"}],"wp:featuredmedia":[{"embeddable":true,"href":"https:\/\/viajesymas.com.es\/index.php\/wp-json\/wp\/v2\/media\/375"}],"wp:attachment":[{"href":"https:\/\/viajesymas.com.es\/index.php\/wp-json\/wp\/v2\/media?parent=376"}],"wp:term":[{"taxonomy":"product_cat","embeddable":true,"href":"https:\/\/viajesymas.com.es\/index.php\/wp-json\/wp\/v2\/product_cat?post=376"},{"taxonomy":"product_tag","embeddable":true,"href":"https:\/\/viajesymas.com.es\/index.php\/wp-json\/wp\/v2\/product_tag?post=376"}],"curies":[{"name":"wp","href":"https:\/\/api.w.org\/{rel}","templated":true}]}}