{"id":346,"date":"2025-01-07T17:00:33","date_gmt":"2025-01-07T17:00:33","guid":{"rendered":"https:\/\/viajesymas.com.es\/index.php\/producto\/b0dryk7xv7\/"},"modified":"2025-01-07T17:00:33","modified_gmt":"2025-01-07T17:00:33","slug":"b0dryk7xv7","status":"publish","type":"product","link":"https:\/\/viajesymas.com.es\/index.php\/producto\/b0dryk7xv7\/","title":{"rendered":"B0DRYK7XV7"},"content":{"rendered":"<p>&#8211; El micr\u00f3fono inal\u00e1mbrico de cuello es muy f\u00e1cil de usar porque no requiere ning\u00fan sim, aplicaci\u00f3n adicional o conexi\u00f3n bluetooth. Basta con conectar el receptor a su dispositivo, encender el micr\u00f3fono y comenzar a grabar. El micr\u00f3fono se conecta y sincroniza autom\u00e1ticamente, por lo que puede comenzar a grabar de inmediato sin configuraci\u00f3n adicional.<br \/>\n&#8211; [compatible] este micr\u00f3fono inal\u00e1mbrico es muy adecuado para las personas que usan tel\u00e9fonos inteligentes. Con este micr\u00f3fono puedes crear podcasts y blogs de v\u00eddeo e incluso transmitirlos en vivo a youtube o facebook. A diferencia de los micr\u00f3fonos tradicionales, puede usar este micr\u00f3fono directamente en el dispositivo sin necesidad de dispositivos o configuraciones adicionales. Esta es una soluci\u00f3n multifuncional y pr\u00e1ctica que le permite hacer grabaciones de alta calidad en cualquier lugar.<br \/>\n&#8211; Este micr\u00f3fono inal\u00e1mbrico ofrece audio de frecuencia completa de alta calidad de 44,1 a 48 kHz de calidad de CD estereof\u00f3nico, m\u00e1s de seis veces m\u00e1s frecuente que el micr\u00f3fono mono tradicional. La tecnolog\u00eda de sincronizaci\u00f3n autom\u00e1tica en tiempo real reduce la demanda de reprocesamiento de v\u00eddeo.<br \/>\n&#8211; Equipado con una bater\u00eda incorporada de 65mah, el micr\u00f3fono inal\u00e1mbrico tipo collar puede funcionar durante m\u00e1s de 6 horas consecutivas con una sola carga. Adem\u00e1s, las bater\u00edas recargables funcionan hasta 4,5 horas y el tiempo de carga es de solo 2 horas.<br \/>\n&#8211; Este micr\u00f3fono inal\u00e1mbrico est\u00e1 equipado con una radio omnidireccional de 360 \u00b0, una esponja antipulverizaci\u00f3n de alta densidad y un micr\u00f3fono de alta sensibilidad, con un excelente rendimiento. Su se\u00f1al estable garantiza una conexi\u00f3n confiable, con distancias de m\u00e1s de 20 metros y unos 7 metros de obst\u00e1culos humanos.<\/p>\n","protected":false},"excerpt":{"rendered":"<p>FSZBWL Micr\u00f3fono inal\u00e1mbrico para iPhone, micr\u00f3fono con Clip de Cuello Plug &#8211; and &#8211; Play, reducci\u00f3n de Ruido\/silenciamiento, para transmisi\u00f3n en Vivo, grabaci\u00f3n de v\u00eddeo, Youtube, vlog<br \/>\n<br \/>\n#Publicidad<\/p>\n","protected":false},"featured_media":345,"comment_status":"open","ping_status":"closed","template":"","meta":[],"product_cat":[15],"product_tag":[],"class_list":{"0":"post-346","1":"product","2":"type-product","3":"status-publish","4":"has-post-thumbnail","6":"product_cat-sin-categorizar","8":"first","9":"instock","10":"shipping-taxable","11":"product-type-external"},"_links":{"self":[{"href":"https:\/\/viajesymas.com.es\/index.php\/wp-json\/wp\/v2\/product\/346","targetHints":{"allow":["GET"]}}],"collection":[{"href":"https:\/\/viajesymas.com.es\/index.php\/wp-json\/wp\/v2\/product"}],"about":[{"href":"https:\/\/viajesymas.com.es\/index.php\/wp-json\/wp\/v2\/types\/product"}],"replies":[{"embeddable":true,"href":"https:\/\/viajesymas.com.es\/index.php\/wp-json\/wp\/v2\/comments?post=346"}],"wp:featuredmedia":[{"embeddable":true,"href":"https:\/\/viajesymas.com.es\/index.php\/wp-json\/wp\/v2\/media\/345"}],"wp:attachment":[{"href":"https:\/\/viajesymas.com.es\/index.php\/wp-json\/wp\/v2\/media?parent=346"}],"wp:term":[{"taxonomy":"product_cat","embeddable":true,"href":"https:\/\/viajesymas.com.es\/index.php\/wp-json\/wp\/v2\/product_cat?post=346"},{"taxonomy":"product_tag","embeddable":true,"href":"https:\/\/viajesymas.com.es\/index.php\/wp-json\/wp\/v2\/product_tag?post=346"}],"curies":[{"name":"wp","href":"https:\/\/api.w.org\/{rel}","templated":true}]}}