{"id":3448,"date":"2026-04-17T09:00:51","date_gmt":"2026-04-17T09:00:51","guid":{"rendered":"https:\/\/viajesymas.com.es\/index.php\/producto\/b0gvjfn1kz_es\/"},"modified":"2026-04-17T09:00:51","modified_gmt":"2026-04-17T09:00:51","slug":"b0gvjfn1kz_es","status":"publish","type":"product","link":"https:\/\/viajesymas.com.es\/index.php\/producto\/b0gvjfn1kz_es\/","title":{"rendered":"B0GVJFN1KZ_ES"},"content":{"rendered":"<p>&#8211; \u3010Succi\u00f3n Potente Y Funcionamiento Silencioso\u3011: Gracias a su motor sin escobillas de 600W y tecnolog\u00eda avanzada de reducci\u00f3n de ruido, esta aspiradora inal\u00e1mbrica combina una potente succi\u00f3n de 55KPa con un funcionamiento ultra silencioso (hasta un 40% menos de ruido que modelos convencionales). Con 60 minutos de autonom\u00eda continua, limpia eficazmente superficies de hasta 200\u33a1 sin interrupciones<br \/>\n&#8211; \u3010Cepillo Anti-Enredo Mejorado, Cero Enredo\u3011Este aspiradora con luz delantera integra un cepillo mejorado con leng\u00fcetas de silicona el\u00e1sticas (levantan polvo), cerdas de PP suaves (atrapan part\u00edculas) y nailon resistente (elimina pelo al instante). Su dise\u00f1o dentado evita enredos en tiempo real, garantizando limpieza profunda sin paradas en hogares con mascotas. \u00a1Eficacia m\u00e1xima!<br \/>\n&#8211; \u3010Plegado Superior, Limpieza M\u00e1s Profunda sin Agacharse\u3011: Nuevo dise\u00f1o plegable con punto de doblez elevado 15cm permite alargar el brazo de limpieza hasta los rincones m\u00e1s profundos bajo muebles bajos (sof\u00e1s\/camas\/armarios), alcanzando zonas donde otros modelos no llegan. Con solo 1 gesto se ajusta el \u00e1ngulo de 90\u00b0-180\u00b0, eliminando la necesidad de agacharse o mover muebles. El cepillo integrado permanente evita p\u00e9rdida de accesorios<br \/>\n&#8211; \u3010Dise\u00f1o Aut\u00f3nomo + Bot\u00f3n en Mango: \u00a1Limpieza Simplificada! \u3011Este aspirador vertical se mantiene en pie por s\u00ed solo (sin soporte adicional) y cuenta con un bot\u00f3n inteligente en el mango para encenderlo\/apagarlo al instante. Ideal para pausas r\u00e1pidas, almacenamiento compacto y control total con una sola mano<br \/>\n&#8211; \u3010Pantalla LED con Autodiagn\u00f3stico para Escoba El\u00e9ctrica\u3011Muestra tiempo restante en minutos exactos y nivel de succi\u00f3n, mientras detecta obstrucciones, sobrecalentamiento u otros errores, se\u00f1alando el origen del problema. Integra datos clave en una sola pantalla intuitiva para resolver problemas sin interrupciones. Tecnolog\u00eda avanzada que evita interrupciones durante la limpieza, permiti\u00e9ndo actuar con precisi\u00f3n y reducir tiempos muertos<\/p>\n","protected":false},"excerpt":{"rendered":"<p>Ultenic U20 Aspiradora sin Cable 55Kpa\/55Min, Cepillo Anti-Enredo Mejorado, Aspirador Escoba con Brazo Flexible, Limpieza Ultraprofunda Bajo Muebles sin Agacharse, para Alfombra\/Pelo de Mascotas<br \/>#Publicidad<\/p>\n","protected":false},"featured_media":3447,"comment_status":"open","ping_status":"closed","template":"","meta":[],"product_cat":[15],"product_tag":[],"class_list":{"0":"post-3448","1":"product","2":"type-product","3":"status-publish","4":"has-post-thumbnail","6":"product_cat-sin-categorizar","8":"first","9":"instock","10":"shipping-taxable","11":"product-type-external"},"_links":{"self":[{"href":"https:\/\/viajesymas.com.es\/index.php\/wp-json\/wp\/v2\/product\/3448","targetHints":{"allow":["GET"]}}],"collection":[{"href":"https:\/\/viajesymas.com.es\/index.php\/wp-json\/wp\/v2\/product"}],"about":[{"href":"https:\/\/viajesymas.com.es\/index.php\/wp-json\/wp\/v2\/types\/product"}],"replies":[{"embeddable":true,"href":"https:\/\/viajesymas.com.es\/index.php\/wp-json\/wp\/v2\/comments?post=3448"}],"wp:featuredmedia":[{"embeddable":true,"href":"https:\/\/viajesymas.com.es\/index.php\/wp-json\/wp\/v2\/media\/3447"}],"wp:attachment":[{"href":"https:\/\/viajesymas.com.es\/index.php\/wp-json\/wp\/v2\/media?parent=3448"}],"wp:term":[{"taxonomy":"product_cat","embeddable":true,"href":"https:\/\/viajesymas.com.es\/index.php\/wp-json\/wp\/v2\/product_cat?post=3448"},{"taxonomy":"product_tag","embeddable":true,"href":"https:\/\/viajesymas.com.es\/index.php\/wp-json\/wp\/v2\/product_tag?post=3448"}],"curies":[{"name":"wp","href":"https:\/\/api.w.org\/{rel}","templated":true}]}}