{"id":3440,"date":"2026-04-17T08:51:11","date_gmt":"2026-04-17T08:51:11","guid":{"rendered":"https:\/\/viajesymas.com.es\/index.php\/producto\/b0g4rb177y_es\/"},"modified":"2026-04-17T08:51:11","modified_gmt":"2026-04-17T08:51:11","slug":"b0g4rb177y_es","status":"publish","type":"product","link":"https:\/\/viajesymas.com.es\/index.php\/producto\/b0g4rb177y_es\/","title":{"rendered":"B0G4RB177Y_ES"},"content":{"rendered":"<p>&#8211; 1. Cada rollo mide 4 cm \u00d7 150 cm y se puede cortar a la medida seg\u00fan sea necesario, satisfaciendo las necesidades diarias a largo plazo.<br \/>\n&#8211; 2. Fabricado con un material suave, el\u00e1stico y de alta calidad, con una textura delicada y agradable para la piel. Mantiene la comodidad durante un uso prolongado y es impermeable, lo que garantiza que el producto se mantenga en su sitio durante las actividades diarias.<br \/>\n&#8211; 3. Suaviza y alisa la piel, mejorando su aspecto y textura. Reutilizable y duradero, se corta f\u00e1cilmente, se adhiere con fuerza y se aplica sin complicaciones.<br \/>\n&#8211; 4. Antes de su uso, aseg\u00farese de que se adhiera completamente a la piel. Limpie y seque la zona de aplicaci\u00f3n, recorte el parche al tama\u00f1o deseado y apl\u00edquelo.<br \/>\n&#8211; 5. Adecuado para m\u00faltiples zonas del cuerpo, ideal para uso dom\u00e9stico, viajes o entornos de trabajo.<\/p>\n","protected":false},"excerpt":{"rendered":"<p>4cm x 150cm Parches de Silicona para el Cuidado de la Piel,Hojas de Siliconas,Parches de Silicona,Cinta de Siliconas Reutilizable,Autoadhesivo,Transpirables e Impermeables<br \/>#Publicidad<\/p>\n","protected":false},"featured_media":3439,"comment_status":"open","ping_status":"closed","template":"","meta":[],"product_cat":[15],"product_tag":[],"class_list":{"0":"post-3440","1":"product","2":"type-product","3":"status-publish","4":"has-post-thumbnail","6":"product_cat-sin-categorizar","8":"first","9":"instock","10":"shipping-taxable","11":"product-type-external"},"_links":{"self":[{"href":"https:\/\/viajesymas.com.es\/index.php\/wp-json\/wp\/v2\/product\/3440","targetHints":{"allow":["GET"]}}],"collection":[{"href":"https:\/\/viajesymas.com.es\/index.php\/wp-json\/wp\/v2\/product"}],"about":[{"href":"https:\/\/viajesymas.com.es\/index.php\/wp-json\/wp\/v2\/types\/product"}],"replies":[{"embeddable":true,"href":"https:\/\/viajesymas.com.es\/index.php\/wp-json\/wp\/v2\/comments?post=3440"}],"wp:featuredmedia":[{"embeddable":true,"href":"https:\/\/viajesymas.com.es\/index.php\/wp-json\/wp\/v2\/media\/3439"}],"wp:attachment":[{"href":"https:\/\/viajesymas.com.es\/index.php\/wp-json\/wp\/v2\/media?parent=3440"}],"wp:term":[{"taxonomy":"product_cat","embeddable":true,"href":"https:\/\/viajesymas.com.es\/index.php\/wp-json\/wp\/v2\/product_cat?post=3440"},{"taxonomy":"product_tag","embeddable":true,"href":"https:\/\/viajesymas.com.es\/index.php\/wp-json\/wp\/v2\/product_tag?post=3440"}],"curies":[{"name":"wp","href":"https:\/\/api.w.org\/{rel}","templated":true}]}}