{"id":3438,"date":"2026-04-17T08:51:05","date_gmt":"2026-04-17T08:51:05","guid":{"rendered":"https:\/\/viajesymas.com.es\/index.php\/producto\/b0gtq9tlpl_es\/"},"modified":"2026-04-17T08:51:05","modified_gmt":"2026-04-17T08:51:05","slug":"b0gtq9tlpl_es","status":"publish","type":"product","link":"https:\/\/viajesymas.com.es\/index.php\/producto\/b0gtq9tlpl_es\/","title":{"rendered":"B0GTQ9TLPL_ES"},"content":{"rendered":"<p>&#8211; Fabricado con materiales de calidad, tiene una textura suave y uniforme. Su pincel est\u00e1 dise\u00f1ado para adaptarse perfectamente a la superficie de la u\u00f1a, permitiendo una aplicaci\u00f3n f\u00e1cil y limpia, sin dejar marcas.<br \/>\n&#8211; Adecuado para todo tipo de piel y compatible con diferentes formas y grosores de u\u00f1as, su uso es muy sencillo, incluso para principiantes que quieren probar hacerse las u\u00f1as en casa.<br \/>\n&#8211; Tras su aplicaci\u00f3n, el resultado es resistente al contacto con agua o grasas, como al lavarse las manos o la cara, manteni\u00e9ndose impecable durante 2-3 semanas.<br \/>\n&#8211; Este gel combina seis funciones en una sola: base, capa final, endurecedor, gel brillante, gel de color y gel de extensi\u00f3n, satisfaciendo as\u00ed m\u00faltiples necesidades de manicura.<br \/>\n&#8211; El gel 6 en 1 se seca r\u00e1pidamente bajo una l\u00e1mpara UV para u\u00f1as, ofrece una buena adherencia y requiere aproximadamente entre 60 y 120 segundos para su curado.<\/p>\n","protected":false},"excerpt":{"rendered":"<p>2 * 8ML Pegamento de U\u00f1as Extra Fuerte con Punta Del Cepillo, 6 en 1 Nail Glue, para Pegamento U\u00f1as Postizas y Primer, Necesita Curar Bajo UV L\u00e1mpara,Conveniente y Exquisito<br \/>#Publicidad<\/p>\n","protected":false},"featured_media":3437,"comment_status":"open","ping_status":"closed","template":"","meta":[],"product_cat":[15],"product_tag":[],"class_list":{"0":"post-3438","1":"product","2":"type-product","3":"status-publish","4":"has-post-thumbnail","6":"product_cat-sin-categorizar","8":"first","9":"instock","10":"shipping-taxable","11":"product-type-external"},"_links":{"self":[{"href":"https:\/\/viajesymas.com.es\/index.php\/wp-json\/wp\/v2\/product\/3438","targetHints":{"allow":["GET"]}}],"collection":[{"href":"https:\/\/viajesymas.com.es\/index.php\/wp-json\/wp\/v2\/product"}],"about":[{"href":"https:\/\/viajesymas.com.es\/index.php\/wp-json\/wp\/v2\/types\/product"}],"replies":[{"embeddable":true,"href":"https:\/\/viajesymas.com.es\/index.php\/wp-json\/wp\/v2\/comments?post=3438"}],"wp:featuredmedia":[{"embeddable":true,"href":"https:\/\/viajesymas.com.es\/index.php\/wp-json\/wp\/v2\/media\/3437"}],"wp:attachment":[{"href":"https:\/\/viajesymas.com.es\/index.php\/wp-json\/wp\/v2\/media?parent=3438"}],"wp:term":[{"taxonomy":"product_cat","embeddable":true,"href":"https:\/\/viajesymas.com.es\/index.php\/wp-json\/wp\/v2\/product_cat?post=3438"},{"taxonomy":"product_tag","embeddable":true,"href":"https:\/\/viajesymas.com.es\/index.php\/wp-json\/wp\/v2\/product_tag?post=3438"}],"curies":[{"name":"wp","href":"https:\/\/api.w.org\/{rel}","templated":true}]}}