{"id":3434,"date":"2026-04-17T06:44:12","date_gmt":"2026-04-17T06:44:12","guid":{"rendered":"https:\/\/viajesymas.com.es\/index.php\/producto\/b0fwkgz3xc_es\/"},"modified":"2026-04-17T06:44:12","modified_gmt":"2026-04-17T06:44:12","slug":"b0fwkgz3xc_es","status":"publish","type":"product","link":"https:\/\/viajesymas.com.es\/index.php\/producto\/b0fwkgz3xc_es\/","title":{"rendered":"B0FWKGZ3XC_ES"},"content":{"rendered":"<p>&#8211; \u3010\u00a1Adi\u00f3s ronquidos, noche tranquila!\u3011Tiras nasales deportivas abre las fosas nasales naturalmente, mejora la respiraci\u00f3n y reduce ronquidos sin dolor.<br \/>\n&#8211; \u30103 tiras anti-colapso\u3011Dilatador nasal con triple refuerzo (\u00a1mejor que 2 tiras!) mantiene v\u00edas nasales abiertas toda la noche.<br \/>\n&#8211; \u3010Material hipoalerg\u00e9nico m\u00e9dico\u3011Tiras nasales antironquidos usa material m\u00e9dico sin principios activos. Seguro para tabique desviado o alergias.<br \/>\n&#8211; \u3010Sue\u00f1o profundo &amp; energ\u00eda\u3011Tiras nasales para dormir mejora la oxigenaci\u00f3n para dormir mejor. \u00a1Aumenta tu rendimiento diario!<br \/>\n&#8211; \u3010Adhesi\u00f3n 12h, sin residuos\u3011Tiritas nariz respirar fija 12h con adhesivo m\u00e9dico. Se despega con agua sin dolor \u2013 ideal para barbas.<\/p>\n","protected":false},"excerpt":{"rendered":"<p>Tiras Nasales Deportivas, 30 uds Dilatador NasalDilataci\u00f3n Reforzada de Fosas Nasales. Alivia congesti\u00f3n, Optimiza Sue\u00f1o Antironquidos, Nose Strips<br \/>#Publicidad<\/p>\n","protected":false},"featured_media":3433,"comment_status":"open","ping_status":"closed","template":"","meta":[],"product_cat":[15],"product_tag":[],"class_list":{"0":"post-3434","1":"product","2":"type-product","3":"status-publish","4":"has-post-thumbnail","6":"product_cat-sin-categorizar","8":"first","9":"instock","10":"shipping-taxable","11":"product-type-external"},"_links":{"self":[{"href":"https:\/\/viajesymas.com.es\/index.php\/wp-json\/wp\/v2\/product\/3434","targetHints":{"allow":["GET"]}}],"collection":[{"href":"https:\/\/viajesymas.com.es\/index.php\/wp-json\/wp\/v2\/product"}],"about":[{"href":"https:\/\/viajesymas.com.es\/index.php\/wp-json\/wp\/v2\/types\/product"}],"replies":[{"embeddable":true,"href":"https:\/\/viajesymas.com.es\/index.php\/wp-json\/wp\/v2\/comments?post=3434"}],"wp:featuredmedia":[{"embeddable":true,"href":"https:\/\/viajesymas.com.es\/index.php\/wp-json\/wp\/v2\/media\/3433"}],"wp:attachment":[{"href":"https:\/\/viajesymas.com.es\/index.php\/wp-json\/wp\/v2\/media?parent=3434"}],"wp:term":[{"taxonomy":"product_cat","embeddable":true,"href":"https:\/\/viajesymas.com.es\/index.php\/wp-json\/wp\/v2\/product_cat?post=3434"},{"taxonomy":"product_tag","embeddable":true,"href":"https:\/\/viajesymas.com.es\/index.php\/wp-json\/wp\/v2\/product_tag?post=3434"}],"curies":[{"name":"wp","href":"https:\/\/api.w.org\/{rel}","templated":true}]}}