{"id":3428,"date":"2026-04-16T12:07:03","date_gmt":"2026-04-16T12:07:03","guid":{"rendered":"https:\/\/viajesymas.com.es\/index.php\/producto\/b0gv3m656s_es\/"},"modified":"2026-04-16T12:07:03","modified_gmt":"2026-04-16T12:07:03","slug":"b0gv3m656s_es","status":"publish","type":"product","link":"https:\/\/viajesymas.com.es\/index.php\/producto\/b0gv3m656s_es\/","title":{"rendered":"B0GV3M656S_ES"},"content":{"rendered":"<p>&#8211; Este quitaesmalte rompe con los m\u00e9todos tradicionales de eliminaci\u00f3n; no es necesario envolver las u\u00f1as en papel de aluminio ni limarlas repetidamente. Basta con aplicarlo, esperar un momento y el esmalte se desprender\u00e1.<br \/>\n&#8211; Solo tienes que aplicar el quitaesmalte sobre la superficie de las u\u00f1as, esperar entre 3 y 5 minutos y, una vez que el esmalte se haya desprendido, limpiar suavemente con un pa\u00f1uelo de papel para dejar al descubierto una superficie limpi.<br \/>\n&#8211; El set incluye el quitaesmalte y las herramientas esenciales, lo que te permite disfrutar de resultados de calidad profesional en casa, podr\u00e1s quitarte el esmalte con facilidad siguiendo las instrucciones.<\/p>\n","protected":false},"excerpt":{"rendered":"<p>Quitaesmalte Semipermanente para U\u00f1as, Removedor de Esmalte en Gel, Elimina en 3-5 Minutos de Forma R\u00e1pida y Suave, Verde<br \/>#Publicidad<\/p>\n","protected":false},"featured_media":3427,"comment_status":"open","ping_status":"closed","template":"","meta":[],"product_cat":[15],"product_tag":[],"class_list":{"0":"post-3428","1":"product","2":"type-product","3":"status-publish","4":"has-post-thumbnail","6":"product_cat-sin-categorizar","8":"first","9":"instock","10":"shipping-taxable","11":"product-type-external"},"_links":{"self":[{"href":"https:\/\/viajesymas.com.es\/index.php\/wp-json\/wp\/v2\/product\/3428","targetHints":{"allow":["GET"]}}],"collection":[{"href":"https:\/\/viajesymas.com.es\/index.php\/wp-json\/wp\/v2\/product"}],"about":[{"href":"https:\/\/viajesymas.com.es\/index.php\/wp-json\/wp\/v2\/types\/product"}],"replies":[{"embeddable":true,"href":"https:\/\/viajesymas.com.es\/index.php\/wp-json\/wp\/v2\/comments?post=3428"}],"wp:featuredmedia":[{"embeddable":true,"href":"https:\/\/viajesymas.com.es\/index.php\/wp-json\/wp\/v2\/media\/3427"}],"wp:attachment":[{"href":"https:\/\/viajesymas.com.es\/index.php\/wp-json\/wp\/v2\/media?parent=3428"}],"wp:term":[{"taxonomy":"product_cat","embeddable":true,"href":"https:\/\/viajesymas.com.es\/index.php\/wp-json\/wp\/v2\/product_cat?post=3428"},{"taxonomy":"product_tag","embeddable":true,"href":"https:\/\/viajesymas.com.es\/index.php\/wp-json\/wp\/v2\/product_tag?post=3428"}],"curies":[{"name":"wp","href":"https:\/\/api.w.org\/{rel}","templated":true}]}}