{"id":3426,"date":"2026-04-16T12:06:56","date_gmt":"2026-04-16T12:06:56","guid":{"rendered":"https:\/\/viajesymas.com.es\/index.php\/producto\/b0g5ptj973_es\/"},"modified":"2026-04-16T12:06:56","modified_gmt":"2026-04-16T12:06:56","slug":"b0g5ptj973_es","status":"publish","type":"product","link":"https:\/\/viajesymas.com.es\/index.php\/producto\/b0g5ptj973_es\/","title":{"rendered":"B0G5PTJ973_ES"},"content":{"rendered":"<p>&#8211; El uso de la boquilla antirronquidos puede reducir los ronquidos nocturnos, lo que le permite a usted y a su pareja disfrutar de un sue\u00f1o ininterrumpido. Es reutilizable varias veces.<br \/>\n&#8211; Antes de usarla, sum\u00e9rjala brevemente en agua tibia. Ret\u00edrela y col\u00f3quela en la boca para moldearla a las diferentes formas de los dientes, asegurando un ajuste seguro.<br \/>\n&#8211; Cada juego viene con un estuche de almacenamiento higi\u00e9nico, adecuado para guardar en casa o llevar de viaje, que satisface las necesidades de uso a largo plazo.<\/p>\n","protected":false},"excerpt":{"rendered":"<p>6 Piezas Ferula Bruxismo Dental Noche, Protector Bucal Para Dormir, Ferula bruxismo Anti Ronquidos, Moldeable, para Protecci\u00f3n Dientes Mejora la Del Sue\u00f1o<br \/>#Publicidad<\/p>\n","protected":false},"featured_media":3425,"comment_status":"open","ping_status":"closed","template":"","meta":[],"product_cat":[15],"product_tag":[],"class_list":{"0":"post-3426","1":"product","2":"type-product","3":"status-publish","4":"has-post-thumbnail","6":"product_cat-sin-categorizar","8":"first","9":"instock","10":"shipping-taxable","11":"product-type-external"},"_links":{"self":[{"href":"https:\/\/viajesymas.com.es\/index.php\/wp-json\/wp\/v2\/product\/3426","targetHints":{"allow":["GET"]}}],"collection":[{"href":"https:\/\/viajesymas.com.es\/index.php\/wp-json\/wp\/v2\/product"}],"about":[{"href":"https:\/\/viajesymas.com.es\/index.php\/wp-json\/wp\/v2\/types\/product"}],"replies":[{"embeddable":true,"href":"https:\/\/viajesymas.com.es\/index.php\/wp-json\/wp\/v2\/comments?post=3426"}],"wp:featuredmedia":[{"embeddable":true,"href":"https:\/\/viajesymas.com.es\/index.php\/wp-json\/wp\/v2\/media\/3425"}],"wp:attachment":[{"href":"https:\/\/viajesymas.com.es\/index.php\/wp-json\/wp\/v2\/media?parent=3426"}],"wp:term":[{"taxonomy":"product_cat","embeddable":true,"href":"https:\/\/viajesymas.com.es\/index.php\/wp-json\/wp\/v2\/product_cat?post=3426"},{"taxonomy":"product_tag","embeddable":true,"href":"https:\/\/viajesymas.com.es\/index.php\/wp-json\/wp\/v2\/product_tag?post=3426"}],"curies":[{"name":"wp","href":"https:\/\/api.w.org\/{rel}","templated":true}]}}