{"id":3424,"date":"2026-04-16T12:06:40","date_gmt":"2026-04-16T12:06:40","guid":{"rendered":"https:\/\/viajesymas.com.es\/index.php\/producto\/b0gvj7xltv_es\/"},"modified":"2026-04-16T12:06:40","modified_gmt":"2026-04-16T12:06:40","slug":"b0gvj7xltv_es","status":"publish","type":"product","link":"https:\/\/viajesymas.com.es\/index.php\/producto\/b0gvj7xltv_es\/","title":{"rendered":"B0GVJ7XLTV_ES"},"content":{"rendered":"<p>&#8211; Dos bol\u00edgrafos, convenientes para la aplicaci\u00f3n local en la piel, f\u00e1ciles de operar, presione o limpie suavemente para usar<br \/>\n&#8211; La aplicaci\u00f3n en la piel puede hacer que la parte sobresaliente de la piel sea m\u00e1s peque\u00f1a y suavizar la superficie de la piel.<br \/>\n&#8211; F\u00e1cil de transportar, se puede usar en cualquier momento en la oficina o cuando viaja<\/p>\n","protected":false},"excerpt":{"rendered":"<p>2 Piezas Skin Care Pen, mejora el las partes levantadas de la piel, peque\u00f1o y f\u00e1cil llevar, Suaviza la superficie de la piel, adecuada para hombres y mujeres.<br \/>#Publicidad<\/p>\n","protected":false},"featured_media":3423,"comment_status":"open","ping_status":"closed","template":"","meta":[],"product_cat":[15],"product_tag":[],"class_list":{"0":"post-3424","1":"product","2":"type-product","3":"status-publish","4":"has-post-thumbnail","6":"product_cat-sin-categorizar","8":"first","9":"instock","10":"shipping-taxable","11":"product-type-external"},"_links":{"self":[{"href":"https:\/\/viajesymas.com.es\/index.php\/wp-json\/wp\/v2\/product\/3424","targetHints":{"allow":["GET"]}}],"collection":[{"href":"https:\/\/viajesymas.com.es\/index.php\/wp-json\/wp\/v2\/product"}],"about":[{"href":"https:\/\/viajesymas.com.es\/index.php\/wp-json\/wp\/v2\/types\/product"}],"replies":[{"embeddable":true,"href":"https:\/\/viajesymas.com.es\/index.php\/wp-json\/wp\/v2\/comments?post=3424"}],"wp:featuredmedia":[{"embeddable":true,"href":"https:\/\/viajesymas.com.es\/index.php\/wp-json\/wp\/v2\/media\/3423"}],"wp:attachment":[{"href":"https:\/\/viajesymas.com.es\/index.php\/wp-json\/wp\/v2\/media?parent=3424"}],"wp:term":[{"taxonomy":"product_cat","embeddable":true,"href":"https:\/\/viajesymas.com.es\/index.php\/wp-json\/wp\/v2\/product_cat?post=3424"},{"taxonomy":"product_tag","embeddable":true,"href":"https:\/\/viajesymas.com.es\/index.php\/wp-json\/wp\/v2\/product_tag?post=3424"}],"curies":[{"name":"wp","href":"https:\/\/api.w.org\/{rel}","templated":true}]}}