{"id":3422,"date":"2026-04-16T12:06:30","date_gmt":"2026-04-16T12:06:30","guid":{"rendered":"https:\/\/viajesymas.com.es\/index.php\/producto\/b0glnz2ct2_es\/"},"modified":"2026-04-16T12:06:30","modified_gmt":"2026-04-16T12:06:30","slug":"b0glnz2ct2_es","status":"publish","type":"product","link":"https:\/\/viajesymas.com.es\/index.php\/producto\/b0glnz2ct2_es\/","title":{"rendered":"B0GLNZ2CT2_ES"},"content":{"rendered":"<p>&#8211; 3 tubos de 5 ml, satisfagan las necesidades de cuidado a largo plazo, adecuados para manos y pies<br \/>\n&#8211; Dise\u00f1o dirigido con precisi\u00f3n, el cuerpo en forma de bol\u00edgrafo permite aplicar con precisi\u00f3n el l\u00edquido en la zona objetivo<br \/>\n&#8211; Textura de f\u00f3rmula suave, adaptada a diferentes tipos de piel, reduce la incomodidad durante el uso<br \/>\n&#8211; Suaviza eficazmente la queratina y la piel rugosa, no es necesario esperar mucho tiempo para los resultados del cuidado<br \/>\n&#8211; Peque\u00f1o, compacto y f\u00e1cil de transportar, el cuerpo es compacto y ligero, adecuado para llevar consigo<\/p>\n","protected":false},"excerpt":{"rendered":"<p>3 Piezas Pluma Lisa para la Piel, Aplicaci\u00f3n R\u00e1pida y Sencilla, nutriendo y cuidando piel en cualquier momento, mejorar textura \u00e1spera de la cuero(15 ml)<br \/>#Publicidad<\/p>\n","protected":false},"featured_media":3421,"comment_status":"open","ping_status":"closed","template":"","meta":[],"product_cat":[15],"product_tag":[],"class_list":{"0":"post-3422","1":"product","2":"type-product","3":"status-publish","4":"has-post-thumbnail","6":"product_cat-sin-categorizar","8":"first","9":"instock","10":"shipping-taxable","11":"product-type-external"},"_links":{"self":[{"href":"https:\/\/viajesymas.com.es\/index.php\/wp-json\/wp\/v2\/product\/3422","targetHints":{"allow":["GET"]}}],"collection":[{"href":"https:\/\/viajesymas.com.es\/index.php\/wp-json\/wp\/v2\/product"}],"about":[{"href":"https:\/\/viajesymas.com.es\/index.php\/wp-json\/wp\/v2\/types\/product"}],"replies":[{"embeddable":true,"href":"https:\/\/viajesymas.com.es\/index.php\/wp-json\/wp\/v2\/comments?post=3422"}],"wp:featuredmedia":[{"embeddable":true,"href":"https:\/\/viajesymas.com.es\/index.php\/wp-json\/wp\/v2\/media\/3421"}],"wp:attachment":[{"href":"https:\/\/viajesymas.com.es\/index.php\/wp-json\/wp\/v2\/media?parent=3422"}],"wp:term":[{"taxonomy":"product_cat","embeddable":true,"href":"https:\/\/viajesymas.com.es\/index.php\/wp-json\/wp\/v2\/product_cat?post=3422"},{"taxonomy":"product_tag","embeddable":true,"href":"https:\/\/viajesymas.com.es\/index.php\/wp-json\/wp\/v2\/product_tag?post=3422"}],"curies":[{"name":"wp","href":"https:\/\/api.w.org\/{rel}","templated":true}]}}