{"id":3420,"date":"2026-04-16T12:06:25","date_gmt":"2026-04-16T12:06:25","guid":{"rendered":"https:\/\/viajesymas.com.es\/index.php\/producto\/b0gkdjks4t_es\/"},"modified":"2026-04-16T12:06:25","modified_gmt":"2026-04-16T12:06:25","slug":"b0gkdjks4t_es","status":"publish","type":"product","link":"https:\/\/viajesymas.com.es\/index.php\/producto\/b0gkdjks4t_es\/","title":{"rendered":"B0GKDJKS4T_ES"},"content":{"rendered":"<p>&#8211; Esta tobillera proporciona un soporte estable y envolvente durante el ejercicio, mejorando as\u00ed la estabilidad y la libertad de movimiento.<br \/>\n&#8211; El tejido el\u00e1stico transpirable garantiza comodidad y sequedad durante todo el d\u00eda. Su dise\u00f1o ligero y ajustado evita el sobrecalentamiento cuando se lleva puesta durante mucho tiempo.<br \/>\n&#8211; Adecuada para diversas situaciones, desde deportes profesionales hasta cuidados diarios. Ampliamente aplicable al running, el f\u00fatbol, el baloncesto y el ciclismo.<\/p>\n","protected":false},"excerpt":{"rendered":"<p>DiviDermy Tobillera Deportiva, Tobilleras Deportivas de Compresi\u00f3n, Soporte y Compresi\u00f3n para Lesiones en el Tobillo,M\uff08Pie izquierdo<br \/>#Publicidad<\/p>\n","protected":false},"featured_media":3419,"comment_status":"open","ping_status":"closed","template":"","meta":[],"product_cat":[15],"product_tag":[],"class_list":{"0":"post-3420","1":"product","2":"type-product","3":"status-publish","4":"has-post-thumbnail","6":"product_cat-sin-categorizar","8":"first","9":"instock","10":"shipping-taxable","11":"product-type-external"},"_links":{"self":[{"href":"https:\/\/viajesymas.com.es\/index.php\/wp-json\/wp\/v2\/product\/3420","targetHints":{"allow":["GET"]}}],"collection":[{"href":"https:\/\/viajesymas.com.es\/index.php\/wp-json\/wp\/v2\/product"}],"about":[{"href":"https:\/\/viajesymas.com.es\/index.php\/wp-json\/wp\/v2\/types\/product"}],"replies":[{"embeddable":true,"href":"https:\/\/viajesymas.com.es\/index.php\/wp-json\/wp\/v2\/comments?post=3420"}],"wp:featuredmedia":[{"embeddable":true,"href":"https:\/\/viajesymas.com.es\/index.php\/wp-json\/wp\/v2\/media\/3419"}],"wp:attachment":[{"href":"https:\/\/viajesymas.com.es\/index.php\/wp-json\/wp\/v2\/media?parent=3420"}],"wp:term":[{"taxonomy":"product_cat","embeddable":true,"href":"https:\/\/viajesymas.com.es\/index.php\/wp-json\/wp\/v2\/product_cat?post=3420"},{"taxonomy":"product_tag","embeddable":true,"href":"https:\/\/viajesymas.com.es\/index.php\/wp-json\/wp\/v2\/product_tag?post=3420"}],"curies":[{"name":"wp","href":"https:\/\/api.w.org\/{rel}","templated":true}]}}