{"id":3394,"date":"2026-04-16T09:42:55","date_gmt":"2026-04-16T09:42:55","guid":{"rendered":"https:\/\/viajesymas.com.es\/index.php\/producto\/b0g4txknxs_es\/"},"modified":"2026-04-16T09:42:55","modified_gmt":"2026-04-16T09:42:55","slug":"b0g4txknxs_es","status":"publish","type":"product","link":"https:\/\/viajesymas.com.es\/index.php\/producto\/b0g4txknxs_es\/","title":{"rendered":"B0G4TXKNXS_ES"},"content":{"rendered":"<p>&#8211; [Modelos compatibles] MaEiol correa acero inoxidable para Samsung Galaxy Watch 8 40mm \/ Samsung Galaxy Watch 44mm \/ Samsung Galaxy Watch 8 Classic 46mm. Comprueba el modelo de tu reloj antes de comprar.<br \/>\n&#8211; [Material de alta calidad] La correa de repuesto MaEiol est\u00e1 fabricada en acero inoxidable 304. Es resistente a la corrosi\u00f3n, dura y resistente al desgaste, con un brillo y una textura elegantes, agradable al tacto y no irrita la piel. Dise\u00f1o \u00fanico y moderno: Bonitas mariposas con diamantes en la correa. Con incrustaciones de brillantes diamantes de imitaci\u00f3n, la hermosa y brillante correa luce lujosa, brillante y elegante.<br \/>\n&#8211; [Tama\u00f1o ajustable] Correa de repuesto de acero inoxidable MaEiol, especialmente dise\u00f1ada para mujeres. Incluye una herramienta de extracci\u00f3n que te permite ajustar la longitud de la correa a tu gusto. Puedes ajustar la longitud de la correa a cada lado seg\u00fan el tama\u00f1o de tu mu\u00f1eca, para que se ajuste perfectamente. (La longitud de la correa es de aproximadamente 170 mm).<br \/>\n&#8211; [Instalaci\u00f3n] La correa de repuesto de acero inoxidable MaEiol, con un conector de acero inoxidable, se ajusta firmemente a la interfaz del reloj y es f\u00e1cil de instalar y quitar.<br \/>\n&#8211; [Servicio personalizado] Si tienes alguna pregunta sobre el producto, defectos o problemas de calidad, puedes contactarnos directamente por correo electr\u00f3nico. Ofrecemos un servicio al cliente profesional y amable. Tu satisfacci\u00f3n es nuestro mayor objetivo.<\/p>\n","protected":false},"excerpt":{"rendered":"<p>MaEiol Correa Metal para Samsung Galaxy Watch 8 40mm 44mm \/ Samsung Galaxy Watch 8 Classic 46mm, Repuesto Acero Inoxidable Cristales Purpurina Mariposa para Mujer, Oro Rosa<br \/>#Publicidad<\/p>\n","protected":false},"featured_media":3393,"comment_status":"open","ping_status":"closed","template":"","meta":[],"product_cat":[15],"product_tag":[],"class_list":{"0":"post-3394","1":"product","2":"type-product","3":"status-publish","4":"has-post-thumbnail","6":"product_cat-sin-categorizar","8":"first","9":"instock","10":"shipping-taxable","11":"product-type-external"},"_links":{"self":[{"href":"https:\/\/viajesymas.com.es\/index.php\/wp-json\/wp\/v2\/product\/3394","targetHints":{"allow":["GET"]}}],"collection":[{"href":"https:\/\/viajesymas.com.es\/index.php\/wp-json\/wp\/v2\/product"}],"about":[{"href":"https:\/\/viajesymas.com.es\/index.php\/wp-json\/wp\/v2\/types\/product"}],"replies":[{"embeddable":true,"href":"https:\/\/viajesymas.com.es\/index.php\/wp-json\/wp\/v2\/comments?post=3394"}],"wp:featuredmedia":[{"embeddable":true,"href":"https:\/\/viajesymas.com.es\/index.php\/wp-json\/wp\/v2\/media\/3393"}],"wp:attachment":[{"href":"https:\/\/viajesymas.com.es\/index.php\/wp-json\/wp\/v2\/media?parent=3394"}],"wp:term":[{"taxonomy":"product_cat","embeddable":true,"href":"https:\/\/viajesymas.com.es\/index.php\/wp-json\/wp\/v2\/product_cat?post=3394"},{"taxonomy":"product_tag","embeddable":true,"href":"https:\/\/viajesymas.com.es\/index.php\/wp-json\/wp\/v2\/product_tag?post=3394"}],"curies":[{"name":"wp","href":"https:\/\/api.w.org\/{rel}","templated":true}]}}