{"id":3384,"date":"2026-04-16T09:42:05","date_gmt":"2026-04-16T09:42:05","guid":{"rendered":"https:\/\/viajesymas.com.es\/index.php\/producto\/b0flp1bx71_es\/"},"modified":"2026-04-16T09:42:05","modified_gmt":"2026-04-16T09:42:05","slug":"b0flp1bx71_es","status":"publish","type":"product","link":"https:\/\/viajesymas.com.es\/index.php\/producto\/b0flp1bx71_es\/","title":{"rendered":"B0FLP1BX71_ES"},"content":{"rendered":"<p>&#8211; [Modelos compatibles] MaEiol Correa el\u00e1stica nylon nailon para Apple Watch Series 11 42mm \/ Apple Watch SE 3 40mm \/ Apple Watch Series 10 42mm \/ Apple Watch Series 9 41mm \/ Apple Watch Series 8 41mm \/ Apple Watch Series 7 41mm \/ Apple Watch SE 2 40mm \/ Apple Watch SE 40mm \/ Apple Watch Series 6 40mm \/ Apple Watch Series 5 40mm \/ Apple Watch Series 4 40mm \/ Apple Watch Series 3 38mm \/ Apple Watch Series 2 38mm \/ Apple Watch Series 1 38mm.<br \/>\n&#8211; [Material] Esta correa de repuesto est\u00e1 hecha de nailon altamente el\u00e1stico, suave, transpirable y c\u00f3modo al tacto. Su fino tejido mejora la transpirabilidad. Su construcci\u00f3n tejida a mano es f\u00e1cil de limpiar, lo que la hace ideal para usar durante todo el a\u00f1o. El nailon es ligero y suave, a diferencia del metal pesado. Su dise\u00f1o agradable para la piel, transpirable y lavable mantiene tu mu\u00f1eca fresca y transpirable, convirti\u00e9ndola en la compa\u00f1era perfecta para el deporte y el uso diario.<br \/>\n&#8211; [Dise\u00f1o de hebilla magn\u00e9tica] Esta correa el\u00e1stica de nailon cuenta con una hebilla magn\u00e9tica para un manejo f\u00e1cil y un ajuste seguro. El cierre plegable magn\u00e9tico ajustable permite un ajuste sencillo a tu mu\u00f1eca. Es c\u00f3moda y no aprieta. [Tama\u00f1os de la correa: Longitud m\u00ednima (11 cm\/4,33&#8243;) + longitud de la esfera; Longitud m\u00e1xima (18 cm\/7,09&#8243;) + longitud de la esfera]<br \/>\n&#8211; [F\u00e1cil instalaci\u00f3n] Esta correa el\u00e1stica de nailon magn\u00e9tica es f\u00e1cil de poner y quitar sin herramientas. Los conectores en ambos extremos est\u00e1n dise\u00f1ados espec\u00edficamente para el Apple Watch y se conectan de forma r\u00e1pida y precisa en tan solo un segundo. Esto la hace f\u00e1cil y c\u00f3moda de usar, combinando moda y funcionalidad.<br \/>\n&#8211; [Usos] La correa del reloj presenta unas llamativas costuras naranjas que le dan un aspecto distintivo y eliminan el color opaco y liso. Es ideal para diversas ocasiones, como el uso diario, correr, senderismo, actividades al aire libre, tareas dom\u00e9sticas, trabajo y oficina. El material es resistente a la deformaci\u00f3n y se puede limpiar directamente con agua incluso cuando est\u00e1 sucio, lo que facilita su mantenimiento. Es c\u00f3modo, duradero e higi\u00e9nico.<\/p>\n","protected":false},"excerpt":{"rendered":"<p>MaEiol Correas Nylon para Apple Watch 41mm \/40mm \/38mm \/42mm(Series 11\/10), Correas El\u00e1sticos Magn\u00e9tica Deportiva Repuesto Hombres Mujeres para Apple Watch SE\/Series 11 10 9 8 7 6 5 4 3 2 1, Negro<br \/>#Publicidad<\/p>\n","protected":false},"featured_media":3383,"comment_status":"open","ping_status":"closed","template":"","meta":[],"product_cat":[15],"product_tag":[],"class_list":{"0":"post-3384","1":"product","2":"type-product","3":"status-publish","4":"has-post-thumbnail","6":"product_cat-sin-categorizar","8":"first","9":"instock","10":"shipping-taxable","11":"product-type-external"},"_links":{"self":[{"href":"https:\/\/viajesymas.com.es\/index.php\/wp-json\/wp\/v2\/product\/3384","targetHints":{"allow":["GET"]}}],"collection":[{"href":"https:\/\/viajesymas.com.es\/index.php\/wp-json\/wp\/v2\/product"}],"about":[{"href":"https:\/\/viajesymas.com.es\/index.php\/wp-json\/wp\/v2\/types\/product"}],"replies":[{"embeddable":true,"href":"https:\/\/viajesymas.com.es\/index.php\/wp-json\/wp\/v2\/comments?post=3384"}],"wp:featuredmedia":[{"embeddable":true,"href":"https:\/\/viajesymas.com.es\/index.php\/wp-json\/wp\/v2\/media\/3383"}],"wp:attachment":[{"href":"https:\/\/viajesymas.com.es\/index.php\/wp-json\/wp\/v2\/media?parent=3384"}],"wp:term":[{"taxonomy":"product_cat","embeddable":true,"href":"https:\/\/viajesymas.com.es\/index.php\/wp-json\/wp\/v2\/product_cat?post=3384"},{"taxonomy":"product_tag","embeddable":true,"href":"https:\/\/viajesymas.com.es\/index.php\/wp-json\/wp\/v2\/product_tag?post=3384"}],"curies":[{"name":"wp","href":"https:\/\/api.w.org\/{rel}","templated":true}]}}