{"id":3360,"date":"2026-04-16T09:39:55","date_gmt":"2026-04-16T09:39:55","guid":{"rendered":"https:\/\/viajesymas.com.es\/index.php\/producto\/b0f1f7mxjz_es\/"},"modified":"2026-04-16T09:39:55","modified_gmt":"2026-04-16T09:39:55","slug":"b0f1f7mxjz_es","status":"publish","type":"product","link":"https:\/\/viajesymas.com.es\/index.php\/producto\/b0f1f7mxjz_es\/","title":{"rendered":"B0F1F7MXJZ_ES"},"content":{"rendered":"<p>&#8211; [Modelos Compatibles] MaEiol correa de cuero compatible con Xiaomi Redmi Watch 6 \/ Xiaomi Redmi Watch 5 \/ Xiaomi Redmi Watch 4 \/ Xiaomi Smart Band 9 Pro \/ Xiaomi Smart Band 8 Pro \/ Xiaomi Mi Band 9 Pro \/ Xiaomi Mi Band 8 Pro y es adecuada tanto para hombres como para mujeres. (Nota: El smartwatch no est\u00e1 incluido).<br \/>\n&#8211; [Materiales de Alta Calidad] Esta correa de cuero est\u00e1 hecha de cuero encerado. Es suave, el\u00e1stica y c\u00f3moda. No solo tiene una textura hermosa, sino que tambi\u00e9n es moderna y c\u00f3moda de usar. El cuero de alta calidad le da a la correa un excelente aspecto y tacto, d\u00e1ndole a su reloj un aspecto m\u00e1s moderno. [Nota: La correa puede estar un poco r\u00edgida al principio. Por lo tanto, d\u00f3blela varias veces o \u00fasela durante unos d\u00edas.]<br \/>\n&#8211; [Dise\u00f1o Retro y Cl\u00e1sico] Con un cierre cl\u00e1sico de acero inoxidable. La exquisita costura a mano se adapta al dise\u00f1o ergon\u00f3mico y se ajusta perfectamente a su mu\u00f1eca. Hecha a mano con costuras exquisitas y duradera, le da a toda la correa un aspecto retro. El dise\u00f1o multiagujero facilita su uso y permite ajustar la longitud de la pulsera de cuero a la longitud de tu brazo. No se requieren herramientas para su instalaci\u00f3n ni extracci\u00f3n.<br \/>\n&#8211; [Moderna y vers\u00e1til] Elegante y sencilla, a la vez que elegante y generosa, ofrece todo lo necesario para el d\u00eda a d\u00eda y para tus desplazamientos. Su cl\u00e1sica paleta de colores se adapta a cualquier ocasi\u00f3n. Perfecta para cualquier ocasi\u00f3n. Un look profesional para cualquier ocasi\u00f3n, ya sea para deporte, ocio, uso diario, fiestas o la oficina.<br \/>\n&#8211; [Atenci\u00f3n al cliente] Si el art\u00edculo que recibes no coincide con tu pedido, est\u00e1 defectuoso o da\u00f1ado, o si tienes alguna otra pregunta, no dudes en contactarnos. Responderemos a tu solicitud en 24 horas.<\/p>\n","protected":false},"excerpt":{"rendered":"<p>MaEiol Correa Cuero para Xiaomi Redmi Watch 6\/5\/4 \/ Xiaomi Smart Band 9 Pro\/8 Pro\/Xiaomi Mi Band 9 Pro\/8 Pro, Correas Repuesto Cuero Pulsera para Hombres y Mujeres &#8211; Negro<br \/>#Publicidad<\/p>\n","protected":false},"featured_media":3359,"comment_status":"open","ping_status":"closed","template":"","meta":[],"product_cat":[15],"product_tag":[],"class_list":{"0":"post-3360","1":"product","2":"type-product","3":"status-publish","4":"has-post-thumbnail","6":"product_cat-sin-categorizar","8":"first","9":"instock","10":"shipping-taxable","11":"product-type-external"},"_links":{"self":[{"href":"https:\/\/viajesymas.com.es\/index.php\/wp-json\/wp\/v2\/product\/3360","targetHints":{"allow":["GET"]}}],"collection":[{"href":"https:\/\/viajesymas.com.es\/index.php\/wp-json\/wp\/v2\/product"}],"about":[{"href":"https:\/\/viajesymas.com.es\/index.php\/wp-json\/wp\/v2\/types\/product"}],"replies":[{"embeddable":true,"href":"https:\/\/viajesymas.com.es\/index.php\/wp-json\/wp\/v2\/comments?post=3360"}],"wp:featuredmedia":[{"embeddable":true,"href":"https:\/\/viajesymas.com.es\/index.php\/wp-json\/wp\/v2\/media\/3359"}],"wp:attachment":[{"href":"https:\/\/viajesymas.com.es\/index.php\/wp-json\/wp\/v2\/media?parent=3360"}],"wp:term":[{"taxonomy":"product_cat","embeddable":true,"href":"https:\/\/viajesymas.com.es\/index.php\/wp-json\/wp\/v2\/product_cat?post=3360"},{"taxonomy":"product_tag","embeddable":true,"href":"https:\/\/viajesymas.com.es\/index.php\/wp-json\/wp\/v2\/product_tag?post=3360"}],"curies":[{"name":"wp","href":"https:\/\/api.w.org\/{rel}","templated":true}]}}