{"id":3354,"date":"2026-04-16T09:16:33","date_gmt":"2026-04-16T09:16:33","guid":{"rendered":"https:\/\/viajesymas.com.es\/index.php\/producto\/b0g2m7z6w1_es\/"},"modified":"2026-04-16T09:16:33","modified_gmt":"2026-04-16T09:16:33","slug":"b0g2m7z6w1_es","status":"publish","type":"product","link":"https:\/\/viajesymas.com.es\/index.php\/producto\/b0g2m7z6w1_es\/","title":{"rendered":"B0G2M7Z6W1_ES"},"content":{"rendered":"<p>&#8211; Paquete incluido:2 pares de almohadillas para el tal\u00f3n y 2 pares almohadillas del antepi\u00e9, ayuda a aliviar la fatiga y el estr\u00e9s satisfacer tus necesidades diarias.<br \/>\n&#8211; Material:Almohadillas para pies est\u00e1n hechas de gel suave que un soporte para sus pies y se siente extremadamente suave y c\u00f3modo, con gran elasticidad y flexibilidad.Se pueden usar durante mucho tiempo.<br \/>\n&#8211; Almohadilla para el tal\u00f3n antiara\u00f1azos: El acolchado de los dedos puede llenar el espacio del zapato grande y reducir la presi\u00f3n del zapato sobre los dedos de los pies.Proporcionan una distribuci\u00f3n uniforme de la presi\u00f3n en el \u00e1rea del antepi\u00e9, evite que los pies se deslicen hacia adelante.<br \/>\n&#8211; F\u00e1cil de usar: La almohadilla del tal\u00f3n es autoadhesivo, lavable, sin perjuicio de los zapatos, reutilizable.Se puede usar con una variedad de zapatos que incluyen tacones altos, simplemente qu\u00edtela y p\u00e9guela en la posici\u00f3n deseada en la parte posterior del zapato.<br \/>\n&#8211; Aplicaciones amplias:Unisex, adecuado para todos, adecuado para diferentes zapatos, como tacones y zapatos planos.Suave masaje en los talones durante cualquier movimiento. Mantenga su estilo comodidad con las almohadillas de gel que brindan un suave soporte de silicona.<\/p>\n","protected":false},"excerpt":{"rendered":"<p>2 Pares Almohadillas del Antepi\u00e9 y 2 pares de almohadillas para el tal\u00f3n, Plantillas Talon Para Tacones, Almohadilla para los pie, almohadilla para el tal\u00f3n antiara\u00f1azos y c\u00f3modas, Aliviar Dolor<br \/>#Publicidad<\/p>\n","protected":false},"featured_media":3353,"comment_status":"open","ping_status":"closed","template":"","meta":[],"product_cat":[15],"product_tag":[],"class_list":{"0":"post-3354","1":"product","2":"type-product","3":"status-publish","4":"has-post-thumbnail","6":"product_cat-sin-categorizar","8":"first","9":"instock","10":"shipping-taxable","11":"product-type-external"},"_links":{"self":[{"href":"https:\/\/viajesymas.com.es\/index.php\/wp-json\/wp\/v2\/product\/3354","targetHints":{"allow":["GET"]}}],"collection":[{"href":"https:\/\/viajesymas.com.es\/index.php\/wp-json\/wp\/v2\/product"}],"about":[{"href":"https:\/\/viajesymas.com.es\/index.php\/wp-json\/wp\/v2\/types\/product"}],"replies":[{"embeddable":true,"href":"https:\/\/viajesymas.com.es\/index.php\/wp-json\/wp\/v2\/comments?post=3354"}],"wp:featuredmedia":[{"embeddable":true,"href":"https:\/\/viajesymas.com.es\/index.php\/wp-json\/wp\/v2\/media\/3353"}],"wp:attachment":[{"href":"https:\/\/viajesymas.com.es\/index.php\/wp-json\/wp\/v2\/media?parent=3354"}],"wp:term":[{"taxonomy":"product_cat","embeddable":true,"href":"https:\/\/viajesymas.com.es\/index.php\/wp-json\/wp\/v2\/product_cat?post=3354"},{"taxonomy":"product_tag","embeddable":true,"href":"https:\/\/viajesymas.com.es\/index.php\/wp-json\/wp\/v2\/product_tag?post=3354"}],"curies":[{"name":"wp","href":"https:\/\/api.w.org\/{rel}","templated":true}]}}