{"id":3352,"date":"2026-04-16T08:13:41","date_gmt":"2026-04-16T08:13:41","guid":{"rendered":"https:\/\/viajesymas.com.es\/index.php\/producto\/b07nsv64zx_es\/"},"modified":"2026-04-16T08:13:41","modified_gmt":"2026-04-16T08:13:41","slug":"b07nsv64zx_es","status":"publish","type":"product","link":"https:\/\/viajesymas.com.es\/index.php\/producto\/b07nsv64zx_es\/","title":{"rendered":"B07NSV64ZX_ES"},"content":{"rendered":"<p>&#8211; Talla:S\/M\/L. por favor consulte nuestra tabla de tallas antes de comprar ,gracias por su comprensi\u00f3n<br \/>\n&#8211; La mejor opci\u00f3n para el traje de ba\u00f1o de verano en la playa, el dise\u00f1o \u00fanico seguramente te prestar\u00e1 toda tu atenci\u00f3n.<br \/>\n&#8211; Material: 100%poli\u00e9ster. El mejor tejido para trajes de ba\u00f1o.<br \/>\n&#8211; Top de bikini triangular deslizante, acolchado extra\u00edble para aumentar el volumen<br \/>\n&#8211; Instrucciones de lavado: Lavar a mano con agua fr\u00eda por separado, solo blanqueador sin cloro cuando sea necesario, no lavar en seco<\/p>\n","protected":false},"excerpt":{"rendered":"<p>JFAN Bikinis Mujer 2023 Conjuntos de Bikinis para Mujer Push Up Halter Bra Tops Ropa de Playa Traje de Ba\u00f1o de Dos Piezas(Negro,S)<br \/>#Publicidad<\/p>\n","protected":false},"featured_media":3351,"comment_status":"open","ping_status":"closed","template":"","meta":[],"product_cat":[15],"product_tag":[],"class_list":{"0":"post-3352","1":"product","2":"type-product","3":"status-publish","4":"has-post-thumbnail","6":"product_cat-sin-categorizar","8":"first","9":"instock","10":"shipping-taxable","11":"product-type-external"},"_links":{"self":[{"href":"https:\/\/viajesymas.com.es\/index.php\/wp-json\/wp\/v2\/product\/3352","targetHints":{"allow":["GET"]}}],"collection":[{"href":"https:\/\/viajesymas.com.es\/index.php\/wp-json\/wp\/v2\/product"}],"about":[{"href":"https:\/\/viajesymas.com.es\/index.php\/wp-json\/wp\/v2\/types\/product"}],"replies":[{"embeddable":true,"href":"https:\/\/viajesymas.com.es\/index.php\/wp-json\/wp\/v2\/comments?post=3352"}],"wp:featuredmedia":[{"embeddable":true,"href":"https:\/\/viajesymas.com.es\/index.php\/wp-json\/wp\/v2\/media\/3351"}],"wp:attachment":[{"href":"https:\/\/viajesymas.com.es\/index.php\/wp-json\/wp\/v2\/media?parent=3352"}],"wp:term":[{"taxonomy":"product_cat","embeddable":true,"href":"https:\/\/viajesymas.com.es\/index.php\/wp-json\/wp\/v2\/product_cat?post=3352"},{"taxonomy":"product_tag","embeddable":true,"href":"https:\/\/viajesymas.com.es\/index.php\/wp-json\/wp\/v2\/product_tag?post=3352"}],"curies":[{"name":"wp","href":"https:\/\/api.w.org\/{rel}","templated":true}]}}