{"id":3342,"date":"2026-04-15T13:01:09","date_gmt":"2026-04-15T13:01:09","guid":{"rendered":"https:\/\/viajesymas.com.es\/index.php\/producto\/b0fxghv1r7_es-2\/"},"modified":"2026-04-15T13:01:09","modified_gmt":"2026-04-15T13:01:09","slug":"b0fxghv1r7_es-2","status":"publish","type":"product","link":"https:\/\/viajesymas.com.es\/index.php\/producto\/b0fxghv1r7_es-2\/","title":{"rendered":"B0FXGHV1R7_ES"},"content":{"rendered":"<p>&#8211; Nuestro nebulizador nasal es totalmente transparente y se adapta a cualquier situaci\u00f3n de la vida. Por lo tanto, de d\u00eda como de noche, puede respirar mejor con nuestros antiasfixia.<br \/>\n&#8211; Un dise\u00f1o vers\u00e1til personalizado para diferentes tama\u00f1os de nariz puede ayudar a identificar y ayudar a las especificaciones correctas.<br \/>\n&#8211; Ayuda a estirar las cavidades nasales, aumenta la inhalaci\u00f3n de aire, mejora la respiraci\u00f3n y hace que el sue\u00f1o sea m\u00e1s tranquilo.<\/p>\n","protected":false},"excerpt":{"rendered":"<p>8 Piezas Clip Nasal Antirronquidos, Reutilizables Silicona Dilatadores Nasales, F\u00e1cil de Colocar y Quitar, Reduce los Ruidos del Ronquido, Para un Descanso Nocturno Mejorado<br \/>#Publicidad<\/p>\n","protected":false},"featured_media":3341,"comment_status":"open","ping_status":"closed","template":"","meta":[],"product_cat":[15],"product_tag":[],"class_list":{"0":"post-3342","1":"product","2":"type-product","3":"status-publish","4":"has-post-thumbnail","6":"product_cat-sin-categorizar","8":"first","9":"instock","10":"shipping-taxable","11":"product-type-external"},"_links":{"self":[{"href":"https:\/\/viajesymas.com.es\/index.php\/wp-json\/wp\/v2\/product\/3342","targetHints":{"allow":["GET"]}}],"collection":[{"href":"https:\/\/viajesymas.com.es\/index.php\/wp-json\/wp\/v2\/product"}],"about":[{"href":"https:\/\/viajesymas.com.es\/index.php\/wp-json\/wp\/v2\/types\/product"}],"replies":[{"embeddable":true,"href":"https:\/\/viajesymas.com.es\/index.php\/wp-json\/wp\/v2\/comments?post=3342"}],"wp:featuredmedia":[{"embeddable":true,"href":"https:\/\/viajesymas.com.es\/index.php\/wp-json\/wp\/v2\/media\/3341"}],"wp:attachment":[{"href":"https:\/\/viajesymas.com.es\/index.php\/wp-json\/wp\/v2\/media?parent=3342"}],"wp:term":[{"taxonomy":"product_cat","embeddable":true,"href":"https:\/\/viajesymas.com.es\/index.php\/wp-json\/wp\/v2\/product_cat?post=3342"},{"taxonomy":"product_tag","embeddable":true,"href":"https:\/\/viajesymas.com.es\/index.php\/wp-json\/wp\/v2\/product_tag?post=3342"}],"curies":[{"name":"wp","href":"https:\/\/api.w.org\/{rel}","templated":true}]}}