{"id":3338,"date":"2026-04-15T11:20:48","date_gmt":"2026-04-15T11:20:48","guid":{"rendered":"https:\/\/viajesymas.com.es\/index.php\/producto\/b0fgwzy8hg_es-3\/"},"modified":"2026-04-15T11:20:48","modified_gmt":"2026-04-15T11:20:48","slug":"b0fgwzy8hg_es-3","status":"publish","type":"product","link":"https:\/\/viajesymas.com.es\/index.php\/producto\/b0fgwzy8hg_es-3\/","title":{"rendered":"B0FGWZY8HG_ES"},"content":{"rendered":"<p>&#8211; Embalaje higi\u00e9nico individual, cada par de adhesivos dentales est\u00e1 sellado individualmente, es f\u00e1cil de llevar y usar.<br \/>\n&#8211; La operaci\u00f3n es simple y r\u00e1pido, se adapta con facilidad y puede ser usada, ahorra tiempo y esfuerzo.<br \/>\n&#8211; El dise\u00f1o \u00fanico que se adapta a la curva de los dientes ilumina el color de los dientes, reduce las manchas superficiales de los dientes.<br \/>\n&#8211; Dise\u00f1o compacto y port\u00e1til, se puede utilizar en cualquier momento en casa, viaje u oficina.<br \/>\n&#8211; El proceso especial de la superficie mejora la fuerza de adsorci\u00f3n, se ajusta firmemente a los dientes y no es f\u00e1cil de deslizar.<\/p>\n","protected":false},"excerpt":{"rendered":"<p>Tiras Blanqueadoras Dientes, Tiras Blanqueadoras Antideslizantes, Para Dientes para el Caf\u00e9 Vino y Otras Manchas, P\u00farpura claro<br \/>#Publicidad<\/p>\n","protected":false},"featured_media":3337,"comment_status":"open","ping_status":"closed","template":"","meta":[],"product_cat":[15],"product_tag":[],"class_list":{"0":"post-3338","1":"product","2":"type-product","3":"status-publish","4":"has-post-thumbnail","6":"product_cat-sin-categorizar","8":"first","9":"instock","10":"shipping-taxable","11":"product-type-external"},"_links":{"self":[{"href":"https:\/\/viajesymas.com.es\/index.php\/wp-json\/wp\/v2\/product\/3338","targetHints":{"allow":["GET"]}}],"collection":[{"href":"https:\/\/viajesymas.com.es\/index.php\/wp-json\/wp\/v2\/product"}],"about":[{"href":"https:\/\/viajesymas.com.es\/index.php\/wp-json\/wp\/v2\/types\/product"}],"replies":[{"embeddable":true,"href":"https:\/\/viajesymas.com.es\/index.php\/wp-json\/wp\/v2\/comments?post=3338"}],"wp:featuredmedia":[{"embeddable":true,"href":"https:\/\/viajesymas.com.es\/index.php\/wp-json\/wp\/v2\/media\/3337"}],"wp:attachment":[{"href":"https:\/\/viajesymas.com.es\/index.php\/wp-json\/wp\/v2\/media?parent=3338"}],"wp:term":[{"taxonomy":"product_cat","embeddable":true,"href":"https:\/\/viajesymas.com.es\/index.php\/wp-json\/wp\/v2\/product_cat?post=3338"},{"taxonomy":"product_tag","embeddable":true,"href":"https:\/\/viajesymas.com.es\/index.php\/wp-json\/wp\/v2\/product_tag?post=3338"}],"curies":[{"name":"wp","href":"https:\/\/api.w.org\/{rel}","templated":true}]}}