{"id":3332,"date":"2026-04-15T10:44:48","date_gmt":"2026-04-15T10:44:48","guid":{"rendered":"https:\/\/viajesymas.com.es\/index.php\/producto\/b0gszshwkx_es\/"},"modified":"2026-04-15T10:44:48","modified_gmt":"2026-04-15T10:44:48","slug":"b0gszshwkx_es","status":"publish","type":"product","link":"https:\/\/viajesymas.com.es\/index.php\/producto\/b0gszshwkx_es\/","title":{"rendered":"B0GSZSHWKX_ES"},"content":{"rendered":"<p>&#8211; Kit completo de tiras para an\u00e1lisis en el hogar: Incluye 1 dispositivo electr\u00f3nico con pantalla de tiempo y 3 tiras reactivas universales, ideal para realizar comprobaciones peri\u00f3dicas.<br \/>\n&#8211; Tecnolog\u00eda avanzada: Dise\u00f1ado para ofrecer una lectura clara en minutos. Alta sensibilidad para una respuesta r\u00e1pida.<br \/>\n&#8211; Resultados r\u00e1pidos: Obtenga una lectura clara en tan solo 3 minutos mediante l\u00edneas de color o s\u00edmbolos en la ventana de resultados.<br \/>\n&#8211; Dise\u00f1o ergon\u00f3mico: El mango alargado del dispositivo principal facilita un agarre c\u00f3modo e higi\u00e9nico durante el uso.<br \/>\n&#8211; Producto de uso dom\u00e9stico: Almacene en lugar seco. Lea las instrucciones incluidas en el envase.<\/p>\n","protected":false},"excerpt":{"rendered":"<p>Lote de 4 Kit de Acompa\u00f1amiento Dom\u00e9stico para la Etapa de Maternidad &#8211; 1 Test con Seguimiento de Ciclo Temporal y 3 Unidades de Identificaci\u00f3n de Fase &#8211; Resultados Claros en Minutos<br \/>#Publicidad<\/p>\n","protected":false},"featured_media":3331,"comment_status":"open","ping_status":"closed","template":"","meta":[],"product_cat":[15],"product_tag":[],"class_list":{"0":"post-3332","1":"product","2":"type-product","3":"status-publish","4":"has-post-thumbnail","6":"product_cat-sin-categorizar","8":"first","9":"instock","10":"shipping-taxable","11":"product-type-external"},"_links":{"self":[{"href":"https:\/\/viajesymas.com.es\/index.php\/wp-json\/wp\/v2\/product\/3332","targetHints":{"allow":["GET"]}}],"collection":[{"href":"https:\/\/viajesymas.com.es\/index.php\/wp-json\/wp\/v2\/product"}],"about":[{"href":"https:\/\/viajesymas.com.es\/index.php\/wp-json\/wp\/v2\/types\/product"}],"replies":[{"embeddable":true,"href":"https:\/\/viajesymas.com.es\/index.php\/wp-json\/wp\/v2\/comments?post=3332"}],"wp:featuredmedia":[{"embeddable":true,"href":"https:\/\/viajesymas.com.es\/index.php\/wp-json\/wp\/v2\/media\/3331"}],"wp:attachment":[{"href":"https:\/\/viajesymas.com.es\/index.php\/wp-json\/wp\/v2\/media?parent=3332"}],"wp:term":[{"taxonomy":"product_cat","embeddable":true,"href":"https:\/\/viajesymas.com.es\/index.php\/wp-json\/wp\/v2\/product_cat?post=3332"},{"taxonomy":"product_tag","embeddable":true,"href":"https:\/\/viajesymas.com.es\/index.php\/wp-json\/wp\/v2\/product_tag?post=3332"}],"curies":[{"name":"wp","href":"https:\/\/api.w.org\/{rel}","templated":true}]}}