{"id":3330,"date":"2026-04-15T09:03:44","date_gmt":"2026-04-15T09:03:44","guid":{"rendered":"https:\/\/viajesymas.com.es\/index.php\/producto\/b0gdzb6q25_es\/"},"modified":"2026-04-15T09:03:44","modified_gmt":"2026-04-15T09:03:44","slug":"b0gdzb6q25_es","status":"publish","type":"product","link":"https:\/\/viajesymas.com.es\/index.php\/producto\/b0gdzb6q25_es\/","title":{"rendered":"B0GDZB6Q25_ES"},"content":{"rendered":"<p>&#8211; Este producto es f\u00e1cil de transportar y guardar a diario, adecuado para usar en casa o al salir, y se integra f\u00e1cilmente en su proceso de cuidado personal.<br \/>\n&#8211; Adecuado para el cuidado diario del cabello y la barba, ayuda a mantener la suavidad del cabello; el uso prolongado puede contribuir a presentar un aspecto m\u00e1s vibrante.<br \/>\n&#8211; La textura es ligera y no grasa, con buena extensibilidad, f\u00e1cil de aplicar de forma uniforme, lo que hace que el peinado sea m\u00e1s natural y armonioso, y mejora la imagen general.<br \/>\n&#8211; Tome una cantidad adecuada del producto en la palma de la mano, apl\u00edquelo de forma uniforme sobre el cabello o la zona de la barba, masajee suavemente hasta su absorci\u00f3n completa.<br \/>\n&#8211; Adecuado para el uso diario en personas con distintos tipos de cabello y estados de la barba, es una opci\u00f3n ideal de cuidado para quienes prestan atenci\u00f3n a la gesti\u00f3n de su imagen personal.<\/p>\n","protected":false},"excerpt":{"rendered":"<p>50 ml Aceite para Barba,Aceite de capilar,Cuidado capilar y de barba,Ayuda a Nutrir y Fortalecer la mejora el aspecto del cabello &amp; barba,apto para hombres y mujeres<br \/>#Publicidad<\/p>\n","protected":false},"featured_media":3329,"comment_status":"open","ping_status":"closed","template":"","meta":[],"product_cat":[15],"product_tag":[],"class_list":{"0":"post-3330","1":"product","2":"type-product","3":"status-publish","4":"has-post-thumbnail","6":"product_cat-sin-categorizar","8":"first","9":"instock","10":"shipping-taxable","11":"product-type-external"},"_links":{"self":[{"href":"https:\/\/viajesymas.com.es\/index.php\/wp-json\/wp\/v2\/product\/3330","targetHints":{"allow":["GET"]}}],"collection":[{"href":"https:\/\/viajesymas.com.es\/index.php\/wp-json\/wp\/v2\/product"}],"about":[{"href":"https:\/\/viajesymas.com.es\/index.php\/wp-json\/wp\/v2\/types\/product"}],"replies":[{"embeddable":true,"href":"https:\/\/viajesymas.com.es\/index.php\/wp-json\/wp\/v2\/comments?post=3330"}],"wp:featuredmedia":[{"embeddable":true,"href":"https:\/\/viajesymas.com.es\/index.php\/wp-json\/wp\/v2\/media\/3329"}],"wp:attachment":[{"href":"https:\/\/viajesymas.com.es\/index.php\/wp-json\/wp\/v2\/media?parent=3330"}],"wp:term":[{"taxonomy":"product_cat","embeddable":true,"href":"https:\/\/viajesymas.com.es\/index.php\/wp-json\/wp\/v2\/product_cat?post=3330"},{"taxonomy":"product_tag","embeddable":true,"href":"https:\/\/viajesymas.com.es\/index.php\/wp-json\/wp\/v2\/product_tag?post=3330"}],"curies":[{"name":"wp","href":"https:\/\/api.w.org\/{rel}","templated":true}]}}