{"id":3316,"date":"2026-04-14T13:57:24","date_gmt":"2026-04-14T13:57:24","guid":{"rendered":"https:\/\/viajesymas.com.es\/index.php\/producto\/b0g5pdzl14_es\/"},"modified":"2026-04-14T13:57:24","modified_gmt":"2026-04-14T13:57:24","slug":"b0g5pdzl14_es","status":"publish","type":"product","link":"https:\/\/viajesymas.com.es\/index.php\/producto\/b0g5pdzl14_es\/","title":{"rendered":"B0G5PDZL14_ES"},"content":{"rendered":"<p>&#8211; Esta boquilla antirronquidos est\u00e1 dise\u00f1ada para mejorar la respiraci\u00f3n durante el sue\u00f1o y reducir los ronquidos, ofreciendo una soluci\u00f3n eficaz para un descanso nocturno m\u00e1s tranquilo.<br \/>\n&#8211; F\u00e1cilmente moldeable en casa para garantizar un ajuste personalizado y c\u00f3modo, se puede llevar como protector nocturno durante el sue\u00f1o.<br \/>\n&#8211; Duradera y f\u00e1cil de limpiar, se mantiene fija en su sitio durante el sue\u00f1o y se puede utilizar tanto de d\u00eda como de noche, lo que permite una rotaci\u00f3n diaria.<\/p>\n","protected":false},"excerpt":{"rendered":"<p>6 Anti-Ronquidos Juego De Cuatro, Protector Dental Nocturno, Reduce De Ronquidos, Reutilizables, Mejora La Calidad Del Sue\u00f1O Tanto En Hombres Como En Mujeres<br \/>#Publicidad<\/p>\n","protected":false},"featured_media":3315,"comment_status":"open","ping_status":"closed","template":"","meta":[],"product_cat":[15],"product_tag":[],"class_list":{"0":"post-3316","1":"product","2":"type-product","3":"status-publish","4":"has-post-thumbnail","6":"product_cat-sin-categorizar","8":"first","9":"instock","10":"shipping-taxable","11":"product-type-external"},"_links":{"self":[{"href":"https:\/\/viajesymas.com.es\/index.php\/wp-json\/wp\/v2\/product\/3316","targetHints":{"allow":["GET"]}}],"collection":[{"href":"https:\/\/viajesymas.com.es\/index.php\/wp-json\/wp\/v2\/product"}],"about":[{"href":"https:\/\/viajesymas.com.es\/index.php\/wp-json\/wp\/v2\/types\/product"}],"replies":[{"embeddable":true,"href":"https:\/\/viajesymas.com.es\/index.php\/wp-json\/wp\/v2\/comments?post=3316"}],"wp:featuredmedia":[{"embeddable":true,"href":"https:\/\/viajesymas.com.es\/index.php\/wp-json\/wp\/v2\/media\/3315"}],"wp:attachment":[{"href":"https:\/\/viajesymas.com.es\/index.php\/wp-json\/wp\/v2\/media?parent=3316"}],"wp:term":[{"taxonomy":"product_cat","embeddable":true,"href":"https:\/\/viajesymas.com.es\/index.php\/wp-json\/wp\/v2\/product_cat?post=3316"},{"taxonomy":"product_tag","embeddable":true,"href":"https:\/\/viajesymas.com.es\/index.php\/wp-json\/wp\/v2\/product_tag?post=3316"}],"curies":[{"name":"wp","href":"https:\/\/api.w.org\/{rel}","templated":true}]}}