{"id":3310,"date":"2026-04-14T11:25:25","date_gmt":"2026-04-14T11:25:25","guid":{"rendered":"https:\/\/viajesymas.com.es\/index.php\/producto\/b0fycccqq4_es-2\/"},"modified":"2026-04-14T11:25:25","modified_gmt":"2026-04-14T11:25:25","slug":"b0fycccqq4_es-2","status":"publish","type":"product","link":"https:\/\/viajesymas.com.es\/index.php\/producto\/b0fycccqq4_es-2\/","title":{"rendered":"B0FYCCCQQ4_ES"},"content":{"rendered":"<p>&#8211; \ud83d\udc8b 9 Modos de Vibraci\u00f3n + 3 Velocidades de Extensi\u00f3n + Rotaci\u00f3n 360\u00b0:Vibradorador mujer juguetes er\u00f3ticos este producto premium integra tecnolog\u00eda de vanguardia. Su motor interno de alto rendimiento ofrece 9 modos de vibraci\u00f3n distintos ( oleajes y ritmos intensos), que pueden usarse solos o combinados con la funci\u00f3n principal. El movimiento de extensi\u00f3n y contracci\u00f3n ajustable en 3 velocidades (lento, medio, r\u00e1pido) imita ritmos realistas. Adem\u00e1s, la punta realiza una suave rotaci\u00f3n de 360\u00b0 para estimular puntos sensibles internos. La combinaci\u00f3n de funciones ofrece posibilidades infinitas para explorar nuevas sensaciones y alcanzar el cl\u00edmax.<br \/>\n&#8211; \ud83d\udc8b Calor Constante a 42\u00b0C + Dise\u00f1o Realista + Lubricante Incluido, Una Experiencia Totalmente Inmersiva:Nos enfocamos en cada detalle realista. consoladores.. para mujer con vibraci\u00f3n cuenta con un sistema de calentamiento r\u00e1pido que mantiene una temperatura constante y natural de 42\u00b0C, eliminando la fr\u00eda sensaci\u00f3n inicial. Est\u00e1 fabricado en silicona m\u00e9dica de grado premium, suave al tacto y con una textura y dise\u00f1o altamente realistas. De regalo, incluye un lubricante a base de agua de gran tama\u00f1o para una aplicaci\u00f3n inmediata, maximizando la comodidad y la sensaci\u00f3n placentera desde el primer momento.<br \/>\n&#8211; \ud83d\udc8b Control Remoto + Funcionamiento Silencioso,Privacidad Total:Consolador sexual para mujer Incluye un mando a distancia sensible con un alcance efectivo de aproximadamente 3-5 metros. Permite controlar discretamente todas las funciones (encendido\/apagado, modos, intensidad) sin interrumpir el momento, a\u00f1adiendo juego y complicidad. Adem\u00e1s, est\u00e1 dise\u00f1ado para un funcionamiento ultra silencioso, asegurando que tu intimidad permanezca completamente privada.<br \/>\n&#8211; \ud83d\udc8b Certificaci\u00f3n Impermeable IP66, Ideal para la Ducha y F\u00e1cil Limpieza:Vibrador clitoris con mando parejas con la clasificaci\u00f3n IP66 de impermeabilidad, Esto no solo permite usarlo de forma segura en la ducha o la ba\u00f1era para crear ambientes m\u00e1s \u00edntimos, sino que tambi\u00e9n facilita enormemente la limpieza. Puede lavarse directamente bajo el grifo despu\u00e9s de su uso, garantizando higiene y durabilidad.<br \/>\n&#8211; \ud83d\udc8b Garant\u00eda de Confianza, Compra con Seguridad:Priorizamos la calidad y la satisfacci\u00f3n del cliente. Respetamos y protegemos la privacidad de cada cliente, por lo que nuestros juguetes sexuales consolador se suministran en embalajes privados. Si tienes preguntas o dudas sobre nuestros sexo juguetes sexuales,nuestro equipo de atenci\u00f3n al cliente estar\u00e1 encantado de atenderle en 24 horas.<\/p>\n","protected":false},"excerpt":{"rendered":"<p>Vibradorador Mujer Juguetes Er\u00f3ticos &#8211; Consoladores Calefactores para Mujeres con 9 Vibraci\u00f3n y 3 Empuje,Vibradorador Cl\u00edtoris Remoto Consoladores Juguetes Sexuales para cl\u00edtoris femenino(22.05CM)<br \/>#Publicidad<\/p>\n","protected":false},"featured_media":3309,"comment_status":"open","ping_status":"closed","template":"","meta":[],"product_cat":[15],"product_tag":[],"class_list":{"0":"post-3310","1":"product","2":"type-product","3":"status-publish","4":"has-post-thumbnail","6":"product_cat-sin-categorizar","8":"first","9":"instock","10":"shipping-taxable","11":"product-type-external"},"_links":{"self":[{"href":"https:\/\/viajesymas.com.es\/index.php\/wp-json\/wp\/v2\/product\/3310","targetHints":{"allow":["GET"]}}],"collection":[{"href":"https:\/\/viajesymas.com.es\/index.php\/wp-json\/wp\/v2\/product"}],"about":[{"href":"https:\/\/viajesymas.com.es\/index.php\/wp-json\/wp\/v2\/types\/product"}],"replies":[{"embeddable":true,"href":"https:\/\/viajesymas.com.es\/index.php\/wp-json\/wp\/v2\/comments?post=3310"}],"wp:featuredmedia":[{"embeddable":true,"href":"https:\/\/viajesymas.com.es\/index.php\/wp-json\/wp\/v2\/media\/3309"}],"wp:attachment":[{"href":"https:\/\/viajesymas.com.es\/index.php\/wp-json\/wp\/v2\/media?parent=3310"}],"wp:term":[{"taxonomy":"product_cat","embeddable":true,"href":"https:\/\/viajesymas.com.es\/index.php\/wp-json\/wp\/v2\/product_cat?post=3310"},{"taxonomy":"product_tag","embeddable":true,"href":"https:\/\/viajesymas.com.es\/index.php\/wp-json\/wp\/v2\/product_tag?post=3310"}],"curies":[{"name":"wp","href":"https:\/\/api.w.org\/{rel}","templated":true}]}}