{"id":3304,"date":"2026-04-14T11:23:45","date_gmt":"2026-04-14T11:23:45","guid":{"rendered":"https:\/\/viajesymas.com.es\/index.php\/producto\/b0fycmljdw_es-2\/"},"modified":"2026-04-14T11:23:45","modified_gmt":"2026-04-14T11:23:45","slug":"b0fycmljdw_es-2","status":"publish","type":"product","link":"https:\/\/viajesymas.com.es\/index.php\/producto\/b0fycmljdw_es-2\/","title":{"rendered":"B0FYCMLJDW_ES"},"content":{"rendered":"<p>&#8211; \ud83d\udc9e Vibradorador mujer juguetes er\u00f3ticos equipado con cinco modos de succi\u00f3n profesionales y frecuencias de vibraci\u00f3n. Desde la suavidad y el fortalecimiento hasta el ritmo creciente, se ajusta con precisi\u00f3n a la zona sensible, desbloquea nuevas dimensiones sensoriales del cuerpo y trae una experiencia inmersiva y agradable.<br \/>\n&#8211; \ud83d\udc9e Consoladores.. para mujer con Vibraci\u00f3n con un dise\u00f1o de curva fluida que se ajusta a la ergonom\u00eda, La forma compacta y flexible se ajusta perfectamente al contorno del cuerpo, la operaci\u00f3n es ligera y f\u00e1cil de manejar, asegurando que cada toque sea c\u00f3modo y natural.<br \/>\n&#8211; \ud83d\udc9e Estimulador de cl\u00edtoris femenino Peque\u00f1o y exquisito, y se puede almacenar f\u00e1cilmente en bolsillos, bolsos de maquillaje o maletas port\u00e1tiles.Que se puede llevar de manera discreta cuando se viaja y cuando se viaja de negocios para satisfacer las necesidades privadas en cualquier momento y lugar.<br \/>\n&#8211; \ud83d\udc9e Motor incorporado de reducci\u00f3n de ruido, volumen de trabajo inferior a 50 dB (como el sonido de la biblioteca), el uso nocturno no molesta a las personas. Al mismo tiempo, alcanza el nivel ipx7 de impermeabilizaci\u00f3n, se puede lavar y limpiar directamente, y tambi\u00e9n se puede usar durante el ba\u00f1o, teniendo en cuenta la higiene y las escenas multifuncionales.<br \/>\n&#8211; \ud83d\udc9e Si tiene alguna pregunta sobre el producto, P\u00f3ngase en contacto con nosotros, le responderemos dentro de 24 para proporcionarle una experiencia de compra satisfactoria.<\/p>\n","protected":false},"excerpt":{"rendered":"<p>Vibradorador mujer juguetes er\u00f3ticos Pareja Sexuales succionador de Cl\u00edtoris Femenino 5 * 5 Modos Consoladores.. para mujer con Vibraci\u00f3n juguete sexualmujer (9.71CM)<br \/>#Publicidad<\/p>\n","protected":false},"featured_media":3303,"comment_status":"open","ping_status":"closed","template":"","meta":[],"product_cat":[15],"product_tag":[],"class_list":{"0":"post-3304","1":"product","2":"type-product","3":"status-publish","4":"has-post-thumbnail","6":"product_cat-sin-categorizar","8":"first","9":"instock","10":"shipping-taxable","11":"product-type-external"},"_links":{"self":[{"href":"https:\/\/viajesymas.com.es\/index.php\/wp-json\/wp\/v2\/product\/3304","targetHints":{"allow":["GET"]}}],"collection":[{"href":"https:\/\/viajesymas.com.es\/index.php\/wp-json\/wp\/v2\/product"}],"about":[{"href":"https:\/\/viajesymas.com.es\/index.php\/wp-json\/wp\/v2\/types\/product"}],"replies":[{"embeddable":true,"href":"https:\/\/viajesymas.com.es\/index.php\/wp-json\/wp\/v2\/comments?post=3304"}],"wp:featuredmedia":[{"embeddable":true,"href":"https:\/\/viajesymas.com.es\/index.php\/wp-json\/wp\/v2\/media\/3303"}],"wp:attachment":[{"href":"https:\/\/viajesymas.com.es\/index.php\/wp-json\/wp\/v2\/media?parent=3304"}],"wp:term":[{"taxonomy":"product_cat","embeddable":true,"href":"https:\/\/viajesymas.com.es\/index.php\/wp-json\/wp\/v2\/product_cat?post=3304"},{"taxonomy":"product_tag","embeddable":true,"href":"https:\/\/viajesymas.com.es\/index.php\/wp-json\/wp\/v2\/product_tag?post=3304"}],"curies":[{"name":"wp","href":"https:\/\/api.w.org\/{rel}","templated":true}]}}