{"id":330,"date":"2025-01-07T00:45:51","date_gmt":"2025-01-07T00:45:51","guid":{"rendered":"https:\/\/viajesymas.com.es\/index.php\/producto\/b0ddxlspmn\/"},"modified":"2025-01-07T00:45:51","modified_gmt":"2025-01-07T00:45:51","slug":"b0ddxlspmn","status":"publish","type":"product","link":"https:\/\/viajesymas.com.es\/index.php\/producto\/b0ddxlspmn\/","title":{"rendered":"B0DDXLSPMN"},"content":{"rendered":"<p>&#8211; \ud83d\udd15\ud83d\udc15\u3010Harmless\u3011: Nuestro Dispositivo Antiladridos para Perros utiliza tecnolog\u00eda de sonido ultras\u00f3nico de tono alto, que no causar\u00e1 ning\u00fan da\u00f1o a los humanos o perros. Pero puede captar la atenci\u00f3n de los perros f\u00e1cilmente y hacer que los perros no ladren m\u00e1s continua y excesivamente.<br \/>\n&#8211; \ud83d\udd15\ud83d\udc15\u3010Rechargeable &amp; Endurance\u3011: Nuestro dispositivo antiladridos est\u00e1 equipado con una potente bater\u00eda incorporada que admite la carga a trav\u00e9s de un cable USB. 5 horas de carga completa puede trabajar continuamente durante 30 d\u00edas. Nota: la corriente de salida no es m\u00e1s de 2A.<br \/>\n&#8211; \ud83d\udd15\ud83d\udc15\u30103 Niveles de Frecuencias\u3011: Cuando el interruptor se conmuta a Ultrasonic ll, el transductor emitir\u00e1 ondas sonoras a 25KHZ. Cuando el interruptor se gira a Ultrasonic l, el transductor emitir\u00e1 ondas sonoras a 15KHZ-25KHZ. Cuando el interruptor se gira a Audio, el sensor y el altavoz ultras\u00f3nico emitir\u00e1n ondas sonoras a 3KHZ-25KHZ alternativamente.<br \/>\n&#8211; \ud83d\udd15\ud83d\udc15\u3010Ultrasonic Technology\u3011El perro dejar\u00e1 de ladrar cuando sea estimulado por el sonido. El perro dejar\u00e1 de ladrar porque el sonido ultras\u00f3nico har\u00e1 que el perro se sienta inc\u00f3modo. Usted puede ponerlo en \u00abOff\u00bb para proteger la bater\u00eda cuando usted est\u00e1 ausente.El dispositivo de entrenamiento del perro es eficaz para 6 meses a 8 a\u00f1os de perros entre los tama\u00f1os (5-80 libras). Lo mejor es entrenar a su perro durante 2 semanas.<br \/>\n&#8211; \ud83d\udd15\ud83d\udc15\u3010IPX45 Impermeable \u3011: El puerto de carga del dispositivo de control de ladridos est\u00e1 equipado con una cubierta, tambi\u00e9n puede controlar el perro bien en interiores al aire libre en d\u00edas lluviosos. Puede colgarlo en un \u00e1rbol o ponerlo en cualquier lugar de la casa o en su patio.<\/p>\n","protected":false},"excerpt":{"rendered":"<p>Queath Dispositivo antiladridos para Perros, 2 Modos Ajustables, Dispositivo antiladridos autom\u00e1tico, Recargable para Perros peque\u00f1os, medianos y Grandes, Dispositivo antiladridos ultras\u00f3nicos<br \/>\n<br \/>\n#Publicidad<\/p>\n","protected":false},"featured_media":329,"comment_status":"open","ping_status":"closed","template":"","meta":[],"product_cat":[15],"product_tag":[],"class_list":{"0":"post-330","1":"product","2":"type-product","3":"status-publish","4":"has-post-thumbnail","6":"product_cat-sin-categorizar","8":"first","9":"instock","10":"shipping-taxable","11":"product-type-external"},"_links":{"self":[{"href":"https:\/\/viajesymas.com.es\/index.php\/wp-json\/wp\/v2\/product\/330","targetHints":{"allow":["GET"]}}],"collection":[{"href":"https:\/\/viajesymas.com.es\/index.php\/wp-json\/wp\/v2\/product"}],"about":[{"href":"https:\/\/viajesymas.com.es\/index.php\/wp-json\/wp\/v2\/types\/product"}],"replies":[{"embeddable":true,"href":"https:\/\/viajesymas.com.es\/index.php\/wp-json\/wp\/v2\/comments?post=330"}],"wp:featuredmedia":[{"embeddable":true,"href":"https:\/\/viajesymas.com.es\/index.php\/wp-json\/wp\/v2\/media\/329"}],"wp:attachment":[{"href":"https:\/\/viajesymas.com.es\/index.php\/wp-json\/wp\/v2\/media?parent=330"}],"wp:term":[{"taxonomy":"product_cat","embeddable":true,"href":"https:\/\/viajesymas.com.es\/index.php\/wp-json\/wp\/v2\/product_cat?post=330"},{"taxonomy":"product_tag","embeddable":true,"href":"https:\/\/viajesymas.com.es\/index.php\/wp-json\/wp\/v2\/product_tag?post=330"}],"curies":[{"name":"wp","href":"https:\/\/api.w.org\/{rel}","templated":true}]}}