{"id":3282,"date":"2026-04-13T18:23:30","date_gmt":"2026-04-13T18:23:30","guid":{"rendered":"https:\/\/viajesymas.com.es\/index.php\/producto\/b0gsfvzftk_es\/"},"modified":"2026-04-13T18:23:30","modified_gmt":"2026-04-13T18:23:30","slug":"b0gsfvzftk_es","status":"publish","type":"product","link":"https:\/\/viajesymas.com.es\/index.php\/producto\/b0gsfvzftk_es\/","title":{"rendered":"B0GSFVZFTK_ES"},"content":{"rendered":"<p>&#8211; \u3010Impermeable y duradero\u3011El repelente de ratones est\u00e1 fabricado con materiales ABS y PVC de alta calidad. No es f\u00e1cil de corroer si se coloca al aire libre durante mucho tiempo. Este repelente de topos tiene buenas prestaciones de impermeabilidad y no teme la lluvia. Por lo tanto, no tienes que preocuparte por usarlo en d\u00edas lluviosos.<br \/>\n&#8211; \u3010F\u00e1cil de instalar\u3011la instalaci\u00f3n se completa simplemente insert\u00e1ndola en el suelo. Porque es compacto y c\u00f3modo de llevar. Puede instalar f\u00e1cilmente repelentes en varios lugares. Protege varios lugares como jardines de hoteles, jardines de villas, granjas, arrozales y campos agr\u00edcolas de las topos.<br \/>\n&#8211; \u3010Inofensivo para el ser humano y los animales\u3011 El repelente de topos por ultrasonidos tipo solar emite fuertes ondas de vibraci\u00f3n y se\u00f1ales ac\u00fasticas. Hace que los animales se sientan inc\u00f3modos y pueden ser repelidos sin da\u00f1arlos. Debido a que es un sensor ultras\u00f3nico, puede escuchar un peque\u00f1o sonido. Es inofensivo para humanos y animales, pero se recomienda colocarlo al aire libre.<br \/>\n&#8211; \u3010Carga solar\u3011 alimentaci\u00f3n mediante c\u00e9lula solar, no requiere bater\u00eda adicional. Al instalarlo en un lugar soleado, siempre puedes cargar la bater\u00eda incorporada y no tienes que preocuparte de quedarte sin bater\u00eda. Debido a que se han mejorado las prestaciones de precisi\u00f3n del panel solar. Una carga completa puede seguir funcionando durante 5-7 d\u00edas para garantizar el trabajo normal en d\u00edas lluviosos o nublados.<br \/>\n&#8211; \u3010Amplia gama de trabajo efectiva\u3011Para obtener un rendimiento \u00f3ptimo, se recomienda colocar los repelentes de topos cada 21 metros en el c\u00e9sped. Los impulsos s\u00f3nicos emitidos son de 3-4 impulsos s\u00f3nicos cada 30 segundos, penetran en el suelo y tambi\u00e9n obligan a las plagas a evacuar el \u00e1rea a trav\u00e9s de la cual viaja el sonido.<\/p>\n","protected":false},"excerpt":{"rendered":"<p>Repelente solar para topos 2026, Gopher y otros repelentes para topos 4 piezas, repelente de hormigas reina para jard\u00edn y camping, Gopher, repelente para serpientes topo<br \/>#Publicidad<\/p>\n","protected":false},"featured_media":3281,"comment_status":"open","ping_status":"closed","template":"","meta":[],"product_cat":[15],"product_tag":[],"class_list":{"0":"post-3282","1":"product","2":"type-product","3":"status-publish","4":"has-post-thumbnail","6":"product_cat-sin-categorizar","8":"first","9":"instock","10":"shipping-taxable","11":"product-type-external"},"_links":{"self":[{"href":"https:\/\/viajesymas.com.es\/index.php\/wp-json\/wp\/v2\/product\/3282","targetHints":{"allow":["GET"]}}],"collection":[{"href":"https:\/\/viajesymas.com.es\/index.php\/wp-json\/wp\/v2\/product"}],"about":[{"href":"https:\/\/viajesymas.com.es\/index.php\/wp-json\/wp\/v2\/types\/product"}],"replies":[{"embeddable":true,"href":"https:\/\/viajesymas.com.es\/index.php\/wp-json\/wp\/v2\/comments?post=3282"}],"wp:featuredmedia":[{"embeddable":true,"href":"https:\/\/viajesymas.com.es\/index.php\/wp-json\/wp\/v2\/media\/3281"}],"wp:attachment":[{"href":"https:\/\/viajesymas.com.es\/index.php\/wp-json\/wp\/v2\/media?parent=3282"}],"wp:term":[{"taxonomy":"product_cat","embeddable":true,"href":"https:\/\/viajesymas.com.es\/index.php\/wp-json\/wp\/v2\/product_cat?post=3282"},{"taxonomy":"product_tag","embeddable":true,"href":"https:\/\/viajesymas.com.es\/index.php\/wp-json\/wp\/v2\/product_tag?post=3282"}],"curies":[{"name":"wp","href":"https:\/\/api.w.org\/{rel}","templated":true}]}}