{"id":3278,"date":"2026-04-13T18:23:13","date_gmt":"2026-04-13T18:23:13","guid":{"rendered":"https:\/\/viajesymas.com.es\/index.php\/producto\/b0gvf1w5zm_es\/"},"modified":"2026-04-13T18:23:13","modified_gmt":"2026-04-13T18:23:13","slug":"b0gvf1w5zm_es","status":"publish","type":"product","link":"https:\/\/viajesymas.com.es\/index.php\/producto\/b0gvf1w5zm_es\/","title":{"rendered":"B0GVF1W5ZM_ES"},"content":{"rendered":"<p>&#8211; Parche blanqueador dental profesional: elimina las manchas dentales de forma r\u00e1pida y eficaz. Cada caja contiene 14 parches. Utiliza un parche al d\u00eda para eliminar f\u00e1cilmente las manchas causadas por el caf\u00e9, el t\u00e9, etc.<br \/>\n&#8211; F\u00e1cil de usar: simplemente toma un parche blanqueador, apl\u00edcalo sobre la superficie de los dientes, espera 30 minutos antes de retirarlo y notar\u00e1s un efecto blanqueador significativo.<br \/>\n&#8211; Parche blanqueador antideslizante: se adhiere firmemente y no se desliza f\u00e1cilmente. El uso de los parches blanqueadores permite mantener una conversaci\u00f3n normal, ver la televisi\u00f3n, beber agua, etc., sin ninguna molestia durante su uso.<br \/>\n&#8211; Nuestro parche blanqueador dental morado puede blanquear los dientes de forma significativa. \u00a1Desp\u00eddete de las manchas rebeldes causadas por la comida, el t\u00e9, el caf\u00e9, el vino tinto, etc., durante muchos a\u00f1os!<br \/>\n&#8211; Ligero y compacto. Ya sea en tus desplazamientos diarios, en una cita o en viajes cortos, con un solo paso sencillo, puedes comenzar los tratamientos de blanqueamiento en cualquier momento.<\/p>\n","protected":false},"excerpt":{"rendered":"<p>14 Piezas Tiras Blanqueadoras Profesionales, Whitening Strips Dientes, Para El Caf\u00e9 Y Otras Manchas, Refresca Respiraci\u00f3n, Aplicaci\u00f3n F\u00e1cil en Casa\uff08azul\uff09<br \/>#Publicidad<\/p>\n","protected":false},"featured_media":3277,"comment_status":"open","ping_status":"closed","template":"","meta":[],"product_cat":[15],"product_tag":[],"class_list":{"0":"post-3278","1":"product","2":"type-product","3":"status-publish","4":"has-post-thumbnail","6":"product_cat-sin-categorizar","8":"first","9":"instock","10":"shipping-taxable","11":"product-type-external"},"_links":{"self":[{"href":"https:\/\/viajesymas.com.es\/index.php\/wp-json\/wp\/v2\/product\/3278","targetHints":{"allow":["GET"]}}],"collection":[{"href":"https:\/\/viajesymas.com.es\/index.php\/wp-json\/wp\/v2\/product"}],"about":[{"href":"https:\/\/viajesymas.com.es\/index.php\/wp-json\/wp\/v2\/types\/product"}],"replies":[{"embeddable":true,"href":"https:\/\/viajesymas.com.es\/index.php\/wp-json\/wp\/v2\/comments?post=3278"}],"wp:featuredmedia":[{"embeddable":true,"href":"https:\/\/viajesymas.com.es\/index.php\/wp-json\/wp\/v2\/media\/3277"}],"wp:attachment":[{"href":"https:\/\/viajesymas.com.es\/index.php\/wp-json\/wp\/v2\/media?parent=3278"}],"wp:term":[{"taxonomy":"product_cat","embeddable":true,"href":"https:\/\/viajesymas.com.es\/index.php\/wp-json\/wp\/v2\/product_cat?post=3278"},{"taxonomy":"product_tag","embeddable":true,"href":"https:\/\/viajesymas.com.es\/index.php\/wp-json\/wp\/v2\/product_tag?post=3278"}],"curies":[{"name":"wp","href":"https:\/\/api.w.org\/{rel}","templated":true}]}}