{"id":3220,"date":"2026-04-10T11:55:46","date_gmt":"2026-04-10T11:55:46","guid":{"rendered":"https:\/\/viajesymas.com.es\/index.php\/producto\/b0g9nv8g95_es-2\/"},"modified":"2026-04-10T11:55:46","modified_gmt":"2026-04-10T11:55:46","slug":"b0g9nv8g95_es-2","status":"publish","type":"product","link":"https:\/\/viajesymas.com.es\/index.php\/producto\/b0g9nv8g95_es-2\/","title":{"rendered":"B0G9NV8G95_ES"},"content":{"rendered":"<p>&#8211; Cada juego contiene 10 pares de mascarillas independientes de color blanco gris\u00e1ceo. La textura en gel contiene ingredientes hidratantes que se adaptan suavemente al contorno de los ojos, ayudando a mejorar la hidrataci\u00f3n y el brillo de la piel.<br \/>\n&#8211; Despu\u00e9s de la limpieza, apl\u00edquelas debajo de los ojos, presione suavemente y alise, y masajee y absorba despu\u00e9s de su uso. Envasadas individualmente, higi\u00e9nicas para su uso.<br \/>\n&#8211; Adecuado para el cuidado diario, ayuda a aliviar la sequedad y la fatiga alrededor de los ojos, es adecuado para la mayor\u00eda de los tipos de piel como paso de cuidado de la piel o relajaci\u00f3n, y tambi\u00e9n es adecuado como regalo.<\/p>\n","protected":false},"excerpt":{"rendered":"<p>10 Pcs Parches Ojos Bolsas Y Ojeras, Eye Patches, Reduce Las L\u00edNeas De Expresi\u00f3N, Hidrata Y Da Luminosidad, Blanco Gris\u00e1Ceo<br \/>#Publicidad<\/p>\n","protected":false},"featured_media":3219,"comment_status":"open","ping_status":"closed","template":"","meta":[],"product_cat":[15],"product_tag":[],"class_list":{"0":"post-3220","1":"product","2":"type-product","3":"status-publish","4":"has-post-thumbnail","6":"product_cat-sin-categorizar","8":"first","9":"instock","10":"shipping-taxable","11":"product-type-external"},"_links":{"self":[{"href":"https:\/\/viajesymas.com.es\/index.php\/wp-json\/wp\/v2\/product\/3220","targetHints":{"allow":["GET"]}}],"collection":[{"href":"https:\/\/viajesymas.com.es\/index.php\/wp-json\/wp\/v2\/product"}],"about":[{"href":"https:\/\/viajesymas.com.es\/index.php\/wp-json\/wp\/v2\/types\/product"}],"replies":[{"embeddable":true,"href":"https:\/\/viajesymas.com.es\/index.php\/wp-json\/wp\/v2\/comments?post=3220"}],"wp:featuredmedia":[{"embeddable":true,"href":"https:\/\/viajesymas.com.es\/index.php\/wp-json\/wp\/v2\/media\/3219"}],"wp:attachment":[{"href":"https:\/\/viajesymas.com.es\/index.php\/wp-json\/wp\/v2\/media?parent=3220"}],"wp:term":[{"taxonomy":"product_cat","embeddable":true,"href":"https:\/\/viajesymas.com.es\/index.php\/wp-json\/wp\/v2\/product_cat?post=3220"},{"taxonomy":"product_tag","embeddable":true,"href":"https:\/\/viajesymas.com.es\/index.php\/wp-json\/wp\/v2\/product_tag?post=3220"}],"curies":[{"name":"wp","href":"https:\/\/api.w.org\/{rel}","templated":true}]}}