{"id":3218,"date":"2026-04-10T11:55:42","date_gmt":"2026-04-10T11:55:42","guid":{"rendered":"https:\/\/viajesymas.com.es\/index.php\/producto\/b0g9p6gmx6_es-2\/"},"modified":"2026-04-10T11:55:42","modified_gmt":"2026-04-10T11:55:42","slug":"b0g9p6gmx6_es-2","status":"publish","type":"product","link":"https:\/\/viajesymas.com.es\/index.php\/producto\/b0g9p6gmx6_es-2\/","title":{"rendered":"B0G9P6GMX6_ES"},"content":{"rendered":"<p>&#8211; 10 pares de mascarillas para ojos de color rosa claro, con textura de gel suave, que contienen ingredientes hidratantes, adecuadas para la temperatura y el cuidado de los ojos, f\u00e1ciles de guardar por separado.<br \/>\n&#8211; Despu\u00e9s de limpiar el rostro, aplique suavemente el parche alrededor de los ojos, presione ligeramente, d\u00e9jelo actuar durante un momento y ret\u00edrelo sin aclarar.<br \/>\n&#8211; Adecuado para el cuidado diario en casa o para viajar, es una opci\u00f3n de cuidado pensada tanto para hombres como para mujeres, y tambi\u00e9n es adecuado como peque\u00f1o obsequio.<\/p>\n","protected":false},"excerpt":{"rendered":"<p>10 Pcs Parches Para Los Ojos, Juego De M\u00e1Scaras Para Uso Dom\u00e9Stico, F\u00e1Ciles De Aplicar, Para Reducir Las Bolsas Debajo De Los Ojos, Rosa Claro<br \/>#Publicidad<\/p>\n","protected":false},"featured_media":3217,"comment_status":"open","ping_status":"closed","template":"","meta":[],"product_cat":[15],"product_tag":[],"class_list":{"0":"post-3218","1":"product","2":"type-product","3":"status-publish","4":"has-post-thumbnail","6":"product_cat-sin-categorizar","8":"first","9":"instock","10":"shipping-taxable","11":"product-type-external"},"_links":{"self":[{"href":"https:\/\/viajesymas.com.es\/index.php\/wp-json\/wp\/v2\/product\/3218","targetHints":{"allow":["GET"]}}],"collection":[{"href":"https:\/\/viajesymas.com.es\/index.php\/wp-json\/wp\/v2\/product"}],"about":[{"href":"https:\/\/viajesymas.com.es\/index.php\/wp-json\/wp\/v2\/types\/product"}],"replies":[{"embeddable":true,"href":"https:\/\/viajesymas.com.es\/index.php\/wp-json\/wp\/v2\/comments?post=3218"}],"wp:featuredmedia":[{"embeddable":true,"href":"https:\/\/viajesymas.com.es\/index.php\/wp-json\/wp\/v2\/media\/3217"}],"wp:attachment":[{"href":"https:\/\/viajesymas.com.es\/index.php\/wp-json\/wp\/v2\/media?parent=3218"}],"wp:term":[{"taxonomy":"product_cat","embeddable":true,"href":"https:\/\/viajesymas.com.es\/index.php\/wp-json\/wp\/v2\/product_cat?post=3218"},{"taxonomy":"product_tag","embeddable":true,"href":"https:\/\/viajesymas.com.es\/index.php\/wp-json\/wp\/v2\/product_tag?post=3218"}],"curies":[{"name":"wp","href":"https:\/\/api.w.org\/{rel}","templated":true}]}}