{"id":3216,"date":"2026-04-10T11:55:37","date_gmt":"2026-04-10T11:55:37","guid":{"rendered":"https:\/\/viajesymas.com.es\/index.php\/producto\/b0g9pzzq7g_es-2\/"},"modified":"2026-04-10T11:55:37","modified_gmt":"2026-04-10T11:55:37","slug":"b0g9pzzq7g_es-2","status":"publish","type":"product","link":"https:\/\/viajesymas.com.es\/index.php\/producto\/b0g9pzzq7g_es-2\/","title":{"rendered":"B0G9PZZQ7G_ES"},"content":{"rendered":"<p>&#8211; Cada set contiene 10 pares de mascarillas de gel negras para los ojos, dise\u00f1adas para adaptarse c\u00f3modamente a la piel, proporcionando hidrataci\u00f3n y alivio calmante a la delicada zona del contorno de los ojos.<br \/>\n&#8211; Despu\u00e9s de la limpieza, apl\u00edcalas debajo de los ojos, alis\u00e1ndolas para que se fijen en su sitio. D\u00e9jalas actuar durante 15-20 minutos antes de retirarlas. F\u00e1ciles de usar.<br \/>\n&#8211; Ideales para el cuidado diario de la piel, antes de maquillarse o para calmar los ojos cansados. Tambi\u00e9n son un regalo muy considerado.<\/p>\n","protected":false},"excerpt":{"rendered":"<p>10 Pcs M\u00e1Scaras Los Ojos, Juego De M\u00e1Scaras Para Uso Dom\u00e9Stico, Hidrata La Zona, Reduce Las Bolsas Debajo De Los Ojos, Negro<br \/>#Publicidad<\/p>\n","protected":false},"featured_media":3215,"comment_status":"open","ping_status":"closed","template":"","meta":[],"product_cat":[15],"product_tag":[],"class_list":{"0":"post-3216","1":"product","2":"type-product","3":"status-publish","4":"has-post-thumbnail","6":"product_cat-sin-categorizar","8":"first","9":"instock","10":"shipping-taxable","11":"product-type-external"},"_links":{"self":[{"href":"https:\/\/viajesymas.com.es\/index.php\/wp-json\/wp\/v2\/product\/3216","targetHints":{"allow":["GET"]}}],"collection":[{"href":"https:\/\/viajesymas.com.es\/index.php\/wp-json\/wp\/v2\/product"}],"about":[{"href":"https:\/\/viajesymas.com.es\/index.php\/wp-json\/wp\/v2\/types\/product"}],"replies":[{"embeddable":true,"href":"https:\/\/viajesymas.com.es\/index.php\/wp-json\/wp\/v2\/comments?post=3216"}],"wp:featuredmedia":[{"embeddable":true,"href":"https:\/\/viajesymas.com.es\/index.php\/wp-json\/wp\/v2\/media\/3215"}],"wp:attachment":[{"href":"https:\/\/viajesymas.com.es\/index.php\/wp-json\/wp\/v2\/media?parent=3216"}],"wp:term":[{"taxonomy":"product_cat","embeddable":true,"href":"https:\/\/viajesymas.com.es\/index.php\/wp-json\/wp\/v2\/product_cat?post=3216"},{"taxonomy":"product_tag","embeddable":true,"href":"https:\/\/viajesymas.com.es\/index.php\/wp-json\/wp\/v2\/product_tag?post=3216"}],"curies":[{"name":"wp","href":"https:\/\/api.w.org\/{rel}","templated":true}]}}