{"id":3214,"date":"2026-04-09T13:18:31","date_gmt":"2026-04-09T13:18:31","guid":{"rendered":"https:\/\/viajesymas.com.es\/index.php\/producto\/b0gsjxy8wk_es\/"},"modified":"2026-04-09T13:18:31","modified_gmt":"2026-04-09T13:18:31","slug":"b0gsjxy8wk_es","status":"publish","type":"product","link":"https:\/\/viajesymas.com.es\/index.php\/producto\/b0gsjxy8wk_es\/","title":{"rendered":"B0GSJXY8WK_ES"},"content":{"rendered":"<p>&#8211; Aislar la suela y frotar directamente las plantas de los pies para reducir la fuerza excesiva en un solo punto.<br \/>\n&#8211; Contacto c\u00f3modo, se adapta a la curva del pie y no habr\u00e1 sensaci\u00f3n de objeto extra\u00f1o incluso despu\u00e9s de un uso prolongado.<br \/>\n&#8211; Grosor medio, se puede combinar con varios tipos de calzado como tacones y zapatillas deportivas.<\/p>\n","protected":false},"excerpt":{"rendered":"<p>1 par Cojines Metatarsianos Para Antepi\u00e9,Soporte Metatarsal Reutilizable Para Pies,Para hombres y mujeres<br \/>#Publicidad<\/p>\n","protected":false},"featured_media":3213,"comment_status":"open","ping_status":"closed","template":"","meta":[],"product_cat":[15],"product_tag":[],"class_list":{"0":"post-3214","1":"product","2":"type-product","3":"status-publish","4":"has-post-thumbnail","6":"product_cat-sin-categorizar","8":"first","9":"instock","10":"shipping-taxable","11":"product-type-external"},"_links":{"self":[{"href":"https:\/\/viajesymas.com.es\/index.php\/wp-json\/wp\/v2\/product\/3214","targetHints":{"allow":["GET"]}}],"collection":[{"href":"https:\/\/viajesymas.com.es\/index.php\/wp-json\/wp\/v2\/product"}],"about":[{"href":"https:\/\/viajesymas.com.es\/index.php\/wp-json\/wp\/v2\/types\/product"}],"replies":[{"embeddable":true,"href":"https:\/\/viajesymas.com.es\/index.php\/wp-json\/wp\/v2\/comments?post=3214"}],"wp:featuredmedia":[{"embeddable":true,"href":"https:\/\/viajesymas.com.es\/index.php\/wp-json\/wp\/v2\/media\/3213"}],"wp:attachment":[{"href":"https:\/\/viajesymas.com.es\/index.php\/wp-json\/wp\/v2\/media?parent=3214"}],"wp:term":[{"taxonomy":"product_cat","embeddable":true,"href":"https:\/\/viajesymas.com.es\/index.php\/wp-json\/wp\/v2\/product_cat?post=3214"},{"taxonomy":"product_tag","embeddable":true,"href":"https:\/\/viajesymas.com.es\/index.php\/wp-json\/wp\/v2\/product_tag?post=3214"}],"curies":[{"name":"wp","href":"https:\/\/api.w.org\/{rel}","templated":true}]}}