{"id":3210,"date":"2026-04-09T13:05:00","date_gmt":"2026-04-09T13:05:00","guid":{"rendered":"https:\/\/viajesymas.com.es\/index.php\/producto\/b0fssbdy1h_es\/"},"modified":"2026-04-09T13:05:00","modified_gmt":"2026-04-09T13:05:00","slug":"b0fssbdy1h_es","status":"publish","type":"product","link":"https:\/\/viajesymas.com.es\/index.php\/producto\/b0fssbdy1h_es\/","title":{"rendered":"B0FSSBDY1H_ES"},"content":{"rendered":"<p>&#8211; \u3010Tel\u00e9fono M\u00f3vil B\u00e1sico con Sistema Operativo Sencillo\u3011El Tel\u00e9fono libre para personas mayores con nuevo sistema operativo UI, fuente m\u00e1s grande, iconos de men\u00fa m\u00e1s claros, volumen m\u00e1s grande y altavoz m\u00e1s claro. Este sencillo tel\u00e9fono m\u00f3vil es f\u00e1cil de usar para personas mayores, ni\u00f1os y personas con discapacidad visual.<br \/>\n&#8211; \u3010Tel\u00e9fono m\u00f3vil multifunci\u00f3n para mayores\u3011Con llamadas integradas, SMS, Bluetooth, calendario, calculadora, despertador, radio FM, marcaci\u00f3n r\u00e1pida, bloqueo de teclas, llamada de emergencia SOS, linterna, pantalla de 1,77 pulgadas, visualizaci\u00f3n de fecha y hora y doble tarjeta SIM, este m\u00f3vil teclas grandes para mayores es el regalo perfecto.<br \/>\n&#8211; \u3010Bater\u00eda mejorada de 1800mAh &amp; Cable de carga USB-C\u3011Movil Basico Equipado con puerto Type-C y estaci\u00f3n de acoplamiento, la carga es r\u00e1pida y conveniente.Bater\u00eda de 1800mAh, con mayor capacidad de bater\u00eda que todos los tel\u00e9fonos funcionales similares, admite 6-7 horas de tiempo de conversaci\u00f3n continuo y 300-360 horas de tiempo de espera (12-14 d\u00edas). Bater\u00eda original de alta calidad, energ\u00e9ticamente eficiente y duradera, carga m\u00e1s r\u00e1pida y segura.<br \/>\n&#8211; \u3010Tel\u00e9fono m\u00f3vil libre &amp; Dual SIM Doble modo de espera\u3011Los movil doble sim para personas mayores son compatibles con todas las redes europeas 2G (GSM, no 3G ni 4G). Puede elegir su operador de telefon\u00eda m\u00f3vil favorito. La doble ranura SIM est\u00e1ndar le permite utilizar un m\u00f3vil para el trabajo y otro para la vida cotidiana.<br \/>\n&#8211; \u3010Marcaci\u00f3n R\u00e1pida &amp; Bot\u00f3n SOS &amp; El regalo perfecto\u3011Los telefonos tercera edad admiten 8 n\u00fameros de marcaci\u00f3n r\u00e1pida y 5 n\u00fameros de llamada SOS. Conexi\u00f3n de un solo toque con los servicios de emergencia y la familia, para que los usuarios puedan recibir ayuda r\u00e1pidamente. Regalos ideales para ancianos.<\/p>\n","protected":false},"excerpt":{"rendered":"<p>Telefono Movil para Mayores Libre, GSM F\u00e1cil de Usar Tel\u00e9fono M\u00f3vil Basico de Teclas Grandes, Bater\u00eda de 1800 mAh, Admite Tarjetas SIM Duales, Cable USB Tipo C, Base del Cargador (Negro y Naranja)<br \/>#Publicidad<\/p>\n","protected":false},"featured_media":3209,"comment_status":"open","ping_status":"closed","template":"","meta":[],"product_cat":[15],"product_tag":[],"class_list":{"0":"post-3210","1":"product","2":"type-product","3":"status-publish","4":"has-post-thumbnail","6":"product_cat-sin-categorizar","8":"first","9":"instock","10":"shipping-taxable","11":"product-type-external"},"_links":{"self":[{"href":"https:\/\/viajesymas.com.es\/index.php\/wp-json\/wp\/v2\/product\/3210","targetHints":{"allow":["GET"]}}],"collection":[{"href":"https:\/\/viajesymas.com.es\/index.php\/wp-json\/wp\/v2\/product"}],"about":[{"href":"https:\/\/viajesymas.com.es\/index.php\/wp-json\/wp\/v2\/types\/product"}],"replies":[{"embeddable":true,"href":"https:\/\/viajesymas.com.es\/index.php\/wp-json\/wp\/v2\/comments?post=3210"}],"wp:featuredmedia":[{"embeddable":true,"href":"https:\/\/viajesymas.com.es\/index.php\/wp-json\/wp\/v2\/media\/3209"}],"wp:attachment":[{"href":"https:\/\/viajesymas.com.es\/index.php\/wp-json\/wp\/v2\/media?parent=3210"}],"wp:term":[{"taxonomy":"product_cat","embeddable":true,"href":"https:\/\/viajesymas.com.es\/index.php\/wp-json\/wp\/v2\/product_cat?post=3210"},{"taxonomy":"product_tag","embeddable":true,"href":"https:\/\/viajesymas.com.es\/index.php\/wp-json\/wp\/v2\/product_tag?post=3210"}],"curies":[{"name":"wp","href":"https:\/\/api.w.org\/{rel}","templated":true}]}}