{"id":3208,"date":"2026-04-09T12:37:16","date_gmt":"2026-04-09T12:37:16","guid":{"rendered":"https:\/\/viajesymas.com.es\/index.php\/producto\/b0ds5ykdy9_es\/"},"modified":"2026-04-09T12:37:16","modified_gmt":"2026-04-09T12:37:16","slug":"b0ds5ykdy9_es","status":"publish","type":"product","link":"https:\/\/viajesymas.com.es\/index.php\/producto\/b0ds5ykdy9_es\/","title":{"rendered":"B0DS5YKDY9_ES"},"content":{"rendered":"<p>&#8211; Juego completo e interactivo\uff1aEste juego de trenes para ni\u00f1os incluye 66 piezas, entre ellas un tren, coches de polic\u00eda, un helic\u00f3ptero, un puente, v\u00edas, figuras y diversos accesorios. Los conectores magn\u00e9ticos facilitan la uni\u00f3n de los elementos y la ampliaci\u00f3n del circuito. Los ni\u00f1os pueden recrear un circuito en forma de 8 con un t\u00fanel y un puente, y utilizar la se\u00f1al de parada para controlar el tren.<br \/>\n&#8211; Materiales seguros y duraderos\uff1aFabricados con pl\u00e1stico ABS de alta calidad, estos juguetes de tren son robustos, resistentes a los impactos y cumplen las normas de seguridad m\u00e1s estrictas. Est\u00e1n dise\u00f1ados para durar y entretener a los ni\u00f1os durante mucho tiempo.<br \/>\n&#8211; Edad recomendada\uff1aEste set es adecuado para ni\u00f1os de 3 a 8 a\u00f1os, ni\u00f1os y ni\u00f1as. El simp\u00e1tico tren azul de la polic\u00eda est\u00e1 especialmente dise\u00f1ado para ni\u00f1os peque\u00f1os, estimulando horas de juego imaginativo. Basta con instalar la pila y pulsar el interruptor para ver c\u00f3mo se pone en marcha el tren, con sonidos reales animados de las v\u00edas que captar\u00e1n la atenci\u00f3n de los ni\u00f1os.<br \/>\n&#8211; Juguetes que estimulan la imaginaci\u00f3n\uff1aEste juego de trenes fomenta el desarrollo de la creatividad, la imaginaci\u00f3n y la coordinaci\u00f3n de los ni\u00f1os. Ayuda a desarrollar habilidades como el pensamiento l\u00f3gico, la resoluci\u00f3n de problemas, la coordinaci\u00f3n mano-ojo y la motricidad fina.<br \/>\n&#8211; Momentos de uni\u00f3n entre padres e hijos\uff1aUna forma estupenda de pasar tiempo juntos: padres e hijos pueden construir y jugar juntos, fortaleciendo los lazos familiares. Tambi\u00e9n es un regalo perfecto para cumplea\u00f1os o Navidad, adecuado tanto para ni\u00f1os como para ni\u00f1as.<\/p>\n","protected":false},"excerpt":{"rendered":"<p>Wdmiya Ferrocarril el\u00e9ctrico para ni\u00f1os 3 4 5 6 7 8 a\u00f1os, sistema de carril flexible con 66 piezas, veh\u00edculos de construcci\u00f3n y nave espacial, juego de carreras creativo para ni\u00f1os y ni\u00f1as (66<br \/>#Publicidad<\/p>\n","protected":false},"featured_media":3207,"comment_status":"open","ping_status":"closed","template":"","meta":[],"product_cat":[15],"product_tag":[],"class_list":{"0":"post-3208","1":"product","2":"type-product","3":"status-publish","4":"has-post-thumbnail","6":"product_cat-sin-categorizar","8":"first","9":"instock","10":"shipping-taxable","11":"product-type-external"},"_links":{"self":[{"href":"https:\/\/viajesymas.com.es\/index.php\/wp-json\/wp\/v2\/product\/3208","targetHints":{"allow":["GET"]}}],"collection":[{"href":"https:\/\/viajesymas.com.es\/index.php\/wp-json\/wp\/v2\/product"}],"about":[{"href":"https:\/\/viajesymas.com.es\/index.php\/wp-json\/wp\/v2\/types\/product"}],"replies":[{"embeddable":true,"href":"https:\/\/viajesymas.com.es\/index.php\/wp-json\/wp\/v2\/comments?post=3208"}],"wp:featuredmedia":[{"embeddable":true,"href":"https:\/\/viajesymas.com.es\/index.php\/wp-json\/wp\/v2\/media\/3207"}],"wp:attachment":[{"href":"https:\/\/viajesymas.com.es\/index.php\/wp-json\/wp\/v2\/media?parent=3208"}],"wp:term":[{"taxonomy":"product_cat","embeddable":true,"href":"https:\/\/viajesymas.com.es\/index.php\/wp-json\/wp\/v2\/product_cat?post=3208"},{"taxonomy":"product_tag","embeddable":true,"href":"https:\/\/viajesymas.com.es\/index.php\/wp-json\/wp\/v2\/product_tag?post=3208"}],"curies":[{"name":"wp","href":"https:\/\/api.w.org\/{rel}","templated":true}]}}