{"id":3206,"date":"2026-04-09T12:37:08","date_gmt":"2026-04-09T12:37:08","guid":{"rendered":"https:\/\/viajesymas.com.es\/index.php\/producto\/b0fwc17spw_es\/"},"modified":"2026-04-09T12:37:08","modified_gmt":"2026-04-09T12:37:08","slug":"b0fwc17spw_es","status":"publish","type":"product","link":"https:\/\/viajesymas.com.es\/index.php\/producto\/b0fwc17spw_es\/","title":{"rendered":"B0FWC17SPW_ES"},"content":{"rendered":"<p>&#8211; C\u00f3modas y c\u00e1lidas: confeccionadas con tejido de franela de primera calidad, estas zapatillas para casa ofrecen un tacto suave y agradable para la piel, adem\u00e1s de proporcionar una calidez duradera. Gracias a su excelente transpirabilidad, son adecuadas para llevarlas en primavera, oto\u00f1o e invierno, tanto en interiores como en exteriores.<br \/>\n&#8211; Suela antideslizante para mayor seguridad: la suela cuenta con un patr\u00f3n antideslizante cuidadosamente dise\u00f1ado con un fuerte agarre, que se adapta eficazmente a superficies lisas como baldosas y suelos de madera. Tanto si te mueves por el interior como si sales brevemente al exterior, garantiza un paso firme y un movimiento seguro.<br \/>\n&#8211; Dise\u00f1o elegante, practicidad vers\u00e1til: el dise\u00f1o sencillo y abierto en la puntera, en colores lisos (blanco\/marr\u00f3n), complementa sin esfuerzo diversos estilos de hogar y atuendos cotidianos. Su silueta ligera y favorecedora equilibra el atractivo de la moda con la funcionalidad cotidiana.<br \/>\n&#8211; Ajuste contorneado, ligereza y suavidad: la puntera espaciosa se adapta a diferentes formas de pie, mientras que el tejido el\u00e1stico se amolda c\u00f3modamente a los pies. Los materiales ligeros reducen la fatiga al caminar, garantizando la comodidad incluso durante un uso prolongado.<br \/>\n&#8211; Artesan\u00eda superior, comodidad duradera: las costuras meticulosas refuerzan los bordes para evitar que se deshilachen, mientras que la suela resistente prolonga la vida \u00fatil. Disponible en tres tama\u00f1os para adaptarse a diferentes formas de pie, lo que lo convierte en una excelente opci\u00f3n para regalar.<\/p>\n","protected":false},"excerpt":{"rendered":"<p>Wdmiya Zapatillas Casa para Mujer, C\u00f3modas Zapatillas de Interior, Pantuflas Mujer de Felpa con Puntera Abierta, C\u00f3modas y Antideslizantes para Interiores y Exteriores,Blanco,40\/41<br \/>#Publicidad<\/p>\n","protected":false},"featured_media":3205,"comment_status":"open","ping_status":"closed","template":"","meta":[],"product_cat":[15],"product_tag":[],"class_list":{"0":"post-3206","1":"product","2":"type-product","3":"status-publish","4":"has-post-thumbnail","6":"product_cat-sin-categorizar","8":"first","9":"instock","10":"shipping-taxable","11":"product-type-external"},"_links":{"self":[{"href":"https:\/\/viajesymas.com.es\/index.php\/wp-json\/wp\/v2\/product\/3206","targetHints":{"allow":["GET"]}}],"collection":[{"href":"https:\/\/viajesymas.com.es\/index.php\/wp-json\/wp\/v2\/product"}],"about":[{"href":"https:\/\/viajesymas.com.es\/index.php\/wp-json\/wp\/v2\/types\/product"}],"replies":[{"embeddable":true,"href":"https:\/\/viajesymas.com.es\/index.php\/wp-json\/wp\/v2\/comments?post=3206"}],"wp:featuredmedia":[{"embeddable":true,"href":"https:\/\/viajesymas.com.es\/index.php\/wp-json\/wp\/v2\/media\/3205"}],"wp:attachment":[{"href":"https:\/\/viajesymas.com.es\/index.php\/wp-json\/wp\/v2\/media?parent=3206"}],"wp:term":[{"taxonomy":"product_cat","embeddable":true,"href":"https:\/\/viajesymas.com.es\/index.php\/wp-json\/wp\/v2\/product_cat?post=3206"},{"taxonomy":"product_tag","embeddable":true,"href":"https:\/\/viajesymas.com.es\/index.php\/wp-json\/wp\/v2\/product_tag?post=3206"}],"curies":[{"name":"wp","href":"https:\/\/api.w.org\/{rel}","templated":true}]}}