{"id":3202,"date":"2026-04-09T09:26:10","date_gmt":"2026-04-09T09:26:10","guid":{"rendered":"https:\/\/viajesymas.com.es\/index.php\/producto\/b0gt44g5vk_es\/"},"modified":"2026-04-09T09:26:10","modified_gmt":"2026-04-09T09:26:10","slug":"b0gt44g5vk_es","status":"publish","type":"product","link":"https:\/\/viajesymas.com.es\/index.php\/producto\/b0gt44g5vk_es\/","title":{"rendered":"B0GT44G5VK_ES"},"content":{"rendered":"<p>&#8211; Nuestro set incluye 4 protectores bucales anti-rechinar y 1 estuche de almacenamiento, que proporcionan una protecci\u00f3n bucal b\u00e1sica durante el sue\u00f1o nocturno para ayudar a aliviar las molestias causadas por el rechinar de dientes.<br \/>\n&#8211; Fabricados con materiales de primera calidad y con dos opciones de tama\u00f1o, estos protectores bucales se pueden ablandar en agua caliente para adaptarlos a diferentes estructuras dentales, lo que garantiza una mayor comodidad.<br \/>\n&#8211; Su uso ayuda a reducir el desgaste dental causado por el rechinar, contribuye a disminuir la presi\u00f3n mandibular y mejora la calidad general del sue\u00f1o.<br \/>\n&#8211; Para utilizarlos, sumerja el protector bucal en agua tibia para ablandarlo. Despu\u00e9s de sacarlo, muerda suavemente y presione ligeramente durante unos segundos para fijarlo en su sitio. Enjuague con agua a diario y gu\u00e1rdelo en el estuche incluido.<br \/>\n&#8211; Ideal para dormir por la noche y para la protecci\u00f3n deportiva, ofrece una soluci\u00f3n c\u00f3moda para los usuarios con h\u00e1bitos de rechinar los dientes o que necesitan protecci\u00f3n dental.<\/p>\n","protected":false},"excerpt":{"rendered":"<p>4 Piezas F\u00e9rulas Descarga Bruxismo,F\u00e9rula Dental Transparente para Dormir,Prevenir el Bruxismo, Dispositivos Anti Ronquidos para Detener Los Ronquidos, Reduce Ronquido, Unisex Adultos,Blau<br \/>#Publicidad<\/p>\n","protected":false},"featured_media":3201,"comment_status":"open","ping_status":"closed","template":"","meta":[],"product_cat":[15],"product_tag":[],"class_list":{"0":"post-3202","1":"product","2":"type-product","3":"status-publish","4":"has-post-thumbnail","6":"product_cat-sin-categorizar","8":"first","9":"instock","10":"shipping-taxable","11":"product-type-external"},"_links":{"self":[{"href":"https:\/\/viajesymas.com.es\/index.php\/wp-json\/wp\/v2\/product\/3202","targetHints":{"allow":["GET"]}}],"collection":[{"href":"https:\/\/viajesymas.com.es\/index.php\/wp-json\/wp\/v2\/product"}],"about":[{"href":"https:\/\/viajesymas.com.es\/index.php\/wp-json\/wp\/v2\/types\/product"}],"replies":[{"embeddable":true,"href":"https:\/\/viajesymas.com.es\/index.php\/wp-json\/wp\/v2\/comments?post=3202"}],"wp:featuredmedia":[{"embeddable":true,"href":"https:\/\/viajesymas.com.es\/index.php\/wp-json\/wp\/v2\/media\/3201"}],"wp:attachment":[{"href":"https:\/\/viajesymas.com.es\/index.php\/wp-json\/wp\/v2\/media?parent=3202"}],"wp:term":[{"taxonomy":"product_cat","embeddable":true,"href":"https:\/\/viajesymas.com.es\/index.php\/wp-json\/wp\/v2\/product_cat?post=3202"},{"taxonomy":"product_tag","embeddable":true,"href":"https:\/\/viajesymas.com.es\/index.php\/wp-json\/wp\/v2\/product_tag?post=3202"}],"curies":[{"name":"wp","href":"https:\/\/api.w.org\/{rel}","templated":true}]}}