{"id":3198,"date":"2026-04-08T13:08:31","date_gmt":"2026-04-08T13:08:31","guid":{"rendered":"https:\/\/viajesymas.com.es\/index.php\/producto\/b0gk5nby54_es\/"},"modified":"2026-04-08T13:08:31","modified_gmt":"2026-04-08T13:08:31","slug":"b0gk5nby54_es","status":"publish","type":"product","link":"https:\/\/viajesymas.com.es\/index.php\/producto\/b0gk5nby54_es\/","title":{"rendered":"B0GK5NBY54_ES"},"content":{"rendered":"<p>&#8211; Este juego de entrenadores mandibulares est\u00e1 disponible en tres colores y ayuda a tonificar los m\u00fasculos faciales mediante ejercicios diarios, ideal para usuarios que buscan un contorno facial m\u00e1s firme.<br \/>\n&#8211; Fabricado con materiales de primera calidad que se adaptan c\u00f3modamente a la boca, ofrece tres niveles de intensidad ajustables para una progresi\u00f3n gradual desde el entrenamiento para principiantes hasta el avanzado.<br \/>\n&#8211; Su uso regular ayuda a fortalecer los m\u00fasculos de la mand\u00edbula, proporcionando un m\u00e9todo de ejercicio auxiliar para mejorar la definici\u00f3n y la firmeza facial.<br \/>\n&#8211; Despu\u00e9s de limpiarlo, coloque el entrenador entre los dientes superiores e inferiores, muerda suavemente y mantenga la posici\u00f3n. Repita varias veces al d\u00eda. Enjuague y seque al aire despu\u00e9s de cada uso.<br \/>\n&#8211; Ideal para usar en casa, en las pausas en la oficina o en los viajes, este kit ayuda a realizar ejercicios faciales diarios para aquellos que buscan mejorar la definici\u00f3n de la l\u00ednea de la mand\u00edbula.<\/p>\n","protected":false},"excerpt":{"rendered":"<p>Tpubmity 3 Piezas Entrenador De Mand\u00edbula,Jaw Exerciser Gu\u00eda de Entrenamiento, Silicona Mandibula Ejercicio para Mujeres y Hombres, Rosa<br \/>#Publicidad<\/p>\n","protected":false},"featured_media":3197,"comment_status":"open","ping_status":"closed","template":"","meta":[],"product_cat":[15],"product_tag":[],"class_list":{"0":"post-3198","1":"product","2":"type-product","3":"status-publish","4":"has-post-thumbnail","6":"product_cat-sin-categorizar","8":"first","9":"instock","10":"shipping-taxable","11":"product-type-external"},"_links":{"self":[{"href":"https:\/\/viajesymas.com.es\/index.php\/wp-json\/wp\/v2\/product\/3198","targetHints":{"allow":["GET"]}}],"collection":[{"href":"https:\/\/viajesymas.com.es\/index.php\/wp-json\/wp\/v2\/product"}],"about":[{"href":"https:\/\/viajesymas.com.es\/index.php\/wp-json\/wp\/v2\/types\/product"}],"replies":[{"embeddable":true,"href":"https:\/\/viajesymas.com.es\/index.php\/wp-json\/wp\/v2\/comments?post=3198"}],"wp:featuredmedia":[{"embeddable":true,"href":"https:\/\/viajesymas.com.es\/index.php\/wp-json\/wp\/v2\/media\/3197"}],"wp:attachment":[{"href":"https:\/\/viajesymas.com.es\/index.php\/wp-json\/wp\/v2\/media?parent=3198"}],"wp:term":[{"taxonomy":"product_cat","embeddable":true,"href":"https:\/\/viajesymas.com.es\/index.php\/wp-json\/wp\/v2\/product_cat?post=3198"},{"taxonomy":"product_tag","embeddable":true,"href":"https:\/\/viajesymas.com.es\/index.php\/wp-json\/wp\/v2\/product_tag?post=3198"}],"curies":[{"name":"wp","href":"https:\/\/api.w.org\/{rel}","templated":true}]}}