{"id":3188,"date":"2026-04-07T11:43:47","date_gmt":"2026-04-07T11:43:47","guid":{"rendered":"https:\/\/viajesymas.com.es\/index.php\/producto\/b0bv6w2lkv_es\/"},"modified":"2026-04-07T11:43:47","modified_gmt":"2026-04-07T11:43:47","slug":"b0bv6w2lkv_es","status":"publish","type":"product","link":"https:\/\/viajesymas.com.es\/index.php\/producto\/b0bv6w2lkv_es\/","title":{"rendered":"B0BV6W2LKV_ES"},"content":{"rendered":"<p>&#8211; \u2714MATERIAL: Bikinis mujer est\u00e1n hechos de 80% poli\u00e9ster + 20% elastano de alta calidad, que es el\u00e1stico, suave y c\u00f3modo para nadar;<br \/>\n&#8211; \u2714BIKINI PUSH UP: Bikinis mujer push up braga alta con un dise\u00f1o de cintura alta, muy el\u00e1stico y puede hacerte lucir hermosa y sexy.<br \/>\n&#8211; \u2714FONDO: Bikini de cintura alta con un fino patchwork de volantes en los laterales que mostrar\u00e1 tu cintura perfecta a la vez que oculta cualquier imperfecci\u00f3n que no te guste mostrar;<br \/>\n&#8211; \u2714M\u00daLTIPLES OCASIONES: Perfecto conjunto de bikini de 2 piezas sexy es ideal para playas de verano, piscinas, spas, sol\u00e1riums, fiestas, vacaciones tropicales y mucho m\u00e1s.<br \/>\n&#8211; \u2714NOTA: Los ba\u00f1adores tienden a mancharse con otras prendas cuando est\u00e1n mojados, por lo que se recomienda lavar los bikini de distintos colores por separado. Se recomienda lavar a mano.<\/p>\n","protected":false},"excerpt":{"rendered":"<p>JFAN Conjuntos De Bikinis para Mujer Cuello V Profundo Traje De Ba\u00f1o 2 Piezas Push Up<br \/>#Publicidad<\/p>\n","protected":false},"featured_media":3187,"comment_status":"open","ping_status":"closed","template":"","meta":[],"product_cat":[15],"product_tag":[],"class_list":{"0":"post-3188","1":"product","2":"type-product","3":"status-publish","4":"has-post-thumbnail","6":"product_cat-sin-categorizar","8":"first","9":"instock","10":"shipping-taxable","11":"product-type-external"},"_links":{"self":[{"href":"https:\/\/viajesymas.com.es\/index.php\/wp-json\/wp\/v2\/product\/3188","targetHints":{"allow":["GET"]}}],"collection":[{"href":"https:\/\/viajesymas.com.es\/index.php\/wp-json\/wp\/v2\/product"}],"about":[{"href":"https:\/\/viajesymas.com.es\/index.php\/wp-json\/wp\/v2\/types\/product"}],"replies":[{"embeddable":true,"href":"https:\/\/viajesymas.com.es\/index.php\/wp-json\/wp\/v2\/comments?post=3188"}],"wp:featuredmedia":[{"embeddable":true,"href":"https:\/\/viajesymas.com.es\/index.php\/wp-json\/wp\/v2\/media\/3187"}],"wp:attachment":[{"href":"https:\/\/viajesymas.com.es\/index.php\/wp-json\/wp\/v2\/media?parent=3188"}],"wp:term":[{"taxonomy":"product_cat","embeddable":true,"href":"https:\/\/viajesymas.com.es\/index.php\/wp-json\/wp\/v2\/product_cat?post=3188"},{"taxonomy":"product_tag","embeddable":true,"href":"https:\/\/viajesymas.com.es\/index.php\/wp-json\/wp\/v2\/product_tag?post=3188"}],"curies":[{"name":"wp","href":"https:\/\/api.w.org\/{rel}","templated":true}]}}