{"id":318,"date":"2025-01-06T00:00:44","date_gmt":"2025-01-06T00:00:44","guid":{"rendered":"https:\/\/viajesymas.com.es\/index.php\/producto\/b00eci3j5o\/"},"modified":"2025-01-06T00:00:44","modified_gmt":"2025-01-06T00:00:44","slug":"b00eci3j5o","status":"publish","type":"product","link":"https:\/\/viajesymas.com.es\/index.php\/producto\/b00eci3j5o\/","title":{"rendered":"B00ECI3J5O"},"content":{"rendered":"<p>&#8211; El dise\u00f1o simple y elegante viene en m\u00faltiples opciones de color y tama\u00f1o, es funcional y adecuado para cualquier habitaci\u00f3n<br \/>\n&#8211; Material Tubos de PVC y madera compuesta compatibles con CARB<br \/>\n&#8211; Resistente en superficie plana F\u00e1cil sin problemas sin herramientas Montaje de 5 minutos, incluso un ni\u00f1o puede lograr<br \/>\n&#8211; Se adapta a tu espacio y se ajusta a tu presupuesto<\/p>\n","protected":false},"excerpt":{"rendered":"<p>Furinno Zapatero Cereza ligera y negro<br \/>\n<br \/>\n#Publicidad<\/p>\n","protected":false},"featured_media":317,"comment_status":"open","ping_status":"closed","template":"","meta":[],"product_cat":[15],"product_tag":[],"class_list":{"0":"post-318","1":"product","2":"type-product","3":"status-publish","4":"has-post-thumbnail","6":"product_cat-sin-categorizar","8":"first","9":"instock","10":"shipping-taxable","11":"product-type-external"},"_links":{"self":[{"href":"https:\/\/viajesymas.com.es\/index.php\/wp-json\/wp\/v2\/product\/318","targetHints":{"allow":["GET"]}}],"collection":[{"href":"https:\/\/viajesymas.com.es\/index.php\/wp-json\/wp\/v2\/product"}],"about":[{"href":"https:\/\/viajesymas.com.es\/index.php\/wp-json\/wp\/v2\/types\/product"}],"replies":[{"embeddable":true,"href":"https:\/\/viajesymas.com.es\/index.php\/wp-json\/wp\/v2\/comments?post=318"}],"wp:featuredmedia":[{"embeddable":true,"href":"https:\/\/viajesymas.com.es\/index.php\/wp-json\/wp\/v2\/media\/317"}],"wp:attachment":[{"href":"https:\/\/viajesymas.com.es\/index.php\/wp-json\/wp\/v2\/media?parent=318"}],"wp:term":[{"taxonomy":"product_cat","embeddable":true,"href":"https:\/\/viajesymas.com.es\/index.php\/wp-json\/wp\/v2\/product_cat?post=318"},{"taxonomy":"product_tag","embeddable":true,"href":"https:\/\/viajesymas.com.es\/index.php\/wp-json\/wp\/v2\/product_tag?post=318"}],"curies":[{"name":"wp","href":"https:\/\/api.w.org\/{rel}","templated":true}]}}