{"id":3162,"date":"2026-04-03T12:57:17","date_gmt":"2026-04-03T12:57:17","guid":{"rendered":"https:\/\/viajesymas.com.es\/index.php\/producto\/b0f3xdrznz_es\/"},"modified":"2026-04-03T12:57:17","modified_gmt":"2026-04-03T12:57:17","slug":"b0f3xdrznz_es","status":"publish","type":"product","link":"https:\/\/viajesymas.com.es\/index.php\/producto\/b0f3xdrznz_es\/","title":{"rendered":"B0F3XDRZNZ_ES"},"content":{"rendered":"<p>&#8211; \u2705\ufe0f\u3010Adi\u00f3s a los momentos inc\u00f3modos\u3011Nuestra tecnolog\u00eda avanzada de corte sin costuras con bordes l\u00e1ser elimina por completo las l\u00edneas visibles de la ropa interior, adapt\u00e1ndose perfectamente a tu figura. Ideal para leggings de yoga, faldas ajustadas, trajes profesionales y cualquier prenda ce\u00f1ida. Ultra ligero y libre de restricciones, garantiza un look invisible sin marcas, tanto durante el ejercicio f\u00edsico como en el uso diario.<br \/>\n&#8211; \u2705\ufe0f\u3010Comodidad y frescura todo el d\u00eda\u3011Fabricado con un 78% de poliamida + 22% de elastano, este calzado se siente como una \u00absegunda piel\u00bb: suave y sedoso al tacto, con cero fricci\u00f3n. La entrepierna de doble capa en algod\u00f3n 100% absorbe la humedad, permite una \u00f3ptima transpiraci\u00f3n y elimina r\u00e1pidamente el sudor, \u00a1adi\u00f3s a la sensaci\u00f3n pegajosa en verano! Dise\u00f1o hipoalerg\u00e9nico, seguro para usar durante el embarazo o despu\u00e9s del entrenamiento.<br \/>\n&#8211; \u2705\ufe0f\u3010Realza tus curvas naturales\u3011las bragas ensanchan la banda el\u00e1stica de cintura alta hasta la cintura, suave y c\u00f3moda. El tejido de alta elasticidad con corte 3D se ajusta a la curva de la cadera, dise\u00f1o antideslizante y anti-curvatura asegura que no se desplace durante el ejercicio, y la abertura de la pierna el\u00e1stica no es estrangulamiento, lo que hace que sea c\u00f3modo para las actividades sedentarias, correr y yoga.<br \/>\n&#8211; \u2705\ufe0f\u3010Suavidad que cuida tu piel\u3011Etiquetas termoselladas sin costuras reemplazan las tradicionales, eliminando rozaduras e irritaciones. Esta ropa interior no se arruga, no desti\u00f1e ni se encoge. Disponible en sets multicolor y multitalla para combinar con cualquier estilo. Cubrimos todas las tallas (XS-2XL) con ajuste anat\u00f3mico preciso, \u00a1ideal para regalar o lucir diariamente!<br \/>\n&#8211; \u2705\ufe0f\u3010Durabilidad y cuidado f\u00e1cil\u3011Tejido ultra el\u00e1stico resistente a deformaciones y pelusas. Lavable a m\u00e1quina a 30\u00b0C sin perder forma. Material de secado r\u00e1pido ideal para viajes o gimnasio: l\u00e1valo y s\u00e9calo al instante. Recomendaci\u00f3n: Verifique la talla al recibir la prenda. Ante cualquier duda, cont\u00e1ctenos sin compromiso.<\/p>\n","protected":false},"excerpt":{"rendered":"<p>Gladbecke Bragas sin Costuras Mujer Microfibra Braguitas Invisibles Talle Alto Culotte Transpirable, Morado\/Rosa\/Albaricoque, Pack de 3, XL<br \/>#Publicidad<\/p>\n","protected":false},"featured_media":3161,"comment_status":"open","ping_status":"closed","template":"","meta":[],"product_cat":[15],"product_tag":[],"class_list":{"0":"post-3162","1":"product","2":"type-product","3":"status-publish","4":"has-post-thumbnail","6":"product_cat-sin-categorizar","8":"first","9":"instock","10":"shipping-taxable","11":"product-type-external"},"_links":{"self":[{"href":"https:\/\/viajesymas.com.es\/index.php\/wp-json\/wp\/v2\/product\/3162","targetHints":{"allow":["GET"]}}],"collection":[{"href":"https:\/\/viajesymas.com.es\/index.php\/wp-json\/wp\/v2\/product"}],"about":[{"href":"https:\/\/viajesymas.com.es\/index.php\/wp-json\/wp\/v2\/types\/product"}],"replies":[{"embeddable":true,"href":"https:\/\/viajesymas.com.es\/index.php\/wp-json\/wp\/v2\/comments?post=3162"}],"wp:featuredmedia":[{"embeddable":true,"href":"https:\/\/viajesymas.com.es\/index.php\/wp-json\/wp\/v2\/media\/3161"}],"wp:attachment":[{"href":"https:\/\/viajesymas.com.es\/index.php\/wp-json\/wp\/v2\/media?parent=3162"}],"wp:term":[{"taxonomy":"product_cat","embeddable":true,"href":"https:\/\/viajesymas.com.es\/index.php\/wp-json\/wp\/v2\/product_cat?post=3162"},{"taxonomy":"product_tag","embeddable":true,"href":"https:\/\/viajesymas.com.es\/index.php\/wp-json\/wp\/v2\/product_tag?post=3162"}],"curies":[{"name":"wp","href":"https:\/\/api.w.org\/{rel}","templated":true}]}}