{"id":3158,"date":"2026-04-02T21:15:28","date_gmt":"2026-04-02T21:15:28","guid":{"rendered":"https:\/\/viajesymas.com.es\/index.php\/producto\/b0fskkgzf6_es\/"},"modified":"2026-04-02T21:15:28","modified_gmt":"2026-04-02T21:15:28","slug":"b0fskkgzf6_es","status":"publish","type":"product","link":"https:\/\/viajesymas.com.es\/index.php\/producto\/b0fskkgzf6_es\/","title":{"rendered":"B0FSKKGZF6_ES"},"content":{"rendered":"<p>&#8211; \u3010C\u00e1mara Digital 64MP 4K\u3011Esta c\u00e1mara digital de alto rendimiento incorpora un sensor CMOS avanzado que ofrece fotos ultra n\u00edtidas de 64MP y grabaciones de video 4K fluidas. Gracias a su zoom potente de 18x, puedes acercar o alejar f\u00e1cilmente con el bot\u00f3n \u201cT\/W\u201d para capturar cada detalle, ya sea tomando fotos o grabando videos. Perfecta para quienes buscan una c\u00e1mara de fotos compacta que combine fotograf\u00eda y v\u00eddeo en un solo dispositivo<br \/>\n&#8211; \u3010C\u00e1mara F\u00e1cil de Usar\u3011Dise\u00f1ada para la simplicidad, esta c\u00e1mara digital cuenta con botones intuitivos y una luz LED incorporada que ayuda a capturar im\u00e1genes de alta calidad incluso en condiciones de poca luz. La bater\u00eda recargable y el cable USB Type-C incluido permiten una carga r\u00e1pida y c\u00f3moda a trav\u00e9s de un power bank o adaptador. Ideal para estudiantes, ni\u00f1os y principiantes que desean iniciarse en la fotograf\u00eda de forma divertida y sin complicaciones<br \/>\n&#8211; \u3010C\u00e1mara Port\u00e1til Multifuncional\u3011Compacta y ligera, esta c\u00e1mara 4K cabe f\u00e1cilmente en la mano o el bolsillo e incluye una correa de mu\u00f1eca para viajes y uso al aire libre. Dispone de una pantalla IPS de 2,4 pulgadas, funci\u00f3n anti-vibraci\u00f3n, temporizador (2\/5\/10s), disparo continuo, filtros creativos, micr\u00f3fono y altavoz integrados. Dise\u00f1ada especialmente para vloggers principiantes y estudiantes, esta c\u00e1mara digital facilita la captura de fotos y v\u00eddeos en cualquier lugar<br \/>\n&#8211; \u3010C\u00e1mara Digital &amp; Webcam 2 en 1\u3011Esta c\u00e1mara de v\u00eddeo vers\u00e1til tambi\u00e9n funciona como una webcam de alta calidad. Solo tienes que conectarla a tu ordenador mediante un cable USB para disfrutar de v\u00eddeo claro y fluido durante reuniones de Zoom, transmisiones en YouTube o chats en l\u00ednea. En modo webcam, se alimenta directamente del PC, sin preocuparse por la bater\u00eda. Una c\u00e1mara ideal para la creatividad, el aprendizaje en l\u00ednea y la comunicaci\u00f3n social<br \/>\n&#8211; \u3010Regalo Ideal para Ni\u00f1os y Principiantes\u3011Esta c\u00e1mara digital para principiantes incluye todo lo necesario para empezar a hacer fotos: solo inserta una tarjeta SD y empieza a capturar momentos maravillosos. Compatible con varios idiomas, es perfecta para ni\u00f1os, adolescentes, estudiantes o creadores de vlogs. Accesible, f\u00e1cil de usar y llena de funciones divertidas, es la c\u00e1mara de fotos perfecta para regalar en cumplea\u00f1os, Navidad o cualquier ocasi\u00f3n especial<\/p>\n","protected":false},"excerpt":{"rendered":"<p>CHAKEYAKE C\u00e1mara Digital 4K, C\u00e1mara Fotogr\u00e1fica 64 MP con Autofoco, Zoom Digital 18X, Pantalla LCD de 2,4&#8243;, Tarjeta de 32 GB, Filtros, Camara Compacta para Ni\u00f1os, Adolescentes Principiantes Vlog, Rosa<br \/>#Publicidad<\/p>\n","protected":false},"featured_media":3157,"comment_status":"open","ping_status":"closed","template":"","meta":[],"product_cat":[15],"product_tag":[],"class_list":{"0":"post-3158","1":"product","2":"type-product","3":"status-publish","4":"has-post-thumbnail","6":"product_cat-sin-categorizar","8":"first","9":"instock","10":"shipping-taxable","11":"product-type-external"},"_links":{"self":[{"href":"https:\/\/viajesymas.com.es\/index.php\/wp-json\/wp\/v2\/product\/3158","targetHints":{"allow":["GET"]}}],"collection":[{"href":"https:\/\/viajesymas.com.es\/index.php\/wp-json\/wp\/v2\/product"}],"about":[{"href":"https:\/\/viajesymas.com.es\/index.php\/wp-json\/wp\/v2\/types\/product"}],"replies":[{"embeddable":true,"href":"https:\/\/viajesymas.com.es\/index.php\/wp-json\/wp\/v2\/comments?post=3158"}],"wp:featuredmedia":[{"embeddable":true,"href":"https:\/\/viajesymas.com.es\/index.php\/wp-json\/wp\/v2\/media\/3157"}],"wp:attachment":[{"href":"https:\/\/viajesymas.com.es\/index.php\/wp-json\/wp\/v2\/media?parent=3158"}],"wp:term":[{"taxonomy":"product_cat","embeddable":true,"href":"https:\/\/viajesymas.com.es\/index.php\/wp-json\/wp\/v2\/product_cat?post=3158"},{"taxonomy":"product_tag","embeddable":true,"href":"https:\/\/viajesymas.com.es\/index.php\/wp-json\/wp\/v2\/product_tag?post=3158"}],"curies":[{"name":"wp","href":"https:\/\/api.w.org\/{rel}","templated":true}]}}