{"id":3150,"date":"2026-04-01T21:41:42","date_gmt":"2026-04-01T21:41:42","guid":{"rendered":"https:\/\/viajesymas.com.es\/index.php\/producto\/b0g44wh8n3_es\/"},"modified":"2026-04-01T21:41:42","modified_gmt":"2026-04-01T21:41:42","slug":"b0g44wh8n3_es","status":"publish","type":"product","link":"https:\/\/viajesymas.com.es\/index.php\/producto\/b0g44wh8n3_es\/","title":{"rendered":"B0G44WH8N3_ES"},"content":{"rendered":"<p>&#8211; [Modelos compatibles] Compatible con MacBook Air 15 pulgadas (modelo M5 2026\/modelo M4 (A3241) 2025, modelo M3 (A3114) 2024 y modelo M2 (A2941) 2023).Verifica el modelo de tu dispositivo antes de la compra: el n\u00famero de modelo se encuentra en la parte trasera del port\u00e1til.<br \/>\n&#8211; [Protecci\u00f3n de Privacidad Visual] Este protector de pantalla ofrece un \u00e1ngulo de visi\u00f3n de 60 grados (30 grados a la izquierda y 30 grados a la derecha respectivamente).Gracias a esto, el contenido de la pantalla queda perfectamente visible de frente, mientras que es completamente oscuro por los lados.Es ideal para todas las situaciones que requieren proteger el contenido de tu pantalla, como en la oficina, el aeropuerto, el caf\u00e9 o el tren.<br \/>\n&#8211; [Protecci\u00f3n Anti Luz Azul &amp; UV] Este protector de pantalla est\u00e1 fabricado con material importado de alta calidad y filtra hasta el 92% de los rayos UV y el 95% de la luz azul.No solo protege los datos almacenados en la pantalla, sino que tambi\u00e9n reduce la fatiga ocular y cuida tus ojos.<br \/>\n&#8211; [Reducci\u00f3n de Reflejos] La capa antirreflectante del protector reduce la dispersi\u00f3n causada por las part\u00edculas superficiales y los reflejos de la luz difusa.Incluso en presencia de fuerte iluminaci\u00f3n, los reflejos se suprimen eficazmente, permiti\u00e9ndote disfrutar de una experiencia visual m\u00e1s confortable.Adem\u00e1s, el protector cuenta con un revestimiento antiara\u00f1azos que protege tu dispositivo de los rastros de desgaste diario.<br \/>\n&#8211; [Dise\u00f1o Magn\u00e9tico y Montaje Simple] Este protector de privacidad est\u00e1 equipado con un sistema de montaje magn\u00e9tico innovador.Una cinta adhesiva en el borde inferior evita el deslizamiento despu\u00e9s de la instalaci\u00f3n y simplifica considerablemente el montaje y el desmontaje.Un clip de almacenamiento espec\u00edfico est\u00e1 incluido en el empaque.Puedes retirar f\u00e1cilmente el protector en casa y reaplicarlo durante los desplazamientos.Esto garantiza una experiencia de uso segura y pr\u00e1ctica.<br \/>\n&#8211; [Contenido del Empaque &amp; Servicio al Cliente Confiable] El empaque contiene un filtro magn\u00e9tico de privacidad, un clip de almacenamiento y un pa\u00f1o de limpieza.En caso de dudas o problemas, puedes contactarnos en cualquier momento.Estamos siempre a su disposici\u00f3n para ofrecerte una soluci\u00f3n satisfactoria.<\/p>\n","protected":false},"excerpt":{"rendered":"<p>PinnWaa Magn\u00e9tico Filtro de Privacidad para MacBook Air 15.3\/15 Pulgadas (2026-2023, M5\/M4\/M3\/M2), Extra\u00edble, Anti Luz Azul, Antiesp\u00eda, Antirreflectante, Antiara\u00f1azos, Protector de Privac para 15&#8243;<br \/>#Publicidad<\/p>\n","protected":false},"featured_media":3149,"comment_status":"open","ping_status":"closed","template":"","meta":[],"product_cat":[15],"product_tag":[],"class_list":{"0":"post-3150","1":"product","2":"type-product","3":"status-publish","4":"has-post-thumbnail","6":"product_cat-sin-categorizar","8":"first","9":"instock","10":"shipping-taxable","11":"product-type-external"},"_links":{"self":[{"href":"https:\/\/viajesymas.com.es\/index.php\/wp-json\/wp\/v2\/product\/3150","targetHints":{"allow":["GET"]}}],"collection":[{"href":"https:\/\/viajesymas.com.es\/index.php\/wp-json\/wp\/v2\/product"}],"about":[{"href":"https:\/\/viajesymas.com.es\/index.php\/wp-json\/wp\/v2\/types\/product"}],"replies":[{"embeddable":true,"href":"https:\/\/viajesymas.com.es\/index.php\/wp-json\/wp\/v2\/comments?post=3150"}],"wp:featuredmedia":[{"embeddable":true,"href":"https:\/\/viajesymas.com.es\/index.php\/wp-json\/wp\/v2\/media\/3149"}],"wp:attachment":[{"href":"https:\/\/viajesymas.com.es\/index.php\/wp-json\/wp\/v2\/media?parent=3150"}],"wp:term":[{"taxonomy":"product_cat","embeddable":true,"href":"https:\/\/viajesymas.com.es\/index.php\/wp-json\/wp\/v2\/product_cat?post=3150"},{"taxonomy":"product_tag","embeddable":true,"href":"https:\/\/viajesymas.com.es\/index.php\/wp-json\/wp\/v2\/product_tag?post=3150"}],"curies":[{"name":"wp","href":"https:\/\/api.w.org\/{rel}","templated":true}]}}